{"id":24330,"date":"2019-01-24T16:43:14","date_gmt":"2019-01-24T21:43:14","guid":{"rendered":"https:\/\/petmobile.ca\/?page_id=24330"},"modified":"2021-04-07T15:15:06","modified_gmt":"2021-04-07T20:15:06","slug":"promeneurs","status":"publish","type":"page","link":"https:\/\/petmobile.ca\/fr\/promeneurs\/","title":{"rendered":"Promeneurs"},"content":{"rendered":"<p><div class=\"fusion-fullwidth fullwidth-box fusion-builder-row-1 fusion-flex-container nonhundred-percent-fullwidth non-hundred-percent-height-scrolling\" style=\"--awb-border-radius-top-left:0px;--awb-border-radius-top-right:0px;--awb-border-radius-bottom-right:0px;--awb-border-radius-bottom-left:0px;--awb-flex-wrap:wrap;\" ><div class=\"fusion-builder-row fusion-row fusion-flex-align-items-flex-start fusion-flex-content-wrap\" style=\"max-width:1216.8px;margin-left: calc(-4% \/ 2 );margin-right: calc(-4% \/ 2 );\"><div class=\"fusion-layout-column fusion_builder_column fusion-builder-column-0 fusion_builder_column_1_3 1_3 fusion-flex-column\" style=\"--awb-bg-color:#ffffff;--awb-bg-color-hover:#ffffff;--awb-bg-size:cover;--awb-box-shadow: 0px 0px ;;--awb-border-color:#00bcd4;--awb-border-style:solid;--awb-width-large:33.333333333333%;--awb-margin-top-large:40px;--awb-spacing-right-large:3.8399999999999%;--awb-margin-bottom-large:15px;--awb-spacing-left-large:5.76%;--awb-width-medium:33.333333333333%;--awb-spacing-right-medium:3.8399999999999%;--awb-spacing-left-medium:5.76%;--awb-width-small:100%;--awb-spacing-right-small:1.92%;--awb-spacing-left-small:1.92%;\"><div class=\"fusion-column-wrapper fusion-column-has-shadow fusion-flex-justify-content-center fusion-content-layout-column\"><div class=\"fusion-text fusion-text-1\"><h3 style=\"text-align: center;\">Services Petmobile<\/h3>\n<p style=\"text-align: center;\">Vos compagnons ont besoin de prendre l'air? Petmobile collabore avec des promeneurs de partout au Canada pour vous offrir un r\u00e9pertoire de marcheurs locaux ais\u00e9ment accessible. Jetez un \u0153il \u00e0 la carte ci-dessous pour savoir si Petmobile offre des services de marche dans votre secteur, puis utilisez le formulaire pour prendre rendez-vous.<\/p>\n<h3 style=\"text-align: center;\"><strong>Nous cherchons de nouveaux partenaires!<\/strong><\/h3>\n<p style=\"text-align: center;\">Petmobile continue d'\u00e9tendre activement son r\u00e9seau de promeneurs! Si vous offrez des services de marche et \u00eates int\u00e9ress\u00e9 par un partenariat avec notre marque, ou si vous d\u00e9sirez simplement obtenir plus de renseignements concernant nos franchise, partenariat et services, veuillez nous envoyer un courriel \u00e0 <a href=\"mailto:service@marketech.ca\"><strong><span style=\"color: #33cccc;\">service@marketech.ca<\/span><\/strong><\/a> ou <span style=\"color: #33cccc;\"><a style=\"color: #33cccc;\" href=\"https:\/\/petmobile.ca\/fr\/offrir-un-service\/\">cliquez ici<\/a><\/span> pour acc\u00e9der \u00e0 notre formulaire d'offre de service.<\/p>\n<\/div><\/div><\/div><div class=\"fusion-layout-column fusion_builder_column fusion-builder-column-1 fusion_builder_column_2_3 2_3 fusion-flex-column\" style=\"--awb-bg-size:cover;--awb-width-large:66.666666666667%;--awb-margin-top-large:15px;--awb-spacing-right-large:2.88%;--awb-margin-bottom-large:15px;--awb-spacing-left-large:3.84%;--awb-width-medium:66.666666666667%;--awb-spacing-right-medium:2.88%;--awb-spacing-left-medium:3.84%;--awb-width-small:100%;--awb-spacing-right-small:1.92%;--awb-spacing-left-small:1.92%;\"><div class=\"fusion-column-wrapper fusion-column-has-shadow fusion-flex-justify-content-flex-start fusion-content-layout-column\"><div class=\"fusion-image-element \" style=\"--awb-caption-title-font-family:var(--h2_typography-font-family);--awb-caption-title-font-weight:var(--h2_typography-font-weight);--awb-caption-title-font-style:var(--h2_typography-font-style);--awb-caption-title-size:var(--h2_typography-font-size);--awb-caption-title-transform:var(--h2_typography-text-transform);--awb-caption-title-line-height:var(--h2_typography-line-height);--awb-caption-title-letter-spacing:var(--h2_typography-letter-spacing);\"><span class=\" fusion-imageframe imageframe-none imageframe-1 hover-type-none\"><img decoding=\"async\" width=\"1462\" height=\"853\" title=\"DOG_WALK_FR\" src=\"https:\/\/petmobile.ca\/wp-content\/uploads\/2021\/04\/DOG_WALK_FR.png\" data-orig-src=\"https:\/\/petmobile.ca\/wp-content\/uploads\/2021\/04\/DOG_WALK_FR.png\" alt class=\"lazyload img-responsive wp-image-40326\" srcset=\"data:image\/svg+xml,%3Csvg%20xmlns%3D%27http%3A%2F%2Fwww.w3.org%2F2000%2Fsvg%27%20width%3D%271462%27%20height%3D%27853%27%20viewBox%3D%270%200%201462%20853%27%3E%3Crect%20width%3D%271462%27%20height%3D%27853%27%20fill-opacity%3D%220%22%2F%3E%3C%2Fsvg%3E\" data-srcset=\"https:\/\/petmobile.ca\/wp-content\/uploads\/2021\/04\/DOG_WALK_FR-200x117.png 200w, https:\/\/petmobile.ca\/wp-content\/uploads\/2021\/04\/DOG_WALK_FR-400x233.png 400w, https:\/\/petmobile.ca\/wp-content\/uploads\/2021\/04\/DOG_WALK_FR-600x350.png 600w, https:\/\/petmobile.ca\/wp-content\/uploads\/2021\/04\/DOG_WALK_FR-800x467.png 800w, https:\/\/petmobile.ca\/wp-content\/uploads\/2021\/04\/DOG_WALK_FR-1200x700.png 1200w, https:\/\/petmobile.ca\/wp-content\/uploads\/2021\/04\/DOG_WALK_FR.png 1462w\" data-sizes=\"auto\" data-orig-sizes=\"(max-width: 320px) 100vw, 800px\" \/><\/span><\/div><\/div><\/div><div class=\"fusion-layout-column fusion_builder_column fusion-builder-column-2 fusion_builder_column_1_1 1_1 fusion-flex-column\" style=\"--awb-bg-size:cover;--awb-width-large:100%;--awb-margin-top-large:15px;--awb-spacing-right-large:1.92%;--awb-margin-bottom-large:15px;--awb-spacing-left-large:1.92%;--awb-width-medium:100%;--awb-spacing-right-medium:1.92%;--awb-spacing-left-medium:1.92%;--awb-width-small:100%;--awb-spacing-right-small:1.92%;--awb-spacing-left-small:1.92%;\"><div class=\"fusion-column-wrapper fusion-column-has-shadow fusion-flex-justify-content-flex-start fusion-content-layout-column\"><div class=\"fusion-text fusion-text-2\"><h6><\/h6>\n<h6 style=\"text-align: center;\">\u21c3 D\u00e9filez vers le bas pour le formulaire de r\u00e9servations. \u21c2<\/h6>\n<\/div><\/div><\/div><\/div><\/div><div class=\"fusion-fullwidth fullwidth-box fusion-builder-row-2 fusion-flex-container nonhundred-percent-fullwidth non-hundred-percent-height-scrolling\" style=\"--awb-border-radius-top-left:0px;--awb-border-radius-top-right:0px;--awb-border-radius-bottom-right:0px;--awb-border-radius-bottom-left:0px;--awb-flex-wrap:wrap;\" ><div class=\"fusion-builder-row fusion-row fusion-flex-align-items-flex-start fusion-flex-content-wrap\" style=\"max-width:calc( 1170px + 0px );margin-left: calc(-0px \/ 2 );margin-right: calc(-0px \/ 2 );\"><div class=\"fusion-layout-column fusion_builder_column fusion-builder-column-3 fusion_builder_column_1_1 1_1 fusion-flex-column\" style=\"--awb-bg-size:cover;--awb-width-large:100%;--awb-margin-top-large:15px;--awb-spacing-right-large:0px;--awb-margin-bottom-large:15px;--awb-spacing-left-large:0px;--awb-width-medium:100%;--awb-spacing-right-medium:0px;--awb-spacing-left-medium:0px;--awb-width-small:100%;--awb-spacing-right-small:0px;--awb-spacing-left-small:0px;\"><div class=\"fusion-column-wrapper fusion-column-has-shadow fusion-flex-justify-content-flex-start fusion-content-layout-column\"><div class=\"fusion-text fusion-text-3\"><p><strong><span style=\"text-decoration: underline;\">O\u00f9 trouver nos services :<\/span><\/strong><\/p>\n<p><span style=\"color: #ffffff;\">.<\/span><\/p>\n<\/div>\t\t\t\t\t<script type=\"text\/javascript\">\n\t\t\t\t\t\tvar map_fusion_map_69f377035b0e0;\n\t\t\t\t\t\tvar markers = [];\n\t\t\t\t\t\tvar counter = 0;\n\t\t\t\t\t\t\t\t\t\t\t\t\t\t\t\t\t\t\t\tvar fusionMapNonce = 'aea543fcc4';\n\t\t\t\t\t\t\t\t\t\t\t\tfunction fusion_run_map_fusion_map_69f377035b0e0() {\n\t\t\t\t\t\t\tjQuery ('#fusion_map_69f377035b0e0' ).fusion_maps( {\n\t\t\t\t\t\t\t\taddresses: [{\"address\":\"Scott, QC\",\"infobox_content\":\"Scott, QC\",\"marker\":\"https:\\\/\\\/petmobile.ca\\\/wp-content\\\/plugins\\\/fusion-builder\\\/images\\\/avada_map_marker.png\",\"coordinates\":false,\"cache\":true,\"latitude\":\"46.5042011\",\"longitude\":\"-71.0684699\"},{\"address\":\"Chertsey, QC\",\"infobox_content\":\"Chertsey, QC\",\"marker\":\"https:\\\/\\\/petmobile.ca\\\/wp-content\\\/plugins\\\/fusion-builder\\\/images\\\/avada_map_marker.png\",\"coordinates\":false,\"cache\":true,\"latitude\":\"46.0722169\",\"longitude\":\"-73.89166689999999\"},{\"address\":\"Acton Vale, QC\",\"infobox_content\":\"Acton Vale, QC\",\"marker\":\"https:\\\/\\\/petmobile.ca\\\/wp-content\\\/plugins\\\/fusion-builder\\\/images\\\/avada_map_marker.png\",\"coordinates\":false,\"cache\":true,\"latitude\":\"45.6470539\",\"longitude\":\"-72.5650634\"}],\n\t\t\t\t\t\t\t\tanimations: true,\n\t\t\t\t\t\t\t\tinfobox_background_color: 'rgba(71, 166, 186, 0.8)',\n\t\t\t\t\t\t\t\tinfobox_styling: 'custom',\n\t\t\t\t\t\t\t\tinfobox_text_color: '#fff',\n\t\t\t\t\t\t\t\tmap_style: 'custom',\n\t\t\t\t\t\t\t\tmap_type: 'roadmap',\n\t\t\t\t\t\t\t\tmarker_icon: 'theme',\n\t\t\t\t\t\t\t\toverlay_color: '',\n\t\t\t\t\t\t\t\toverlay_color_hsl: {\"hue\":190,\"sat\":45,\"lum\":50},\n\t\t\t\t\t\t\t\tshow_address: true,\n\t\t\t\t\t\t\t\tscale_control: true,\n\t\t\t\t\t\t\t\tscrollwheel: true,\n\t\t\t\t\t\t\t\tzoom: 5,\n\t\t\t\t\t\t\t\tzoom_control: true,\n\t\t\t\t\t\t\t} );\n\t\t\t\t\t\t}\n\n\t\t\t\t\t\tgoogle.maps.event.addDomListener(window, 'load', fusion_run_map_fusion_map_69f377035b0e0);\n\t\t\t\t\t<\/script>\n\t\t\t\t\t<div class=\"shortcode-map fusion-google-map fusion-maps-js-type\" id=\"fusion_map_69f377035b0e0\"><\/div><\/div><\/div><\/div><\/div><div class=\"fusion-fullwidth fullwidth-box fusion-builder-row-3 fusion-flex-container nonhundred-percent-fullwidth non-hundred-percent-height-scrolling\" style=\"--awb-border-radius-top-left:0px;--awb-border-radius-top-right:0px;--awb-border-radius-bottom-right:0px;--awb-border-radius-bottom-left:0px;--awb-flex-wrap:wrap;\" ><div class=\"fusion-builder-row fusion-row fusion-flex-align-items-flex-start fusion-flex-content-wrap\" style=\"max-width:calc( 1170px + 0px );margin-left: calc(-0px \/ 2 );margin-right: calc(-0px \/ 2 );\"><div class=\"fusion-layout-column fusion_builder_column fusion-builder-column-4 fusion_builder_column_1_1 1_1 fusion-flex-column\" style=\"--awb-bg-size:cover;--awb-width-large:100%;--awb-margin-top-large:15px;--awb-spacing-right-large:0px;--awb-margin-bottom-large:15px;--awb-spacing-left-large:0px;--awb-width-medium:100%;--awb-spacing-right-medium:0px;--awb-spacing-left-medium:0px;--awb-width-small:100%;--awb-spacing-right-small:0px;--awb-spacing-left-small:0px;\"><div class=\"fusion-column-wrapper fusion-column-has-shadow fusion-flex-justify-content-flex-start fusion-content-layout-column\"><div class=\"fusion-alert alert error alert-danger fusion-alert-center fusion-alert-capitalize awb-alert-native-link-color alert-dismissable awb-alert-close-boxed\" role=\"alert\"><div class=\"fusion-alert-content-wrapper\"><span class=\"alert-icon\"><i class=\"awb-icon-exclamation-triangle\" aria-hidden=\"true\"><\/i><\/span><span class=\"fusion-alert-content\"><span style=\"color: #ff0000;\">NOS FORMULAIRES DE CONTACT SONT PR\u00c9SENTEMENT HORS-SERVICE. SVP NOUS CONTACTER DIRECTEMENT \u00c0\u00a0<strong>SERVICE@MARKETECH.CA<\/strong>.<\/span><\/span><\/div><button type=\"button\" class=\"close toggle-alert\" data-dismiss=\"alert\" aria-label=\"Close\">&times;<\/button><\/div>\n<div class=\"wpcf7 no-js\" id=\"wpcf7-f40329-o1\" lang=\"en-US\" dir=\"ltr\" data-wpcf7-id=\"40329\">\n<div class=\"screen-reader-response\"><p role=\"status\" aria-live=\"polite\" aria-atomic=\"true\"><\/p> <ul><\/ul><\/div>\n<form action=\"\/fr\/wp-json\/wp\/v2\/pages\/24330#wpcf7-f40329-o1\" method=\"post\" class=\"wpcf7-form init\" aria-label=\"Contact form\" novalidate=\"novalidate\" data-status=\"init\">\n<fieldset class=\"hidden-fields-container\"><input type=\"hidden\" name=\"_wpcf7\" value=\"40329\" \/><input type=\"hidden\" name=\"_wpcf7_version\" value=\"6.1.5\" \/><input type=\"hidden\" name=\"_wpcf7_locale\" value=\"en_US\" \/><input type=\"hidden\" name=\"_wpcf7_unit_tag\" value=\"wpcf7-f40329-o1\" \/><input type=\"hidden\" name=\"_wpcf7_container_post\" value=\"0\" \/><input type=\"hidden\" name=\"_wpcf7_posted_data_hash\" value=\"\" \/><input type=\"hidden\" name=\"_wpcf7_recaptcha_response\" value=\"\" \/>\n<\/fieldset>\n<p><label> Nom (Requis)<br \/>\n<span class=\"wpcf7-form-control-wrap\" data-name=\"your-name\"><input size=\"40\" maxlength=\"400\" class=\"wpcf7-form-control wpcf7-text wpcf7-validates-as-required\" aria-required=\"true\" aria-invalid=\"false\" value=\"\" type=\"text\" name=\"your-name\" \/><\/span> <\/label>\n<\/p>\n<p><label> E-Mail<br \/>\n<span class=\"wpcf7-form-control-wrap\" data-name=\"your-email\"><input size=\"40\" maxlength=\"400\" class=\"wpcf7-form-control wpcf7-email wpcf7-text wpcf7-validates-as-email\" aria-invalid=\"false\" value=\"\" type=\"email\" name=\"your-email\" \/><\/span> <\/label>\n<\/p>\n<p><label> T\u00e9l\u00e9phone<br \/>\n<span class=\"wpcf7-form-control-wrap\" data-name=\"phone_nb\"><input size=\"40\" maxlength=\"400\" class=\"wpcf7-form-control wpcf7-tel wpcf7-text wpcf7-validates-as-tel\" aria-invalid=\"false\" value=\"\" type=\"tel\" name=\"phone_nb\" \/><\/span> <\/label>\n<\/p>\n<p><label> Votre code postal (Requis)<br \/>\n<span class=\"wpcf7-form-control-wrap\" data-name=\"postal-code\"><input size=\"40\" maxlength=\"400\" class=\"wpcf7-form-control wpcf7-text wpcf7-validates-as-required\" aria-required=\"true\" aria-invalid=\"false\" value=\"\" type=\"text\" name=\"postal-code\" \/><\/span> <\/label>\n<\/p>\n<p><label> Votre message<br \/>\n<span class=\"wpcf7-form-control-wrap\" data-name=\"your-message\"><textarea cols=\"40\" rows=\"10\" maxlength=\"2000\" class=\"wpcf7-form-control wpcf7-textarea\" aria-invalid=\"false\" name=\"your-message\"><\/textarea><\/span> <\/label>\n<\/p>\n<p><input class=\"wpcf7-form-control wpcf7-submit has-spinner\" type=\"submit\" value=\"Submit\" \/>\n<\/p><div class=\"fusion-alert alert custom alert-custom fusion-alert-center wpcf7-response-output fusion-alert-capitalize awb-alert-native-link-color alert-dismissable awb-alert-close-boxed\" style=\"--awb-border-size:1px;--awb-border-top-left-radius:0px;--awb-border-top-right-radius:0px;--awb-border-bottom-left-radius:0px;--awb-border-bottom-right-radius:0px;\" role=\"alert\"><div class=\"fusion-alert-content-wrapper\"><span class=\"fusion-alert-content\"><\/span><\/div><button type=\"button\" class=\"close toggle-alert\" data-dismiss=\"alert\" aria-label=\"Close\">&times;<\/button><\/div>\n<\/form>\n<\/div>\n<\/div><\/div><\/div><\/div><\/p>\n","protected":false},"excerpt":{"rendered":"","protected":false},"author":104,"featured_media":0,"parent":0,"menu_order":0,"comment_status":"closed","ping_status":"closed","template":"","meta":{"footnotes":""},"class_list":["post-24330","page","type-page","status-publish","hentry"],"aioseo_notices":[],"_links":{"self":[{"href":"https:\/\/petmobile.ca\/fr\/wp-json\/wp\/v2\/pages\/24330","targetHints":{"allow":["GET"]}}],"collection":[{"href":"https:\/\/petmobile.ca\/fr\/wp-json\/wp\/v2\/pages"}],"about":[{"href":"https:\/\/petmobile.ca\/fr\/wp-json\/wp\/v2\/types\/page"}],"author":[{"embeddable":true,"href":"https:\/\/petmobile.ca\/fr\/wp-json\/wp\/v2\/users\/104"}],"replies":[{"embeddable":true,"href":"https:\/\/petmobile.ca\/fr\/wp-json\/wp\/v2\/comments?post=24330"}],"version-history":[{"count":0,"href":"https:\/\/petmobile.ca\/fr\/wp-json\/wp\/v2\/pages\/24330\/revisions"}],"wp:attachment":[{"href":"https:\/\/petmobile.ca\/fr\/wp-json\/wp\/v2\/media?parent=24330"}],"curies":[{"name":"wp","href":"https:\/\/api.w.org\/{rel}","templated":true}]}}