{"id":24332,"date":"2019-01-24T16:43:40","date_gmt":"2019-01-24T21:43:40","guid":{"rendered":"https:\/\/petmobile.ca\/?page_id=24332"},"modified":"2019-02-11T16:44:16","modified_gmt":"2019-02-11T21:44:16","slug":"elevage","status":"publish","type":"page","link":"https:\/\/petmobile.ca\/fr\/elevage\/","title":{"rendered":"\u00c9levage"},"content":{"rendered":"<h1>\u00c9levage<\/h1>\n<p><strong>\u00cates-vous \u00e9leveur de chats\/chiens ? Saviez vous que vous pourriez faire partie d\u2019une grande famille ?<\/strong> Petmobile est une plateforme regroupant services et nutrition dont vous pourriez faire partie ! Pour en savoir d\u2019avantage ou bien pour faire une demande, simplement nous envoyer \u00e0 service@marketech.ca certaines informations, soit;<br \/>\n\u2022\tVotre nom,<br \/>\n\u2022\tVotre adresse courriel,<br \/>\n\u2022\tVotre r\u00e9gion,<br \/>\n\u2022\tLes races de chiens et chats, ainsi que les prix et des photos des chiens\/chats que vous \u00e9lev\u00e9s.<\/p>\n","protected":false},"excerpt":{"rendered":"<p>\u00c9levage \u00cates-vous \u00e9leveur de chats\/chiens ? Saviez vous que vous pourriez faire partie d\u2019une grande famille ? Petmobile est une<\/p>\n","protected":false},"author":104,"featured_media":0,"parent":0,"menu_order":0,"comment_status":"closed","ping_status":"closed","template":"","meta":{"footnotes":""},"class_list":["post-24332","page","type-page","status-publish","hentry"],"aioseo_notices":[],"_links":{"self":[{"href":"https:\/\/petmobile.ca\/fr\/wp-json\/wp\/v2\/pages\/24332","targetHints":{"allow":["GET"]}}],"collection":[{"href":"https:\/\/petmobile.ca\/fr\/wp-json\/wp\/v2\/pages"}],"about":[{"href":"https:\/\/petmobile.ca\/fr\/wp-json\/wp\/v2\/types\/page"}],"author":[{"embeddable":true,"href":"https:\/\/petmobile.ca\/fr\/wp-json\/wp\/v2\/users\/104"}],"replies":[{"embeddable":true,"href":"https:\/\/petmobile.ca\/fr\/wp-json\/wp\/v2\/comments?post=24332"}],"version-history":[{"count":0,"href":"https:\/\/petmobile.ca\/fr\/wp-json\/wp\/v2\/pages\/24332\/revisions"}],"wp:attachment":[{"href":"https:\/\/petmobile.ca\/fr\/wp-json\/wp\/v2\/media?parent=24332"}],"curies":[{"name":"wp","href":"https:\/\/api.w.org\/{rel}","templated":true}]}}