{"id":29334,"date":"2019-10-16T20:12:51","date_gmt":"2019-10-17T00:12:51","guid":{"rendered":"https:\/\/petmobile.ca\/?page_id=29334"},"modified":"2019-10-18T09:37:17","modified_gmt":"2019-10-18T13:37:17","slug":"merci","status":"publish","type":"page","link":"https:\/\/petmobile.ca\/fr\/devenir-distributeur\/merci\/","title":{"rendered":"Devenir un distributeur &#8211; Merci"},"content":{"rendered":"<p>Nous avons bien re\u00e7u vos informations. Nous vous contacterons sous peu pour compl\u00e9ter votre inscription.<\/p>\n<p>Merci,<\/p>\n<p>L'\u00e9quipe Petmobile<\/p>\n","protected":false},"excerpt":{"rendered":"<p>Nous avons bien re\u00e7u vos informations. Nous vous contacterons sous peu pour compl\u00e9ter votre inscription. Merci, L&rsquo;\u00e9quipe Petmobile<\/p>\n","protected":false},"author":104,"featured_media":0,"parent":28871,"menu_order":0,"comment_status":"closed","ping_status":"closed","template":"","meta":{"footnotes":""},"class_list":["post-29334","page","type-page","status-publish","hentry"],"aioseo_notices":[],"_links":{"self":[{"href":"https:\/\/petmobile.ca\/fr\/wp-json\/wp\/v2\/pages\/29334","targetHints":{"allow":["GET"]}}],"collection":[{"href":"https:\/\/petmobile.ca\/fr\/wp-json\/wp\/v2\/pages"}],"about":[{"href":"https:\/\/petmobile.ca\/fr\/wp-json\/wp\/v2\/types\/page"}],"author":[{"embeddable":true,"href":"https:\/\/petmobile.ca\/fr\/wp-json\/wp\/v2\/users\/104"}],"replies":[{"embeddable":true,"href":"https:\/\/petmobile.ca\/fr\/wp-json\/wp\/v2\/comments?post=29334"}],"version-history":[{"count":0,"href":"https:\/\/petmobile.ca\/fr\/wp-json\/wp\/v2\/pages\/29334\/revisions"}],"up":[{"embeddable":true,"href":"https:\/\/petmobile.ca\/fr\/wp-json\/wp\/v2\/pages\/28871"}],"wp:attachment":[{"href":"https:\/\/petmobile.ca\/fr\/wp-json\/wp\/v2\/media?parent=29334"}],"curies":[{"name":"wp","href":"https:\/\/api.w.org\/{rel}","templated":true}]}}