{"id":63309,"date":"2022-06-16T08:29:37","date_gmt":"2022-06-16T13:29:37","guid":{"rendered":"https:\/\/petmobile.ca\/?page_id=63309"},"modified":"2022-06-16T08:47:46","modified_gmt":"2022-06-16T13:47:46","slug":"demande-dechantillon","status":"publish","type":"page","link":"https:\/\/petmobile.ca\/fr\/demande-dechantillon\/","title":{"rendered":"Demande d\u2019\u00e9chantillon"},"content":{"rendered":"<div class=\"fusion-fullwidth fullwidth-box fusion-builder-row-1 fusion-flex-container nonhundred-percent-fullwidth non-hundred-percent-height-scrolling\" style=\"--awb-border-radius-top-left:0px;--awb-border-radius-top-right:0px;--awb-border-radius-bottom-right:0px;--awb-border-radius-bottom-left:0px;--awb-flex-wrap:wrap;\" ><div class=\"fusion-builder-row fusion-row fusion-flex-align-items-flex-start fusion-flex-content-wrap\" style=\"max-width:calc( 1170px + 0px );margin-left: calc(-0px \/ 2 );margin-right: calc(-0px \/ 2 );\"><div class=\"fusion-layout-column fusion_builder_column fusion-builder-column-0 fusion_builder_column_1_1 1_1 fusion-flex-column\" style=\"--awb-bg-size:cover;--awb-width-large:100%;--awb-margin-top-large:0px;--awb-spacing-right-large:0px;--awb-margin-bottom-large:0px;--awb-spacing-left-large:0px;--awb-width-medium:100%;--awb-spacing-right-medium:0px;--awb-spacing-left-medium:0px;--awb-width-small:100%;--awb-spacing-right-small:0px;--awb-spacing-left-small:0px;\"><div class=\"fusion-column-wrapper fusion-flex-justify-content-flex-start fusion-content-layout-column\"><div class=\"fusion-title title fusion-title-1 fusion-title-text fusion-title-size-two\" style=\"--awb-margin-bottom:15x;--awb-margin-top-small:0px;--awb-margin-right-small:0px;--awb-margin-bottom-small:20px;--awb-margin-left-small:0px;\"><div class=\"title-sep-container title-sep-container-left fusion-no-large-visibility fusion-no-medium-visibility fusion-no-small-visibility\"><div class=\"title-sep sep- sep-solid\" style=\"border-color:#e0dede;\"><\/div><\/div><span class=\"awb-title-spacer fusion-no-large-visibility fusion-no-medium-visibility fusion-no-small-visibility\"><\/span><h2 class=\"fusion-title-heading title-heading-left fusion-responsive-typography-calculated\" style=\"margin:0;--fontSize:32;line-height:1.26;\">Remplissez ce formulaire pour recevoir 1 sac \u00e9chantillon de nourriture chat ou chien GRATUITE*<\/h2><span class=\"awb-title-spacer\"><\/span><div class=\"title-sep-container title-sep-container-right\"><div class=\"title-sep sep- sep-solid\" style=\"border-color:#e0dede;\"><\/div><\/div><\/div><div class=\"fusion-text fusion-text-1\"><p>***Tous les champs requis doivent \u00eatre bien remplis afin d'acheminer votre commande.***<\/p>\n<\/div>\n<div class=\"wpcf7 no-js\" id=\"wpcf7-f63306-o1\" lang=\"fr-FR\" dir=\"ltr\" data-wpcf7-id=\"63306\">\n<div class=\"screen-reader-response\"><p role=\"status\" aria-live=\"polite\" aria-atomic=\"true\"><\/p> <ul><\/ul><\/div>\n<form action=\"\/fr\/wp-json\/wp\/v2\/pages\/63309#wpcf7-f63306-o1\" method=\"post\" class=\"wpcf7-form init\" aria-label=\"Formulaire de contact\" novalidate=\"novalidate\" data-status=\"init\">\n<fieldset class=\"hidden-fields-container\"><input type=\"hidden\" name=\"_wpcf7\" value=\"63306\" \/><input type=\"hidden\" name=\"_wpcf7_version\" value=\"6.1.5\" \/><input type=\"hidden\" name=\"_wpcf7_locale\" value=\"fr_FR\" \/><input type=\"hidden\" name=\"_wpcf7_unit_tag\" value=\"wpcf7-f63306-o1\" \/><input type=\"hidden\" name=\"_wpcf7_container_post\" value=\"0\" \/><input type=\"hidden\" name=\"_wpcf7_posted_data_hash\" value=\"\" \/><input type=\"hidden\" name=\"_wpcf7_recaptcha_response\" value=\"\" \/>\n<\/fieldset>\n<h3>Renseignements personnels\n<\/h3>\n<div class=\"fusion-fullwidth contact-sample-form\">\n\t<div class=\"fusion-builder-row fusion-row\">\n\t\t<div class=\"fusion-layout-column fusion-one-half\">\n\t\t\t<div class=\"fusion-column-wrapper\" style=\"max-width:98%;\">\n\t\t\t\t<p><label>Pr\u00e9nom (obligatoire)<br \/>\n<span class=\"wpcf7-form-control-wrap\" data-name=\"your-first-name\"><input size=\"40\" maxlength=\"400\" class=\"wpcf7-form-control wpcf7-text wpcf7-validates-as-required\" aria-required=\"true\" aria-invalid=\"false\" value=\"\" type=\"text\" name=\"your-first-name\" \/><\/span><\/label>\n\t\t\t\t<\/p>\n\t\t\t<\/div>\n\t\t<\/div>\n\t\t<div class=\"fusion-layout-column fusion-one-half\">\n\t\t\t<div class=\"fusion-column-wrapper\" style=\"max-width:98%;\">\n\t\t\t\t<p><label>Nom (obligatoire)<br \/>\n<span class=\"wpcf7-form-control-wrap\" data-name=\"your-last-name\"><input size=\"40\" maxlength=\"400\" class=\"wpcf7-form-control wpcf7-text wpcf7-validates-as-required\" aria-required=\"true\" aria-invalid=\"false\" value=\"\" type=\"text\" name=\"your-last-name\" \/><\/span><\/label>\n\t\t\t\t<\/p>\n\t\t\t<\/div>\n\t\t<\/div>\n\t\t<div class=\"fusion-layout-column fusion-one-half\">\n\t\t\t<div class=\"fusion-column-wrapper\" style=\"max-width:98%;\">\n\t\t\t\t<p><label>Courriel (obligatoire)<br \/>\n<span class=\"wpcf7-form-control-wrap\" data-name=\"email\"><input size=\"40\" maxlength=\"400\" class=\"wpcf7-form-control wpcf7-email wpcf7-validates-as-required wpcf7-text wpcf7-validates-as-email\" aria-required=\"true\" aria-invalid=\"false\" value=\"\" type=\"email\" name=\"email\" \/><\/span><\/label>\n\t\t\t\t<\/p>\n\t\t\t<\/div>\n\t\t<\/div>\n\t\t<div class=\"fusion-layout-column fusion-one-half\">\n\t\t\t<div class=\"fusion-column-wrapper\" style=\"max-width:98%;\">\n\t\t\t\t<p><label>T\u00e9l\u00e9phone (obligatoire)<br \/>\n<span class=\"wpcf7-form-control-wrap\" data-name=\"your-phone\"><input size=\"40\" maxlength=\"400\" class=\"wpcf7-form-control wpcf7-tel wpcf7-validates-as-required wpcf7-text wpcf7-validates-as-tel\" aria-required=\"true\" aria-invalid=\"false\" value=\"\" type=\"tel\" name=\"your-phone\" \/><\/span><\/label>\n\t\t\t\t<\/p>\n\t\t\t<\/div>\n\t\t<\/div>\n\t\t<div class=\"fusion-layout-column fusion-one-half\">\n\t\t\t<div class=\"fusion-column-wrapper\" style=\"max-width:98%;\">\n\t\t\t\t<p><label>Adresse (obligatoire)<br \/>\n<span class=\"wpcf7-form-control-wrap\" data-name=\"your-address\"><input size=\"40\" maxlength=\"400\" class=\"wpcf7-form-control wpcf7-text wpcf7-validates-as-required\" aria-required=\"true\" aria-invalid=\"false\" value=\"\" type=\"text\" name=\"your-address\" \/><\/span><\/label>\n\t\t\t\t<\/p>\n\t\t\t<\/div>\n\t\t<\/div>\n\t\t<div class=\"fusion-layout-column fusion-one-half\">\n\t\t\t<div class=\"fusion-column-wrapper\" style=\"max-width:98%;\">\n\t\t\t\t<p><label>Ville<br \/>\n<span class=\"wpcf7-form-control-wrap\" data-name=\"your-city\"><input size=\"40\" maxlength=\"400\" class=\"wpcf7-form-control wpcf7-text\" aria-invalid=\"false\" value=\"\" type=\"text\" name=\"your-city\" \/><\/span><\/label>\n\t\t\t\t<\/p>\n\t\t\t<\/div>\n\t\t<\/div>\n\t\t<div class=\"fusion-layout-column fusion-one-half\">\n\t\t\t<div class=\"fusion-column-wrapper\" style=\"max-width:98%;\">\n\t\t\t\t<p><label>Province (obligatoire)<br \/>\n<span class=\"wpcf7-form-control-wrap\" data-name=\"province\"><select class=\"wpcf7-form-control wpcf7-select wpcf7-validates-as-required\" aria-required=\"true\" aria-invalid=\"false\" name=\"province\"><option value=\"\">&#8212;Veuillez choisir une option&#8212;<\/option><option value=\"Alberta\">Alberta<\/option><option value=\"British Columbia\">British Columbia<\/option><option value=\"Manitoba\">Manitoba<\/option><option value=\"New Brunswick\">New Brunswick<\/option><option value=\"Newfoundland and Labrador\">Newfoundland and Labrador<\/option><option value=\"Northwest Territories\">Northwest Territories<\/option><option value=\"Nova Scotia\">Nova Scotia<\/option><option value=\"Nunavut\">Nunavut<\/option><option value=\"Ontario\">Ontario<\/option><option value=\"Prince Edward Island\">Prince Edward Island<\/option><option value=\"Quebec\">Quebec<\/option><option value=\"Saskatchewan\">Saskatchewan<\/option><option value=\"Yukon\">Yukon<\/option><\/select><\/span><\/label>\n\t\t\t\t<\/p>\n\t\t\t<\/div>\n\t\t<\/div>\n\t\t<div class=\"fusion-layout-column fusion-one-half\">\n\t\t\t<div class=\"fusion-column-wrapper\" style=\"max-width:98%;\">\n\t\t\t\t<p><label>Pays (obligatoire)<br \/>\n<span class=\"wpcf7-form-control-wrap\" data-name=\"your-country\"><input size=\"40\" maxlength=\"400\" class=\"wpcf7-form-control wpcf7-text\" readonly=\"readonly\" aria-invalid=\"false\" value=\"Canada\" type=\"text\" name=\"your-country\" \/><\/span><\/label>\n\t\t\t\t<\/p>\n\t\t\t<\/div>\n\t\t<\/div>\n\t\t<div class=\"fusion-layout-column fusion-one-half\">\n\t\t\t<div class=\"fusion-column-wrapper\" style=\"max-width:98%;\">\n\t\t\t\t<p><label>Code postal (obligatoire)<br \/>\n<span class=\"wpcf7-form-control-wrap\" data-name=\"your-postal-code\"><input size=\"40\" maxlength=\"400\" class=\"wpcf7-form-control wpcf7-text wpcf7-validates-as-required\" aria-required=\"true\" aria-invalid=\"false\" value=\"\" type=\"text\" name=\"your-postal-code\" \/><\/span><\/label>\n\t\t\t\t<\/p>\n\t\t\t<\/div>\n\t\t<\/div>\n\t\t<div class=\"fusion-layout-column fusion-one-full\" style=\"border-bottom: 1px solid #ccc;\">\n\t\t\t<div class=\"fusion-column-wrapper\" style=\"max-width:98%; padding-bottom: 10px;\">\n\t\t\t\t<p><span class=\"wpcf7-form-control-wrap\" data-name=\"acceptance-230\"><span class=\"wpcf7-form-control wpcf7-acceptance optional\"><span class=\"wpcf7-list-item\"><label><input type=\"checkbox\" name=\"acceptance-230\" value=\"1\" aria-invalid=\"false\" \/><span class=\"wpcf7-list-item-label\">Je d\u00e9sire recevoir l'infolettre de Petmobile pour conna\u00eetre les promotions, les concours et les exclusivit\u00e9s.<\/span><\/label><\/span><\/span><\/span>\n\t\t\t\t<\/p>\n\t\t\t<\/div>\n\t\t<\/div>\n\t\t<h3 style=\"margin-top: 35px\">Informations sur les animaux domestiques\n\t\t<\/h3>\n\t\t<div class=\"fusion-layout-column fusion-one-half\">\n\t\t\t<div class=\"fusion-column-wrapper\" style=\"max-width:98%;\">\n\t\t\t\t<p><label>Nom de l'animal (obligatoire)<br \/>\n<span class=\"wpcf7-form-control-wrap\" data-name=\"name-animal\"><input size=\"40\" maxlength=\"400\" class=\"wpcf7-form-control wpcf7-text wpcf7-validates-as-required\" aria-required=\"true\" aria-invalid=\"false\" value=\"\" type=\"text\" name=\"name-animal\" \/><\/span><\/label>\n\t\t\t\t<\/p>\n\t\t\t<\/div>\n\t\t<\/div>\n\t\t<div class=\"fusion-layout-column fusion-one-half\">\n\t\t\t<div class=\"fusion-column-wrapper\" style=\"max-width:98%;\">\n\t\t\t\t<p><label>Type (obligatoire)<br \/>\n<span class=\"wpcf7-form-control-wrap\" data-name=\"animal-type\"><input size=\"40\" maxlength=\"400\" class=\"wpcf7-form-control wpcf7-text wpcf7-validates-as-required\" aria-required=\"true\" aria-invalid=\"false\" value=\"\" type=\"text\" name=\"animal-type\" \/><\/span><\/label>\n\t\t\t\t<\/p>\n\t\t\t<\/div>\n\t\t<\/div>\n\t\t<div class=\"fusion-layout-column fusion-one-half\">\n\t\t\t<div class=\"fusion-column-wrapper\" style=\"max-width:98%;\">\n\t\t\t\t<p><label>Race (obligatoire)<br \/>\n<span class=\"wpcf7-form-control-wrap\" data-name=\"animal-breed\"><input size=\"40\" maxlength=\"400\" class=\"wpcf7-form-control wpcf7-text wpcf7-validates-as-required\" aria-required=\"true\" aria-invalid=\"false\" value=\"\" type=\"text\" name=\"animal-breed\" \/><\/span><\/label>\n\t\t\t\t<\/p>\n\t\t\t<\/div>\n\t\t<\/div>\n\t\t<div class=\"fusion-layout-column fusion-one-half\">\n\t\t\t<div class=\"fusion-column-wrapper\" style=\"max-width:98%;\">\n\t\t\t\t<p><label>\u00c2ge de l'animal (obligatoire)<br \/>\n<span class=\"wpcf7-form-control-wrap\" data-name=\"animal-age\"><input size=\"40\" maxlength=\"400\" class=\"wpcf7-form-control wpcf7-text wpcf7-validates-as-required\" aria-required=\"true\" aria-invalid=\"false\" value=\"\" type=\"text\" name=\"animal-age\" \/><\/span><\/label>\n\t\t\t\t<\/p>\n\t\t\t<\/div>\n\t\t<\/div>\n\t\t<div class=\"fusion-layout-column fusion-one-half\">\n\t\t\t<div class=\"fusion-column-wrapper\" style=\"max-width:98%;\">\n\t\t\t\t<p><label>Nourriture utilis\u00e9e pr\u00e9sentement (obligatoire)<br \/>\n<span class=\"wpcf7-form-control-wrap\" data-name=\"animal-food\"><input size=\"40\" maxlength=\"400\" class=\"wpcf7-form-control wpcf7-text wpcf7-validates-as-required\" aria-required=\"true\" aria-invalid=\"false\" value=\"\" type=\"text\" name=\"animal-food\" \/><\/span><\/label>\n\t\t\t\t<\/p>\n\t\t\t<\/div>\n\t\t<\/div>\n\t\t<div class=\"fusion-layout-column fusion-one-half\">\n\t\t\t<div class=\"fusion-column-wrapper\" style=\"max-width:98%;\">\n\t\t\t\t<p><label>O\u00f9 avez vous entendu parler de nous<br \/>\n<span class=\"wpcf7-form-control-wrap\" data-name=\"hear-about-us\"><input size=\"40\" maxlength=\"400\" class=\"wpcf7-form-control wpcf7-text\" aria-invalid=\"false\" value=\"\" type=\"text\" name=\"hear-about-us\" \/><\/span><\/label>\n\t\t\t\t<\/p>\n\t\t\t<\/div>\n\t\t<\/div>\n\t\t<div class=\"fusion-layout-column fusion-one-half\">\n\t\t\t<div class=\"fusion-column-wrapper\" style=\"max-width:98%;\">\n\t\t\t\t<p><label>Commentaires<br \/>\n<span class=\"wpcf7-form-control-wrap\" data-name=\"your-comment\"><textarea cols=\"40\" rows=\"10\" maxlength=\"2000\" class=\"wpcf7-form-control wpcf7-textarea\" aria-invalid=\"false\" name=\"your-comment\"><\/textarea><\/span><\/label>\n\t\t\t\t<\/p>\n\t\t\t<\/div>\n\t\t<\/div>\n\t<\/div>\n<\/div>\n<p><input class=\"wpcf7-form-control wpcf7-submit has-spinner\" type=\"submit\" value=\"Envoyer le message\" \/>\n<\/p>\n<p style=\"color:grey;line-height:1.1;\"><small><em>* Disponible au Canada et s'il ya un franchis\u00e9 participant desservant votre r\u00e9gion. Certaines restrictions s'appliquent. (nouveaux clients seulement)<\/em><\/small>\n<\/p><div class=\"fusion-alert alert custom alert-custom fusion-alert-center wpcf7-response-output fusion-alert-capitalize awb-alert-native-link-color alert-dismissable awb-alert-close-boxed\" style=\"--awb-border-size:1px;--awb-border-top-left-radius:0px;--awb-border-top-right-radius:0px;--awb-border-bottom-left-radius:0px;--awb-border-bottom-right-radius:0px;\" role=\"alert\"><div class=\"fusion-alert-content-wrapper\"><span class=\"fusion-alert-content\"><\/span><\/div><button type=\"button\" class=\"close toggle-alert\" data-dismiss=\"alert\" aria-label=\"Close\">&times;<\/button><\/div>\n<\/form>\n<\/div>\n<\/div><\/div><\/div><\/div>\n","protected":false},"excerpt":{"rendered":"","protected":false},"author":104,"featured_media":0,"parent":0,"menu_order":0,"comment_status":"closed","ping_status":"closed","template":"","meta":{"footnotes":""},"class_list":["post-63309","page","type-page","status-publish","hentry"],"aioseo_notices":[],"_links":{"self":[{"href":"https:\/\/petmobile.ca\/fr\/wp-json\/wp\/v2\/pages\/63309","targetHints":{"allow":["GET"]}}],"collection":[{"href":"https:\/\/petmobile.ca\/fr\/wp-json\/wp\/v2\/pages"}],"about":[{"href":"https:\/\/petmobile.ca\/fr\/wp-json\/wp\/v2\/types\/page"}],"author":[{"embeddable":true,"href":"https:\/\/petmobile.ca\/fr\/wp-json\/wp\/v2\/users\/104"}],"replies":[{"embeddable":true,"href":"https:\/\/petmobile.ca\/fr\/wp-json\/wp\/v2\/comments?post=63309"}],"version-history":[{"count":0,"href":"https:\/\/petmobile.ca\/fr\/wp-json\/wp\/v2\/pages\/63309\/revisions"}],"wp:attachment":[{"href":"https:\/\/petmobile.ca\/fr\/wp-json\/wp\/v2\/media?parent=63309"}],"curies":[{"name":"wp","href":"https:\/\/api.w.org\/{rel}","templated":true}]}}