{"id":64088,"date":"2022-07-27T11:03:31","date_gmt":"2022-07-27T16:03:31","guid":{"rendered":"https:\/\/petmobile.ca\/anxiete\/"},"modified":"2022-07-27T11:03:34","modified_gmt":"2022-07-27T16:03:34","slug":"anxiete","status":"publish","type":"page","link":"https:\/\/petmobile.ca\/fr\/anxiete\/","title":{"rendered":"Anxi\u00e9t\u00e9"},"content":{"rendered":"<p><div class=\"fusion-fullwidth fullwidth-box fusion-builder-row-1 fusion-flex-container nonhundred-percent-fullwidth non-hundred-percent-height-scrolling\" style=\"--awb-border-radius-top-left:0px;--awb-border-radius-top-right:0px;--awb-border-radius-bottom-right:0px;--awb-border-radius-bottom-left:0px;--awb-flex-wrap:wrap;\" ><div class=\"fusion-builder-row fusion-row fusion-flex-align-items-flex-start fusion-flex-content-wrap\" style=\"max-width:calc( 1170px + 0px );margin-left: calc(-0px \/ 2 );margin-right: calc(-0px \/ 2 );\"><div class=\"fusion-layout-column fusion_builder_column fusion-builder-column-0 fusion_builder_column_1_1 1_1 fusion-flex-column\" style=\"--awb-bg-size:cover;--awb-width-large:100%;--awb-margin-top-large:15px;--awb-spacing-right-large:0px;--awb-margin-bottom-large:15px;--awb-spacing-left-large:0px;--awb-width-medium:100%;--awb-spacing-right-medium:0px;--awb-spacing-left-medium:0px;--awb-width-small:100%;--awb-spacing-right-small:0px;--awb-spacing-left-small:0px;\"><div class=\"fusion-column-wrapper fusion-column-has-shadow fusion-flex-justify-content-flex-start fusion-content-layout-column\"><div class=\"fusion-title title fusion-title-1 fusion-title-text fusion-title-size-two\" style=\"--awb-margin-top-small:0px;--awb-margin-right-small:0px;--awb-margin-bottom-small:20px;--awb-margin-left-small:0px;\"><div class=\"title-sep-container title-sep-container-left fusion-no-large-visibility fusion-no-medium-visibility fusion-no-small-visibility\"><div class=\"title-sep sep- sep-solid\" style=\"border-color:#e0dede;\"><\/div><\/div><span class=\"awb-title-spacer fusion-no-large-visibility fusion-no-medium-visibility fusion-no-small-visibility\"><\/span><h2 class=\"fusion-title-heading title-heading-left fusion-responsive-typography-calculated\" style=\"margin:0;--fontSize:32;line-height:1.26;\">Anxi\u00e9t\u00e9<\/h2><span class=\"awb-title-spacer\"><\/span><div class=\"title-sep-container title-sep-container-right\"><div class=\"title-sep sep- sep-solid\" style=\"border-color:#e0dede;\"><\/div><\/div><\/div><div class=\"fusion-text fusion-text-1\"><p>Il est tr\u00e8s courant dans notre soci\u00e9t\u00e9 moderne de faire de l\u2019anxi\u00e9t\u00e9. C\u2019est la m\u00eame chose pour nos animaux de compagnie. Imaginez-vous de voir le matin partir votre source de nourriture sans savoir quand elle reviendra. Imaginer que vous devez prot\u00e9ger une grande maison avec plusieurs bruits suspects. C\u2019est pourquoi nous avons d\u00e9velopp\u00e9 une recette \u00e0 base d\u2019agrumes, un tranquillisant naturel pour les animaux de compagnies.<\/p>\n<\/div><\/div><\/div><\/div><\/div><div class=\"fusion-fullwidth fullwidth-box fusion-builder-row-2 fusion-flex-container nonhundred-percent-fullwidth non-hundred-percent-height-scrolling\" style=\"--awb-border-radius-top-left:0px;--awb-border-radius-top-right:0px;--awb-border-radius-bottom-right:0px;--awb-border-radius-bottom-left:0px;--awb-flex-wrap:wrap;\" ><div class=\"fusion-builder-row fusion-row fusion-flex-align-items-flex-start fusion-flex-content-wrap\" style=\"max-width:calc( 1170px + 0px );margin-left: calc(-0px \/ 2 );margin-right: calc(-0px \/ 2 );\"><div class=\"fusion-layout-column fusion_builder_column fusion-builder-column-1 fusion_builder_column_1_1 1_1 fusion-flex-column\" style=\"--awb-bg-size:cover;--awb-width-large:100%;--awb-margin-top-large:15px;--awb-spacing-right-large:0px;--awb-margin-bottom-large:15px;--awb-spacing-left-large:0px;--awb-width-medium:100%;--awb-spacing-right-medium:0px;--awb-spacing-left-medium:0px;--awb-width-small:100%;--awb-spacing-right-small:0px;--awb-spacing-left-small:0px;\"><div class=\"fusion-column-wrapper fusion-column-has-shadow fusion-flex-justify-content-flex-start fusion-content-layout-column\"><div class=\"woocommerce columns-3 \"><ul class=\"products clearfix products-3\">\n<li class=\"has-subscription-plans product type-product post-23880 status-publish first instock product_cat-nourriture-et-produits-pour-chien product_cat-chien-avec-allergies product_cat-chiens-insecure product_cat-chien-nourriture product_cat-chien-nourriture-seche product_tag-amibouff has-post-thumbnail featured taxable shipping-taxable purchasable product-type-variable product-grid-view\">\n\t<div class=\"fusion-product-wrapper\">\n\n<div class=\"fusion-clean-product-image-wrapper \">\n\t<div  class=\"fusion-image-wrapper fusion-image-size-fixed\" aria-haspopup=\"true\">\n\t\t\t\t<img decoding=\"async\" width=\"500\" height=\"500\" src=\"https:\/\/petmobile.ca\/wp-content\/uploads\/2025\/12\/amibouff_dog_dry-food_supreme-canine_ADCS-500x500.jpg\" class=\"attachment-woocommerce_thumbnail size-woocommerce_thumbnail lazyload wp-post-image\" alt=\"\" srcset=\"data:image\/svg+xml,%3Csvg%20xmlns%3D%27http%3A%2F%2Fwww.w3.org%2F2000%2Fsvg%27%20width%3D%271201%27%20height%3D%271200%27%20viewBox%3D%270%200%201201%201200%27%3E%3Crect%20width%3D%271201%27%20height%3D%271200%27%20fill-opacity%3D%220%22%2F%3E%3C%2Fsvg%3E\" data-orig-src=\"https:\/\/petmobile.ca\/wp-content\/uploads\/2025\/12\/amibouff_dog_dry-food_supreme-canine_ADCS-500x500.jpg\" data-srcset=\"https:\/\/petmobile.ca\/wp-content\/uploads\/2025\/12\/amibouff_dog_dry-food_supreme-canine_ADCS-66x66.jpg 66w, https:\/\/petmobile.ca\/wp-content\/uploads\/2025\/12\/amibouff_dog_dry-food_supreme-canine_ADCS-100x100.jpg 100w, https:\/\/petmobile.ca\/wp-content\/uploads\/2025\/12\/amibouff_dog_dry-food_supreme-canine_ADCS-150x150.jpg 150w, https:\/\/petmobile.ca\/wp-content\/uploads\/2025\/12\/amibouff_dog_dry-food_supreme-canine_ADCS-200x200.jpg 200w, https:\/\/petmobile.ca\/wp-content\/uploads\/2025\/12\/amibouff_dog_dry-food_supreme-canine_ADCS-300x300.jpg 300w, https:\/\/petmobile.ca\/wp-content\/uploads\/2025\/12\/amibouff_dog_dry-food_supreme-canine_ADCS-400x400.jpg 400w, https:\/\/petmobile.ca\/wp-content\/uploads\/2025\/12\/amibouff_dog_dry-food_supreme-canine_ADCS-500x500.jpg 500w, https:\/\/petmobile.ca\/wp-content\/uploads\/2025\/12\/amibouff_dog_dry-food_supreme-canine_ADCS-600x600.jpg 600w, https:\/\/petmobile.ca\/wp-content\/uploads\/2025\/12\/amibouff_dog_dry-food_supreme-canine_ADCS-700x699.jpg 700w, https:\/\/petmobile.ca\/wp-content\/uploads\/2025\/12\/amibouff_dog_dry-food_supreme-canine_ADCS-768x767.jpg 768w, https:\/\/petmobile.ca\/wp-content\/uploads\/2025\/12\/amibouff_dog_dry-food_supreme-canine_ADCS-800x799.jpg 800w, https:\/\/petmobile.ca\/wp-content\/uploads\/2025\/12\/amibouff_dog_dry-food_supreme-canine_ADCS-1024x1024.jpg 1024w, https:\/\/petmobile.ca\/wp-content\/uploads\/2025\/12\/amibouff_dog_dry-food_supreme-canine_ADCS.jpg 1201w\" data-sizes=\"auto\" \/><div class=\"fusion-rollover\">\n\t<div class=\"fusion-rollover-content\">\n\n\t\t\t\t\n\t\t\n\t\t\t\t\t\t\t\t\n\t\t\t\t\t\t\t\t\n\t\t\n\t\t\t\t\t\t\t\t\t\t\t\t<div class=\"star-rating\" role=\"img\" aria-label=\"Note 5.00 sur 5\"><span style=\"width:100%\">Note <strong class=\"rating\">5.00<\/strong> sur 5<\/span><\/div>\t\t\t\n\t\t\t\t\t\t\n\t\t\t\t\t\t\t\t\t\t<div class=\"fusion-product-buttons\">\n\t\t\t\t\t<a href=\"https:\/\/petmobile.ca\/fr\/produit\/amibouff-canin-supreme\/\" aria-describedby=\"woocommerce_loop_add_to_cart_link_describedby_23880\" data-quantity=\"1\" class=\"button product_type_variable add_to_cart_button\" data-product_id=\"23880\" data-product_sku=\"ADCS\" aria-label=\"S\u00e9lectionner les options pour &ldquo;Amibouff  Canin Supr\u00eame&rdquo;\" rel=\"nofollow\">Choix des options<\/a>\t<span id=\"woocommerce_loop_add_to_cart_link_describedby_23880\" class=\"screen-reader-text\">\n\t\tCe produit a plusieurs variations. Les options peuvent \u00eatre choisies sur la page du produit\t<\/span>\n<span class=\"fusion-rollover-linebreak\">\n\t\/<\/span>\n<!--  \n<a href=\"https:\/\/petmobile.ca\/fr\/produit\/amibouff-canin-supreme\/\" class=\"show_details_button\">D\u00e9tails<\/a>-->\n\n<a href=\"https:\/\/petmobile.ca\/fr\/produit\/amibouff-canin-supreme\/\" class=\"show_details_button\">\n<i class=\"fas fa-search\"><\/i>\n<\/a>\t\t\t\t<\/div>\n\t\t\t\t\t\t\t\t\t<a class=\"fusion-link-wrapper\" href=\"https:\/\/petmobile.ca\/fr\/produit\/amibouff-canin-supreme\/\" aria-label=\"Amibouff  Canin Supr\u00eame\"><\/a>\n\t<\/div>\n<\/div>\n<\/div>\n<\/div>\n<div class=\"fusion-product-content\">\n\t<div class=\"product-details\">\n\t\t<div class=\"product-details-container\">\n<h3 class=\"product-title\">\n\t<a href=\"https:\/\/petmobile.ca\/fr\/produit\/amibouff-canin-supreme\/\">\n\t\tAmibouff  Canin Supr\u00eame\t<\/a>\n<\/h3>\n<div class=\"fusion-price-rating\">\n\n\t<span class=\"price\"><span class=\"woocommerce-Price-amount amount\" aria-hidden=\"true\"><bdi>27.99<span class=\"woocommerce-Price-currencySymbol\">&#36;<\/span><\/bdi><\/span> <span aria-hidden=\"true\">\u00a0\u2013\u00a0<\/span> <span class=\"woocommerce-Price-amount amount\" aria-hidden=\"true\"><bdi>90.99<span class=\"woocommerce-Price-currencySymbol\">&#36;<\/span><\/bdi><\/span><span class=\"screen-reader-text\">Plage de prix\u00a0: 27.99&#36; \u00e0 90.99&#36;<\/span><small class=\"wcsatt-sub-options\"> <span class=\"wcsatt-dash\">\u2014<\/span> disponible en abonnement\r\n<\/small><\/span>\n\t\t<\/div>\n\t<\/div>\n<\/div>\n\n\t<\/div> <em class=\"wcpv-sold-by-loop\">Service offert par: <a href=\"https:\/\/petmobile.ca\/fr\/produits\/\">PetMobile<\/a><\/em>\n<span class=\"gtm4wp_productdata\" style=\"display:none; visibility:hidden;\" data-gtm4wp_product_data=\"{&quot;internal_id&quot;:23880,&quot;item_id&quot;:23880,&quot;item_name&quot;:&quot;Amibouff  Canin Supr\\u00eame&quot;,&quot;sku&quot;:&quot;ADCS&quot;,&quot;price&quot;:27.99,&quot;stocklevel&quot;:null,&quot;stockstatus&quot;:&quot;instock&quot;,&quot;google_business_vertical&quot;:&quot;retail&quot;,&quot;item_category&quot;:&quot;Chiens ins\\u00e9cure&quot;,&quot;id&quot;:23880,&quot;productlink&quot;:&quot;https:\\\/\\\/petmobile.ca\\\/fr\\\/produit\\\/amibouff-canin-supreme\\\/&quot;,&quot;item_list_name&quot;:&quot;General Product List&quot;,&quot;index&quot;:1,&quot;product_type&quot;:&quot;variable&quot;,&quot;item_brand&quot;:&quot;&quot;}\"><\/span>\n\n<\/div>\n<\/li>\n<li class=\"has-subscription-plans product type-product post-23778 status-publish instock product_cat-nourriture-et-produits-pour-chien product_cat-chien-avec-allergies product_cat-chiens-insecure product_cat-chien-nourriture product_cat-chien-nourriture-seche product_tag-multi-menu has-post-thumbnail featured taxable shipping-taxable purchasable product-type-variable product-grid-view\">\n\t<div class=\"fusion-product-wrapper\">\n\n<div class=\"fusion-clean-product-image-wrapper \">\n\t<div  class=\"fusion-image-wrapper fusion-image-size-fixed\" aria-haspopup=\"true\">\n\t\t\t\t<img decoding=\"async\" width=\"500\" height=\"500\" src=\"https:\/\/petmobile.ca\/wp-content\/uploads\/2025\/12\/multimenu_dog_dry-food_unique_2516-500x500.jpg\" class=\"attachment-woocommerce_thumbnail size-woocommerce_thumbnail lazyload wp-post-image\" alt=\"\" srcset=\"data:image\/svg+xml,%3Csvg%20xmlns%3D%27http%3A%2F%2Fwww.w3.org%2F2000%2Fsvg%27%20width%3D%271201%27%20height%3D%271200%27%20viewBox%3D%270%200%201201%201200%27%3E%3Crect%20width%3D%271201%27%20height%3D%271200%27%20fill-opacity%3D%220%22%2F%3E%3C%2Fsvg%3E\" data-orig-src=\"https:\/\/petmobile.ca\/wp-content\/uploads\/2025\/12\/multimenu_dog_dry-food_unique_2516-500x500.jpg\" data-srcset=\"https:\/\/petmobile.ca\/wp-content\/uploads\/2025\/12\/multimenu_dog_dry-food_unique_2516-66x66.jpg 66w, https:\/\/petmobile.ca\/wp-content\/uploads\/2025\/12\/multimenu_dog_dry-food_unique_2516-100x100.jpg 100w, https:\/\/petmobile.ca\/wp-content\/uploads\/2025\/12\/multimenu_dog_dry-food_unique_2516-150x150.jpg 150w, https:\/\/petmobile.ca\/wp-content\/uploads\/2025\/12\/multimenu_dog_dry-food_unique_2516-200x200.jpg 200w, https:\/\/petmobile.ca\/wp-content\/uploads\/2025\/12\/multimenu_dog_dry-food_unique_2516-300x300.jpg 300w, https:\/\/petmobile.ca\/wp-content\/uploads\/2025\/12\/multimenu_dog_dry-food_unique_2516-400x400.jpg 400w, https:\/\/petmobile.ca\/wp-content\/uploads\/2025\/12\/multimenu_dog_dry-food_unique_2516-500x500.jpg 500w, https:\/\/petmobile.ca\/wp-content\/uploads\/2025\/12\/multimenu_dog_dry-food_unique_2516-600x600.jpg 600w, https:\/\/petmobile.ca\/wp-content\/uploads\/2025\/12\/multimenu_dog_dry-food_unique_2516-700x699.jpg 700w, https:\/\/petmobile.ca\/wp-content\/uploads\/2025\/12\/multimenu_dog_dry-food_unique_2516-768x767.jpg 768w, https:\/\/petmobile.ca\/wp-content\/uploads\/2025\/12\/multimenu_dog_dry-food_unique_2516-800x799.jpg 800w, https:\/\/petmobile.ca\/wp-content\/uploads\/2025\/12\/multimenu_dog_dry-food_unique_2516-1024x1024.jpg 1024w, https:\/\/petmobile.ca\/wp-content\/uploads\/2025\/12\/multimenu_dog_dry-food_unique_2516.jpg 1201w\" data-sizes=\"auto\" \/><div class=\"fusion-rollover\">\n\t<div class=\"fusion-rollover-content\">\n\n\t\t\t\t\n\t\t\n\t\t\t\t\t\t\t\t\n\t\t\t\t\t\t\t\t\n\t\t\n\t\t\t\t\t\t\t\t\t\t\t\t<div class=\"star-rating\" role=\"img\" aria-label=\"Note 5.00 sur 5\"><span style=\"width:100%\">Note <strong class=\"rating\">5.00<\/strong> sur 5<\/span><\/div>\t\t\t\n\t\t\t\t\t\t\n\t\t\t\t\t\t\t\t\t\t<div class=\"fusion-product-buttons\">\n\t\t\t\t\t<a href=\"https:\/\/petmobile.ca\/fr\/produit\/multi-menu-unique\/\" aria-describedby=\"woocommerce_loop_add_to_cart_link_describedby_23778\" data-quantity=\"1\" class=\"button product_type_variable add_to_cart_button\" data-product_id=\"23778\" data-product_sku=\"25.16\" aria-label=\"S\u00e9lectionner les options pour &ldquo;Multi Menu  Unique&rdquo;\" rel=\"nofollow\">Choix des options<\/a>\t<span id=\"woocommerce_loop_add_to_cart_link_describedby_23778\" class=\"screen-reader-text\">\n\t\tCe produit a plusieurs variations. Les options peuvent \u00eatre choisies sur la page du produit\t<\/span>\n<span class=\"fusion-rollover-linebreak\">\n\t\/<\/span>\n<!--  \n<a href=\"https:\/\/petmobile.ca\/fr\/produit\/multi-menu-unique\/\" class=\"show_details_button\">D\u00e9tails<\/a>-->\n\n<a href=\"https:\/\/petmobile.ca\/fr\/produit\/multi-menu-unique\/\" class=\"show_details_button\">\n<i class=\"fas fa-search\"><\/i>\n<\/a>\t\t\t\t<\/div>\n\t\t\t\t\t\t\t\t\t<a class=\"fusion-link-wrapper\" href=\"https:\/\/petmobile.ca\/fr\/produit\/multi-menu-unique\/\" aria-label=\"Multi Menu  Unique\"><\/a>\n\t<\/div>\n<\/div>\n<\/div>\n<\/div>\n<div class=\"fusion-product-content\">\n\t<div class=\"product-details\">\n\t\t<div class=\"product-details-container\">\n<h3 class=\"product-title\">\n\t<a href=\"https:\/\/petmobile.ca\/fr\/produit\/multi-menu-unique\/\">\n\t\tMulti Menu  Unique\t<\/a>\n<\/h3>\n<div class=\"fusion-price-rating\">\n\n\t<span class=\"price\"><span class=\"woocommerce-Price-amount amount\" aria-hidden=\"true\"><bdi>34.99<span class=\"woocommerce-Price-currencySymbol\">&#36;<\/span><\/bdi><\/span> <span aria-hidden=\"true\">\u00a0\u2013\u00a0<\/span> <span class=\"woocommerce-Price-amount amount\" aria-hidden=\"true\"><bdi>90.99<span class=\"woocommerce-Price-currencySymbol\">&#36;<\/span><\/bdi><\/span><span class=\"screen-reader-text\">Plage de prix\u00a0: 34.99&#36; \u00e0 90.99&#36;<\/span><small class=\"wcsatt-sub-options\"> <span class=\"wcsatt-dash\">\u2014<\/span> disponible en abonnement\r\n<\/small><\/span>\n\t\t<\/div>\n\t<\/div>\n<\/div>\n\n\t<\/div> <em class=\"wcpv-sold-by-loop\">Service offert par: <a href=\"https:\/\/petmobile.ca\/fr\/produits\/\">PetMobile<\/a><\/em>\n<span class=\"gtm4wp_productdata\" style=\"display:none; visibility:hidden;\" data-gtm4wp_product_data=\"{&quot;internal_id&quot;:23778,&quot;item_id&quot;:23778,&quot;item_name&quot;:&quot;Multi Menu  Unique&quot;,&quot;sku&quot;:&quot;25.16&quot;,&quot;price&quot;:34.99,&quot;stocklevel&quot;:null,&quot;stockstatus&quot;:&quot;instock&quot;,&quot;google_business_vertical&quot;:&quot;retail&quot;,&quot;item_category&quot;:&quot;Chiens ins\\u00e9cure&quot;,&quot;id&quot;:23778,&quot;productlink&quot;:&quot;https:\\\/\\\/petmobile.ca\\\/fr\\\/produit\\\/multi-menu-unique\\\/&quot;,&quot;item_list_name&quot;:&quot;General Product List&quot;,&quot;index&quot;:2,&quot;product_type&quot;:&quot;variable&quot;,&quot;item_brand&quot;:&quot;&quot;}\"><\/span>\n\n<\/div>\n<\/li>\n<\/ul>\n<\/div><\/div><\/div><\/div><\/div><\/p>\n","protected":false},"excerpt":{"rendered":"","protected":false},"author":104,"featured_media":0,"parent":0,"menu_order":0,"comment_status":"closed","ping_status":"closed","template":"100-width.php","meta":{"footnotes":""},"class_list":["post-64088","page","type-page","status-publish","hentry","has-subscription-plans"],"aioseo_notices":[],"_links":{"self":[{"href":"https:\/\/petmobile.ca\/fr\/wp-json\/wp\/v2\/pages\/64088","targetHints":{"allow":["GET"]}}],"collection":[{"href":"https:\/\/petmobile.ca\/fr\/wp-json\/wp\/v2\/pages"}],"about":[{"href":"https:\/\/petmobile.ca\/fr\/wp-json\/wp\/v2\/types\/page"}],"author":[{"embeddable":true,"href":"https:\/\/petmobile.ca\/fr\/wp-json\/wp\/v2\/users\/104"}],"replies":[{"embeddable":true,"href":"https:\/\/petmobile.ca\/fr\/wp-json\/wp\/v2\/comments?post=64088"}],"version-history":[{"count":0,"href":"https:\/\/petmobile.ca\/fr\/wp-json\/wp\/v2\/pages\/64088\/revisions"}],"wp:attachment":[{"href":"https:\/\/petmobile.ca\/fr\/wp-json\/wp\/v2\/media?parent=64088"}],"curies":[{"name":"wp","href":"https:\/\/api.w.org\/{rel}","templated":true}]}}