{"id":64100,"date":"2022-07-27T11:06:31","date_gmt":"2022-07-27T16:06:31","guid":{"rendered":"https:\/\/petmobile.ca\/articulation-du-chat\/"},"modified":"2026-03-19T10:23:49","modified_gmt":"2026-03-19T14:23:49","slug":"soin-urinaire-chat","status":"publish","type":"page","link":"https:\/\/petmobile.ca\/fr\/soin-urinaire-chat\/","title":{"rendered":"Soin urinaire chat"},"content":{"rendered":"<p><div class=\"fusion-fullwidth fullwidth-box fusion-builder-row-1 fusion-flex-container nonhundred-percent-fullwidth non-hundred-percent-height-scrolling\" style=\"--awb-border-radius-top-left:0px;--awb-border-radius-top-right:0px;--awb-border-radius-bottom-right:0px;--awb-border-radius-bottom-left:0px;--awb-flex-wrap:wrap;\" ><div class=\"fusion-builder-row fusion-row fusion-flex-align-items-flex-start fusion-flex-content-wrap\" style=\"max-width:1216.8px;margin-left: calc(-4% \/ 2 );margin-right: calc(-4% \/ 2 );\"><div class=\"fusion-layout-column fusion_builder_column fusion-builder-column-0 fusion_builder_column_1_1 1_1 fusion-flex-column\" style=\"--awb-bg-size:cover;--awb-width-large:100%;--awb-margin-top-large:15px;--awb-spacing-right-large:1.92%;--awb-margin-bottom-large:15px;--awb-spacing-left-large:1.92%;--awb-width-medium:100%;--awb-spacing-right-medium:1.92%;--awb-spacing-left-medium:1.92%;--awb-width-small:100%;--awb-spacing-right-small:1.92%;--awb-spacing-left-small:1.92%;\"><div class=\"fusion-column-wrapper fusion-column-has-shadow fusion-flex-justify-content-flex-start fusion-content-layout-column\"><div class=\"fusion-title title fusion-title-1 fusion-title-text fusion-title-size-two\" style=\"--awb-margin-top-small:0px;--awb-margin-right-small:0px;--awb-margin-bottom-small:20px;--awb-margin-left-small:0px;\"><div class=\"title-sep-container title-sep-container-left fusion-no-large-visibility fusion-no-medium-visibility fusion-no-small-visibility\"><div class=\"title-sep sep- sep-solid\" style=\"border-color:#e0dede;\"><\/div><\/div><span class=\"awb-title-spacer fusion-no-large-visibility fusion-no-medium-visibility fusion-no-small-visibility\"><\/span><h2 class=\"fusion-title-heading title-heading-left fusion-responsive-typography-calculated\" style=\"margin:0;--fontSize:32;line-height:1.26;\">Soin urinaire<\/h2><span class=\"awb-title-spacer\"><\/span><div class=\"title-sep-container title-sep-container-right\"><div class=\"title-sep sep- sep-solid\" style=\"border-color:#e0dede;\"><\/div><\/div><\/div><div class=\"fusion-text fusion-text-1\"><p>Certains chats peuvent \u00eatre sujets aux probl\u00e8mes urinaires et n\u00e9cessiter une alimentation ou des suppl\u00e9ments pour soutenir leur sant\u00e9 urinaire.<\/p>\n<\/div><\/div><\/div><\/div><\/div><div class=\"fusion-fullwidth fullwidth-box fusion-builder-row-2 fusion-flex-container nonhundred-percent-fullwidth non-hundred-percent-height-scrolling\" style=\"--awb-border-radius-top-left:0px;--awb-border-radius-top-right:0px;--awb-border-radius-bottom-right:0px;--awb-border-radius-bottom-left:0px;--awb-flex-wrap:wrap;\" ><div class=\"fusion-builder-row fusion-row fusion-flex-align-items-flex-start fusion-flex-content-wrap\" style=\"max-width:1216.8px;margin-left: calc(-4% \/ 2 );margin-right: calc(-4% \/ 2 );\"><div class=\"fusion-layout-column fusion_builder_column fusion-builder-column-1 fusion_builder_column_1_1 1_1 fusion-flex-column\" style=\"--awb-bg-size:cover;--awb-width-large:100%;--awb-margin-top-large:15px;--awb-spacing-right-large:1.92%;--awb-margin-bottom-large:15px;--awb-spacing-left-large:1.92%;--awb-width-medium:100%;--awb-spacing-right-medium:1.92%;--awb-spacing-left-medium:1.92%;--awb-width-small:100%;--awb-spacing-right-small:1.92%;--awb-spacing-left-small:1.92%;\"><div class=\"fusion-column-wrapper fusion-column-has-shadow fusion-flex-justify-content-flex-start fusion-content-layout-column\"><div class=\"woocommerce columns-3 \"><ul class=\"products clearfix products-3\">\n<li class=\"has-subscription-plans product type-product post-23856 status-publish first instock product_cat-produits-pour-chat product_cat-chats-avec-problemes-immunitaires product_cat-chat-nourriture product_cat-chat-nourriture-seche product_cat-promo product_tag-amibouff has-post-thumbnail taxable shipping-taxable purchasable product-type-variable product-grid-view\">\n\t<div class=\"fusion-product-wrapper\">\n\n<div class=\"fusion-clean-product-image-wrapper \">\n\t<div  class=\"fusion-image-wrapper fusion-image-size-fixed\" aria-haspopup=\"true\">\n\t\t\t\t<img decoding=\"async\" width=\"500\" height=\"500\" src=\"https:\/\/petmobile.ca\/wp-content\/uploads\/2019\/01\/19129-Marketech-Image_catalogue_enligne_Amibouff_Chat-1200x1200_Plan-de-travail-1-copie-500x500.jpg\" class=\"attachment-woocommerce_thumbnail size-woocommerce_thumbnail lazyload wp-post-image\" alt=\"\" srcset=\"data:image\/svg+xml,%3Csvg%20xmlns%3D%27http%3A%2F%2Fwww.w3.org%2F2000%2Fsvg%27%20width%3D%271201%27%20height%3D%271200%27%20viewBox%3D%270%200%201201%201200%27%3E%3Crect%20width%3D%271201%27%20height%3D%271200%27%20fill-opacity%3D%220%22%2F%3E%3C%2Fsvg%3E\" data-orig-src=\"https:\/\/petmobile.ca\/wp-content\/uploads\/2019\/01\/19129-Marketech-Image_catalogue_enligne_Amibouff_Chat-1200x1200_Plan-de-travail-1-copie-500x500.jpg\" data-srcset=\"https:\/\/petmobile.ca\/wp-content\/uploads\/2019\/01\/19129-Marketech-Image_catalogue_enligne_Amibouff_Chat-1200x1200_Plan-de-travail-1-copie-66x66.jpg 66w, https:\/\/petmobile.ca\/wp-content\/uploads\/2019\/01\/19129-Marketech-Image_catalogue_enligne_Amibouff_Chat-1200x1200_Plan-de-travail-1-copie-100x100.jpg 100w, https:\/\/petmobile.ca\/wp-content\/uploads\/2019\/01\/19129-Marketech-Image_catalogue_enligne_Amibouff_Chat-1200x1200_Plan-de-travail-1-copie-150x150.jpg 150w, https:\/\/petmobile.ca\/wp-content\/uploads\/2019\/01\/19129-Marketech-Image_catalogue_enligne_Amibouff_Chat-1200x1200_Plan-de-travail-1-copie-200x200.jpg 200w, https:\/\/petmobile.ca\/wp-content\/uploads\/2019\/01\/19129-Marketech-Image_catalogue_enligne_Amibouff_Chat-1200x1200_Plan-de-travail-1-copie-300x300.jpg 300w, https:\/\/petmobile.ca\/wp-content\/uploads\/2019\/01\/19129-Marketech-Image_catalogue_enligne_Amibouff_Chat-1200x1200_Plan-de-travail-1-copie-400x400.jpg 400w, https:\/\/petmobile.ca\/wp-content\/uploads\/2019\/01\/19129-Marketech-Image_catalogue_enligne_Amibouff_Chat-1200x1200_Plan-de-travail-1-copie-500x500.jpg 500w, https:\/\/petmobile.ca\/wp-content\/uploads\/2019\/01\/19129-Marketech-Image_catalogue_enligne_Amibouff_Chat-1200x1200_Plan-de-travail-1-copie-600x600.jpg 600w, https:\/\/petmobile.ca\/wp-content\/uploads\/2019\/01\/19129-Marketech-Image_catalogue_enligne_Amibouff_Chat-1200x1200_Plan-de-travail-1-copie-700x699.jpg 700w, https:\/\/petmobile.ca\/wp-content\/uploads\/2019\/01\/19129-Marketech-Image_catalogue_enligne_Amibouff_Chat-1200x1200_Plan-de-travail-1-copie-768x767.jpg 768w, https:\/\/petmobile.ca\/wp-content\/uploads\/2019\/01\/19129-Marketech-Image_catalogue_enligne_Amibouff_Chat-1200x1200_Plan-de-travail-1-copie-800x799.jpg 800w, https:\/\/petmobile.ca\/wp-content\/uploads\/2019\/01\/19129-Marketech-Image_catalogue_enligne_Amibouff_Chat-1200x1200_Plan-de-travail-1-copie-1024x1024.jpg 1024w, https:\/\/petmobile.ca\/wp-content\/uploads\/2019\/01\/19129-Marketech-Image_catalogue_enligne_Amibouff_Chat-1200x1200_Plan-de-travail-1-copie-1200x1199.jpg 1200w, https:\/\/petmobile.ca\/wp-content\/uploads\/2019\/01\/19129-Marketech-Image_catalogue_enligne_Amibouff_Chat-1200x1200_Plan-de-travail-1-copie.jpg 1201w\" data-sizes=\"auto\" \/><div class=\"fusion-rollover\">\n\t<div class=\"fusion-rollover-content\">\n\n\t\t\t\t\n\t\t\n\t\t\t\t\t\t\t\t\n\t\t\t\t\t\t\t\t\n\t\t\n\t\t\t\t\t\t\t\t\t\t\t\t<div class=\"star-rating\" role=\"img\" aria-label=\"Note 5.00 sur 5\"><span style=\"width:100%\">Note <strong class=\"rating\">5.00<\/strong> sur 5<\/span><\/div>\t\t\t\n\t\t\t\t\t\t\n\t\t\t\t\t\t\t\t\t\t<div class=\"fusion-product-buttons\">\n\t\t\t\t\t<a href=\"https:\/\/petmobile.ca\/fr\/produit\/amibouff-soin-urinaire\/\" aria-describedby=\"woocommerce_loop_add_to_cart_link_describedby_23856\" data-quantity=\"1\" class=\"button product_type_variable add_to_cart_button\" data-product_id=\"23856\" data-product_sku=\"ACSU\" aria-label=\"S\u00e9lectionner les options pour &ldquo;Amibouff  Soin urinaire&rdquo;\" rel=\"nofollow\">Choix des options<\/a>\t<span id=\"woocommerce_loop_add_to_cart_link_describedby_23856\" class=\"screen-reader-text\">\n\t\tCe produit a plusieurs variations. Les options peuvent \u00eatre choisies sur la page du produit\t<\/span>\n<span class=\"fusion-rollover-linebreak\">\n\t\/<\/span>\n<!--  \n<a href=\"https:\/\/petmobile.ca\/fr\/produit\/amibouff-soin-urinaire\/\" class=\"show_details_button\">D\u00e9tails<\/a>-->\n\n<a href=\"https:\/\/petmobile.ca\/fr\/produit\/amibouff-soin-urinaire\/\" class=\"show_details_button\">\n<i class=\"fas fa-search\"><\/i>\n<\/a>\t\t\t\t<\/div>\n\t\t\t\t\t\t\t\t\t<a class=\"fusion-link-wrapper\" href=\"https:\/\/petmobile.ca\/fr\/produit\/amibouff-soin-urinaire\/\" aria-label=\"Amibouff  Soin urinaire\"><\/a>\n\t<\/div>\n<\/div>\n<\/div>\n<\/div>\n<div class=\"fusion-product-content\">\n\t<div class=\"product-details\">\n\t\t<div class=\"product-details-container\">\n<h3 class=\"product-title\">\n\t<a href=\"https:\/\/petmobile.ca\/fr\/produit\/amibouff-soin-urinaire\/\">\n\t\tAmibouff  Soin urinaire\t<\/a>\n<\/h3>\n<div class=\"fusion-price-rating\">\n\n\t<span class=\"price\"><span class=\"woocommerce-Price-amount amount\" aria-hidden=\"true\"><bdi>34.99<span class=\"woocommerce-Price-currencySymbol\">&#36;<\/span><\/bdi><\/span> <span aria-hidden=\"true\">\u00a0\u2013\u00a0<\/span> <span class=\"woocommerce-Price-amount amount\" aria-hidden=\"true\"><bdi>105.99<span class=\"woocommerce-Price-currencySymbol\">&#36;<\/span><\/bdi><\/span><span class=\"screen-reader-text\">Plage de prix\u00a0: 34.99&#36; \u00e0 105.99&#36;<\/span><small class=\"wcsatt-sub-options\"> <span class=\"wcsatt-dash\">\u2014<\/span> disponible en abonnement\r\n<\/small><\/span>\n\t\t<\/div>\n\t<\/div>\n<\/div>\n\n\t<\/div> <em class=\"wcpv-sold-by-loop\">Service offert par: <a href=\"https:\/\/petmobile.ca\/fr\/produits\/\">PetMobile<\/a><\/em>\n<span class=\"gtm4wp_productdata\" style=\"display:none; visibility:hidden;\" data-gtm4wp_product_data=\"{&quot;internal_id&quot;:23856,&quot;item_id&quot;:23856,&quot;item_name&quot;:&quot;Amibouff  Soin urinaire&quot;,&quot;sku&quot;:&quot;ACSU&quot;,&quot;price&quot;:34.99,&quot;stocklevel&quot;:null,&quot;stockstatus&quot;:&quot;instock&quot;,&quot;google_business_vertical&quot;:&quot;retail&quot;,&quot;item_category&quot;:&quot;Chats avec probl\\u00e8mes immunitaires&quot;,&quot;id&quot;:23856,&quot;productlink&quot;:&quot;https:\\\/\\\/petmobile.ca\\\/fr\\\/produit\\\/amibouff-soin-urinaire\\\/&quot;,&quot;item_list_name&quot;:&quot;General Product List&quot;,&quot;index&quot;:1,&quot;product_type&quot;:&quot;variable&quot;,&quot;item_brand&quot;:&quot;&quot;}\"><\/span>\n\n<\/div>\n<\/li>\n<li class=\"has-subscription-plans product type-product post-23800 status-publish instock product_cat-produits-pour-chat product_cat-chats-avec-problemes-immunitaires product_cat-chat-nourriture product_cat-chat-nourriture-seche product_cat-promo product_tag-multi-menu has-post-thumbnail taxable shipping-taxable purchasable product-type-variable product-grid-view\">\n\t<div class=\"fusion-product-wrapper\">\n\n<div class=\"fusion-clean-product-image-wrapper \">\n\t<div  class=\"fusion-image-wrapper fusion-image-size-fixed\" aria-haspopup=\"true\">\n\t\t\t\t<img decoding=\"async\" width=\"500\" height=\"500\" src=\"https:\/\/petmobile.ca\/wp-content\/uploads\/2019\/01\/Pre\u2560uvention-500x500.png\" class=\"attachment-woocommerce_thumbnail size-woocommerce_thumbnail lazyload wp-post-image\" alt=\"\" srcset=\"data:image\/svg+xml,%3Csvg%20xmlns%3D%27http%3A%2F%2Fwww.w3.org%2F2000%2Fsvg%27%20width%3D%271080%27%20height%3D%271080%27%20viewBox%3D%270%200%201080%201080%27%3E%3Crect%20width%3D%271080%27%20height%3D%271080%27%20fill-opacity%3D%220%22%2F%3E%3C%2Fsvg%3E\" data-orig-src=\"https:\/\/petmobile.ca\/wp-content\/uploads\/2019\/01\/Pre\u2560uvention-500x500.png\" data-srcset=\"https:\/\/petmobile.ca\/wp-content\/uploads\/2019\/01\/Pre\u2560uvention-66x66.png 66w, https:\/\/petmobile.ca\/wp-content\/uploads\/2019\/01\/Pre\u2560uvention-100x100.png 100w, https:\/\/petmobile.ca\/wp-content\/uploads\/2019\/01\/Pre\u2560uvention-150x150.png 150w, https:\/\/petmobile.ca\/wp-content\/uploads\/2019\/01\/Pre\u2560uvention-200x200.png 200w, https:\/\/petmobile.ca\/wp-content\/uploads\/2019\/01\/Pre\u2560uvention-300x300.png 300w, https:\/\/petmobile.ca\/wp-content\/uploads\/2019\/01\/Pre\u2560uvention-400x400.png 400w, https:\/\/petmobile.ca\/wp-content\/uploads\/2019\/01\/Pre\u2560uvention-500x500.png 500w, https:\/\/petmobile.ca\/wp-content\/uploads\/2019\/01\/Pre\u2560uvention-600x600.png 600w, https:\/\/petmobile.ca\/wp-content\/uploads\/2019\/01\/Pre\u2560uvention-700x700.png 700w, https:\/\/petmobile.ca\/wp-content\/uploads\/2019\/01\/Pre\u2560uvention-768x768.png 768w, https:\/\/petmobile.ca\/wp-content\/uploads\/2019\/01\/Pre\u2560uvention-800x800.png 800w, https:\/\/petmobile.ca\/wp-content\/uploads\/2019\/01\/Pre\u2560uvention-1024x1024.png 1024w, https:\/\/petmobile.ca\/wp-content\/uploads\/2019\/01\/Pre\u2560uvention.png 1080w\" data-sizes=\"auto\" \/><div class=\"fusion-rollover\">\n\t<div class=\"fusion-rollover-content\">\n\n\t\t\t\t\n\t\t\n\t\t\t\t\t\t\t\t\n\t\t\t\t\t\t\t\t\n\t\t\n\t\t\t\t\t\t\t\t\t\t\t\t\t\t\t\n\t\t\t\t\t\t\n\t\t\t\t\t\t\t\t\t\t<div class=\"fusion-product-buttons\">\n\t\t\t\t\t<a href=\"https:\/\/petmobile.ca\/fr\/produit\/multi-menu-prevention\/\" aria-describedby=\"woocommerce_loop_add_to_cart_link_describedby_23800\" data-quantity=\"1\" class=\"button product_type_variable add_to_cart_button\" data-product_id=\"23800\" data-product_sku=\"28.15\" aria-label=\"S\u00e9lectionner les options pour &ldquo;Multi Menu  Pr\u00e9vention&rdquo;\" rel=\"nofollow\">Choix des options<\/a>\t<span id=\"woocommerce_loop_add_to_cart_link_describedby_23800\" class=\"screen-reader-text\">\n\t\tCe produit a plusieurs variations. Les options peuvent \u00eatre choisies sur la page du produit\t<\/span>\n<span class=\"fusion-rollover-linebreak\">\n\t\/<\/span>\n<!--  \n<a href=\"https:\/\/petmobile.ca\/fr\/produit\/multi-menu-prevention\/\" class=\"show_details_button\">D\u00e9tails<\/a>-->\n\n<a href=\"https:\/\/petmobile.ca\/fr\/produit\/multi-menu-prevention\/\" class=\"show_details_button\">\n<i class=\"fas fa-search\"><\/i>\n<\/a>\t\t\t\t<\/div>\n\t\t\t\t\t\t\t\t\t<a class=\"fusion-link-wrapper\" href=\"https:\/\/petmobile.ca\/fr\/produit\/multi-menu-prevention\/\" aria-label=\"Multi Menu  Pr\u00e9vention\"><\/a>\n\t<\/div>\n<\/div>\n<\/div>\n<\/div>\n<div class=\"fusion-product-content\">\n\t<div class=\"product-details\">\n\t\t<div class=\"product-details-container\">\n<h3 class=\"product-title\">\n\t<a href=\"https:\/\/petmobile.ca\/fr\/produit\/multi-menu-prevention\/\">\n\t\tMulti Menu  Pr\u00e9vention\t<\/a>\n<\/h3>\n<div class=\"fusion-price-rating\">\n\n\t<span class=\"price\"><span class=\"woocommerce-Price-amount amount\" aria-hidden=\"true\"><bdi>49.99<span class=\"woocommerce-Price-currencySymbol\">&#36;<\/span><\/bdi><\/span> <span aria-hidden=\"true\">\u00a0\u2013\u00a0<\/span> <span class=\"woocommerce-Price-amount amount\" aria-hidden=\"true\"><bdi>125.99<span class=\"woocommerce-Price-currencySymbol\">&#36;<\/span><\/bdi><\/span><span class=\"screen-reader-text\">Plage de prix\u00a0: 49.99&#36; \u00e0 125.99&#36;<\/span><small class=\"wcsatt-sub-options\"> <span class=\"wcsatt-dash\">\u2014<\/span> disponible en abonnement\r\n<\/small><\/span>\n\t\t<\/div>\n\t<\/div>\n<\/div>\n\n\t<\/div> <em class=\"wcpv-sold-by-loop\">Service offert par: <a href=\"https:\/\/petmobile.ca\/fr\/produits\/\">PetMobile<\/a><\/em>\n<span class=\"gtm4wp_productdata\" style=\"display:none; visibility:hidden;\" data-gtm4wp_product_data=\"{&quot;internal_id&quot;:23800,&quot;item_id&quot;:23800,&quot;item_name&quot;:&quot;Multi Menu  Pr\\u00e9vention&quot;,&quot;sku&quot;:&quot;28.15&quot;,&quot;price&quot;:49.99,&quot;stocklevel&quot;:null,&quot;stockstatus&quot;:&quot;instock&quot;,&quot;google_business_vertical&quot;:&quot;retail&quot;,&quot;item_category&quot;:&quot;Chats avec probl\\u00e8mes immunitaires&quot;,&quot;id&quot;:23800,&quot;productlink&quot;:&quot;https:\\\/\\\/petmobile.ca\\\/fr\\\/produit\\\/multi-menu-prevention\\\/&quot;,&quot;item_list_name&quot;:&quot;General Product List&quot;,&quot;index&quot;:2,&quot;product_type&quot;:&quot;variable&quot;,&quot;item_brand&quot;:&quot;&quot;}\"><\/span>\n\n<\/div>\n<\/li>\n<\/ul>\n<\/div><\/div><\/div><\/div><\/div><\/p>\n","protected":false},"excerpt":{"rendered":"","protected":false},"author":104,"featured_media":0,"parent":0,"menu_order":0,"comment_status":"closed","ping_status":"closed","template":"100-width.php","meta":{"footnotes":""},"class_list":["post-64100","page","type-page","status-publish","hentry","has-subscription-plans"],"aioseo_notices":[],"_links":{"self":[{"href":"https:\/\/petmobile.ca\/fr\/wp-json\/wp\/v2\/pages\/64100","targetHints":{"allow":["GET"]}}],"collection":[{"href":"https:\/\/petmobile.ca\/fr\/wp-json\/wp\/v2\/pages"}],"about":[{"href":"https:\/\/petmobile.ca\/fr\/wp-json\/wp\/v2\/types\/page"}],"author":[{"embeddable":true,"href":"https:\/\/petmobile.ca\/fr\/wp-json\/wp\/v2\/users\/104"}],"replies":[{"embeddable":true,"href":"https:\/\/petmobile.ca\/fr\/wp-json\/wp\/v2\/comments?post=64100"}],"version-history":[{"count":3,"href":"https:\/\/petmobile.ca\/fr\/wp-json\/wp\/v2\/pages\/64100\/revisions"}],"predecessor-version":[{"id":83569,"href":"https:\/\/petmobile.ca\/fr\/wp-json\/wp\/v2\/pages\/64100\/revisions\/83569"}],"wp:attachment":[{"href":"https:\/\/petmobile.ca\/fr\/wp-json\/wp\/v2\/media?parent=64100"}],"curies":[{"name":"wp","href":"https:\/\/api.w.org\/{rel}","templated":true}]}}