{"id":23750,"date":"2019-01-21T11:28:45","date_gmt":"2019-01-21T16:28:45","guid":{"rendered":"https:\/\/petmobile.ca\/produit\/multi-menu-senior\/"},"modified":"2025-09-18T13:20:51","modified_gmt":"2025-09-18T17:20:51","slug":"multi-menu-senior","status":"publish","type":"product","link":"https:\/\/petmobile.ca\/fr\/produit\/multi-menu-senior\/","title":{"rendered":"Multi Menu  S\u00e9nior"},"content":{"rendered":"<p>La formule S\u00c9NIOR est sp\u00e9cialement con\u00e7ue pour les chiens \u00e2g\u00e9s ou moins actifs. Elle contient une grande teneur en glucosamine pour aider \u00e0 la mobilit\u00e9 de votre animal.<\/p>\n<ul>\n<li>Contient de la glucosamine et de la chondro\u00eftine.<\/li>\n<li>Contient les \u00e9l\u00e9ments \u00e9nerg\u00e9tiques (lipides, glucides) et les vitamines permettant de maximiser la vitalit\u00e9 de votre animal.<\/li>\n<li>Contient des acides gras essentiels Om\u00e9ga 3 et 6, de la l\u00e9cithine, du lin et du zinc.<\/li>\n<li>Contient des vitamines A, B, C, D, E et K ainsi qu\u2019une gamme compl\u00e8te de min\u00e9raux dont du calcium, du potassium et du phosphore.<\/li>\n<li>Fabriqu\u00e9e avec des ingr\u00e9dients de la plus haute qualit\u00e9.<\/li>\n<li>Contient des antioxydants tels la lut\u00e9ine, la vitamine E et des tocoph\u00e9rols<\/li>\n<\/ul>\n<p><strong>Analyse garantie<\/strong><\/p>\n<p>Prot\u00e9ines brutes min. 21%<br \/>\nMati\u00e8res grasses brutes min. 8%<br \/>\nFibres brutes max. 5%<br \/>\nHumidit\u00e9 max. 10 %<\/p>\n<p><strong>Sulfate de glucosamine<\/strong><br \/>\n1010 mg\/kg<\/p>\n<p><strong>Sulfate de chondrotine<\/strong><br \/>\n220 mg\/kg<\/p>\n<p><strong>Ingr\u00e9dients:<\/strong><\/p>\n<p>Riz de brasserie, poulet d\u00e9shydrat\u00e9 (une source de sulfate de chondro\u00eftine), ma\u00efs jaune moulu, gru de bl\u00e9, gras de poulet conserv\u00e9 naturellement avec un m\u00e9lange de tocoph\u00e9rols, cellulose en poudre, pulpe de betteraves, pur\u00e9e de tomates s\u00e9ch\u00e9e, saveur naturelle, graines de lin enti\u00e8res, sel, \u0153ufs entiers d\u00e9shydrat\u00e9s, chlorure de potassium, carbonate de calcium, propionate de calcium (comme agent de conservation), chlorure de choline, carbonate de calcium, acide ascorbique (vitamine C), , graines d\u2019anis biologique, cannelle biologique, poudre d\u2019ail, thym biologique, bais de geni\u00e8vre, chardon-Marie, racine de chicor\u00e9e, griffe du diable, sulfate de fer, sulfate de glucosamine, oxyde de zinc, ac\u00e9tate de alpha-tocoph\u00e9ryl (une source de vitamine E), extrait de Yucca schidigera, prot\u00e9inate de zinc, oxyde de mangan\u00e8se, acide nicotinique, pantoth\u00e9nate de d-calcium, s\u00e9l\u00e9nite de sodium, prot\u00e9inate de manga-n\u00e8se, suppl\u00e9ment de vitamine A, chol\u00e9calcif\u00e9rol (une source de vitamine D3), mononitrate de thiamine, biotine, prot\u00e9inate de cuivre, riboflavine, hydrochlorure de pyridoxine, suppl\u00e9ment de vitamine B12, iodate de calcium, carbonate de cobalt, acide folique.<\/p>\n<\/p>\n<div class=\"table-2\">\n<table width=\"100%\">\n<thead>\n<tr>\n<th align=\"left\">Poids du chien<\/th>\n<th align=\"left\">Portion Journali\u00e8re<\/th>\n<\/tr>\n<\/thead>\n<\/table>\n<\/div>\n<p>\n<\/p>\n<div class=\"table-1\">\n<table width=\"100%\">\n<thead>\n<tr>\n<th align=\"left\">Lbs<\/th>\n<th align=\"left\">Kilogrammes<\/th>\n<th align=\"left\">Tasses<\/th>\n<th align=\"left\">Grammes<\/th>\n<\/tr>\n<\/thead>\n<tbody>\n<tr>\n<td align=\"left\">3 - 12<\/td>\n<td align=\"left\">1.5 -5.5<\/td>\n<td align=\"left\">1\/3 - 1<\/td>\n<td align=\"left\">35 - 100<\/td>\n<\/tr>\n<tr>\n<td align=\"left\">12 - 20<\/td>\n<td align=\"left\">5.5 - 9.5<\/td>\n<td align=\"left\">1 - 1 1\/2<\/td>\n<td align=\"left\">100 - 150<\/td>\n<\/tr>\n<tr>\n<td align=\"left\">20 - 35<\/td>\n<td align=\"left\">9.5 - 15.5<\/td>\n<td align=\"left\">1 1\/2 - 2 1\/8<\/td>\n<td align=\"left\">150 - 210<\/td>\n<\/tr>\n<tr>\n<td align=\"left\">35 - 50<\/td>\n<td align=\"left\">15.5 - 22.5<\/td>\n<td align=\"left\">2 1\/8 - 2 4\/5<\/td>\n<td align=\"left\">210 - 280<\/td>\n<\/tr>\n<tr>\n<td align=\"left\">50 - 75<\/td>\n<td align=\"left\">22.5 - 33.5<\/td>\n<td align=\"left\">2 4\/5 - 3 4\/5<\/td>\n<td align=\"left\">280 - 380<\/td>\n<\/tr>\n<tr>\n<td align=\"left\">75 - 100<\/td>\n<td align=\"left\">33.4 - 45.5<\/td>\n<td align=\"left\">3 4\/5 - 4 3\/4<\/td>\n<td align=\"left\">380 - 475<\/td>\n<\/tr>\n<tr>\n<td align=\"left\">100 +<\/td>\n<td align=\"left\">45.5 +<\/td>\n<td align=\"left\">4 3\/4+1\/2 par 10lbs<\/td>\n<td align=\"left\">475+50kg par 5kg<\/td>\n<\/tr>\n<\/tbody>\n<\/table>\n<\/div>\n<p>\n","protected":false},"excerpt":{"rendered":"<p>pour chien plus \u00e2g\u00e9<\/p>\n","protected":false},"featured_media":27860,"comment_status":"closed","ping_status":"closed","template":"","meta":[],"product_brand":[],"product_cat":[1109,2361,1110,1111],"product_tag":[1735],"pa_animal":[1848],"pa_couleur":[],"pa_duration":[],"pa_format":[1207,1208,1209],"pa_marque":[1839],"pa_type-de-produit":[],"class_list":{"0":"post-23750","1":"product","2":"type-product","3":"status-publish","4":"has-post-thumbnail","6":"product_cat-nourriture-et-produits-pour-chien","7":"product_cat-chiens-avec-surpoids","8":"product_cat-chien-nourriture","9":"product_cat-chien-nourriture-seche","10":"product_tag-multi-menu","11":"pa_animal-chien","12":"pa_format-multi-menu-senior-15-kg","13":"pa_format-multi-menu-senior-4-kg","14":"pa_format-multi-menu-senior-8-kg","15":"pa_marque-multi-menu","16":"has-subscription-plans","18":"first","19":"instock","20":"taxable","21":"shipping-taxable","22":"purchasable","23":"product-type-variable"},"aioseo_notices":[],"_links":{"self":[{"href":"https:\/\/petmobile.ca\/fr\/wp-json\/wp\/v2\/product\/23750","targetHints":{"allow":["GET"]}}],"collection":[{"href":"https:\/\/petmobile.ca\/fr\/wp-json\/wp\/v2\/product"}],"about":[{"href":"https:\/\/petmobile.ca\/fr\/wp-json\/wp\/v2\/types\/product"}],"replies":[{"embeddable":true,"href":"https:\/\/petmobile.ca\/fr\/wp-json\/wp\/v2\/comments?post=23750"}],"wp:featuredmedia":[{"embeddable":true,"href":"https:\/\/petmobile.ca\/fr\/wp-json\/wp\/v2\/media\/27860"}],"wp:attachment":[{"href":"https:\/\/petmobile.ca\/fr\/wp-json\/wp\/v2\/media?parent=23750"}],"wp:term":[{"taxonomy":"product_brand","embeddable":true,"href":"https:\/\/petmobile.ca\/fr\/wp-json\/wp\/v2\/product_brand?post=23750"},{"taxonomy":"product_cat","embeddable":true,"href":"https:\/\/petmobile.ca\/fr\/wp-json\/wp\/v2\/product_cat?post=23750"},{"taxonomy":"product_tag","embeddable":true,"href":"https:\/\/petmobile.ca\/fr\/wp-json\/wp\/v2\/product_tag?post=23750"},{"taxonomy":"pa_animal","embeddable":true,"href":"https:\/\/petmobile.ca\/fr\/wp-json\/wp\/v2\/pa_animal?post=23750"},{"taxonomy":"pa_couleur","embeddable":true,"href":"https:\/\/petmobile.ca\/fr\/wp-json\/wp\/v2\/pa_couleur?post=23750"},{"taxonomy":"pa_duration","embeddable":true,"href":"https:\/\/petmobile.ca\/fr\/wp-json\/wp\/v2\/pa_duration?post=23750"},{"taxonomy":"pa_format","embeddable":true,"href":"https:\/\/petmobile.ca\/fr\/wp-json\/wp\/v2\/pa_format?post=23750"},{"taxonomy":"pa_marque","embeddable":true,"href":"https:\/\/petmobile.ca\/fr\/wp-json\/wp\/v2\/pa_marque?post=23750"},{"taxonomy":"pa_type-de-produit","embeddable":true,"href":"https:\/\/petmobile.ca\/fr\/wp-json\/wp\/v2\/pa_type-de-produit?post=23750"}],"curies":[{"name":"wp","href":"https:\/\/api.w.org\/{rel}","templated":true}]}}