{"id":23770,"date":"2019-01-21T11:28:57","date_gmt":"2019-01-21T16:28:57","guid":{"rendered":"https:\/\/petmobile.ca\/produit\/multi-menu-evolution-poisson\/"},"modified":"2025-09-18T12:16:27","modified_gmt":"2025-09-18T16:16:27","slug":"multi-menu-evolution-poisson","status":"publish","type":"product","link":"https:\/\/petmobile.ca\/fr\/produit\/multi-menu-evolution-poisson\/","title":{"rendered":"Multi Menu  \u00c9volution Poisson"},"content":{"rendered":"<p>La formule EVOLUTION poisson est sp\u00e9cialement con\u00e7ue pour les chiens qui sont allergiques au poulet et\/ou mais. Elle est facile \u00e0 dig\u00e9rer et<br \/>\ns'adresse aux chiens normalement actif.<\/p>\n<ul>\n<li>Contient des vitamines A, B, C, D, E et K ainsi qu\u2019une gamme compl\u00e8te de min\u00e9raux dont du calcium, du potassium<br \/>\net du phosphore.<\/li>\n<li>Contient de la glucosamine, de la chondro\u00eftine et des min\u00e9raux.<\/li>\n<li>Contient des enzymes, des probiotiques, des acides organiques, de l\u2019extrait de thym et de la pulpe de betterave.<\/li>\n<li>Contient les \u00e9l\u00e9ments \u00e9nerg\u00e9tiques (lipides, glucides) et les vitamines permettant de maximiser la vitalit\u00e9 de votre animal.<\/li>\n<li>Contient des prot\u00e9ines de haute qualit\u00e9.<\/li>\n<li>Contient des acides gras essentiels Om\u00e9ga 3 et 6, de la l\u00e9cithine, du lin et du zinc.<\/li>\n<\/ul>\n<p><strong>Analyse garantie<\/strong><\/p>\n<p>Prot\u00e9ines brutes min. 25%<br \/>\nMati\u00e8res grasses brutes min. 15%<br \/>\nFibres brutes max. 5%<br \/>\nHumidit\u00e9 max. 10 %<\/p>\n<p><strong>Sulfate de glucosamine<\/strong><br \/>\n440 mg\/kg<\/p>\n<p><strong>Sulfate de chondrotine<\/strong><br \/>\n130 mg\/kg<\/p>\n<p><strong>Ingr\u00e9dients:<\/strong><\/p>\n<p>Poisson d\u00e9shydrat\u00e9 , orge enti\u00e8re, riz de brasserie, gras de poulet conserv\u00e9 avec un m\u00e9lange naturel de tocoph\u00e9rols, avoine enti\u00e8re, tourteau de soya, pulpe de betterave, cellulose, graines de lin enti\u00e8res, pur\u00e9e de tomates s\u00e9ch\u00e9es, ar\u00f4me naturel, l\u00e9cithine, propionate de calcium (comme agent de conservation), sel, chlorure de potassium, chlorure de choline, carbonate de calcium, acide ascorbique (vitamine C), sulfate de glucosamine, sulfate ferreux, ac\u00e9tate de alpha-tocoph\u00e9rol (une source de vitamine El, extrait de Yucca schidigera, oxyde de zinc, varech s\u00e9ch\u00e9, extrait de chicor\u00e9e (une source d'inuline),prot\u00e9inate de zinc, oxyde manganeux, extrait de levure (une source de mannan\u00acoligosaccharides), acide nicotinique, pantoth\u00e9nate de O-calcium, prot\u00e9inate de mangan\u00e8se, poudre d'ail, curcuma, canneberges, chardon de marie, suppl\u00e9ment de vitamine A, chol\u00e9calcif\u00e9rol (une source de vitamine 03), mono nitrate de thiamine, prot\u00e9inate de cuivre, biotine, extrait de baie de Gen\u00e9vrier, griffe du diable, s\u00e9l\u00e9nite de sodium, riboflavine, chlorhydrate de pyridoxine, suppl\u00e9ment de vitamine 812, iodate de calcium, acide folique.<\/p>\n<\/p>\n<div class=\"table-2\">\n<table width=\"100%\">\n<thead>\n<tr>\n<th align=\"left\">Poids du chien<\/th>\n<th align=\"left\">Portion Journali\u00e8re<\/th>\n<\/tr>\n<\/thead>\n<\/table>\n<\/div>\n<p>\n<\/p>\n<div class=\"table-1\">\n<table width=\"100%\">\n<thead>\n<tr>\n<th align=\"left\">Lbs<\/th>\n<th align=\"left\">Kilogrammes<\/th>\n<th align=\"left\">Tasses<\/th>\n<th align=\"left\">Grammes<\/th>\n<\/tr>\n<\/thead>\n<tbody>\n<tr>\n<td align=\"left\">3 - 12<\/td>\n<td align=\"left\">1.5 -5.5<\/td>\n<td align=\"left\">3\/8 - 1<\/td>\n<td align=\"left\">45 - 115<\/td>\n<\/tr>\n<tr>\n<td align=\"left\">12 - 20<\/td>\n<td align=\"left\">5.5 - 9.5<\/td>\n<td align=\"left\">1 - 1 1\/2<\/td>\n<td align=\"left\">115 - 170<\/td>\n<\/tr>\n<tr>\n<td align=\"left\">20 - 35<\/td>\n<td align=\"left\">9.5 - 15.5<\/td>\n<td align=\"left\">1 1\/2 - 2 1\/4<\/td>\n<td align=\"left\">170 - 245<\/td>\n<\/tr>\n<tr>\n<td align=\"left\">35 - 50<\/td>\n<td align=\"left\">15.5 - 22.5<\/td>\n<td align=\"left\">2 1\/4 - 3<\/td>\n<td align=\"left\">245 - 325<\/td>\n<\/tr>\n<tr>\n<td align=\"left\">50 - 75<\/td>\n<td align=\"left\">22.5 - 33.5<\/td>\n<td align=\"left\">3 - 4<\/td>\n<td align=\"left\">325 - 440<\/td>\n<\/tr>\n<tr>\n<td align=\"left\">75 - 100<\/td>\n<td align=\"left\">33.4 - 45.5<\/td>\n<td align=\"left\">4 - 5<\/td>\n<td align=\"left\">440 - 555<\/td>\n<\/tr>\n<tr>\n<td align=\"left\">100 +<\/td>\n<td align=\"left\">45.5 +<\/td>\n<td align=\"left\">5+1\/2 par 10lbs<\/td>\n<td align=\"left\">555+50kg par 5kg<\/td>\n<\/tr>\n<\/tbody>\n<\/table>\n<\/div>\n<p>\n","protected":false},"excerpt":{"rendered":"<p>Pour un beau pellage lisse et soyeux.<\/p>\n","protected":false},"featured_media":27872,"comment_status":"closed","ping_status":"closed","template":"","meta":[],"product_brand":[],"product_cat":[1109,2353,2354,2356,1110,1111],"product_tag":[1735],"pa_animal":[1848],"pa_couleur":[],"pa_duration":[],"pa_format":[1229,1227,1228],"pa_marque":[1839],"pa_type-de-produit":[],"class_list":{"0":"post-23770","1":"product","2":"type-product","3":"status-publish","4":"has-post-thumbnail","6":"product_cat-nourriture-et-produits-pour-chien","7":"product_cat-chien-avec-allergies","8":"product_cat-chiens-avec-problemes-de-digestion","9":"product_cat-chien-perdant-son-pelage","10":"product_cat-chien-nourriture","11":"product_cat-chien-nourriture-seche","12":"product_tag-multi-menu","13":"pa_animal-chien","14":"pa_format-multi-menu-evolution-poisson-15-kg","15":"pa_format-multi-menu-evolution-poisson-4-kg","16":"pa_format-multi-menu-evolution-poisson-8-kg","17":"pa_marque-multi-menu","18":"has-subscription-plans","20":"first","21":"instock","22":"taxable","23":"shipping-taxable","24":"purchasable","25":"product-type-variable"},"aioseo_notices":[],"_links":{"self":[{"href":"https:\/\/petmobile.ca\/fr\/wp-json\/wp\/v2\/product\/23770","targetHints":{"allow":["GET"]}}],"collection":[{"href":"https:\/\/petmobile.ca\/fr\/wp-json\/wp\/v2\/product"}],"about":[{"href":"https:\/\/petmobile.ca\/fr\/wp-json\/wp\/v2\/types\/product"}],"replies":[{"embeddable":true,"href":"https:\/\/petmobile.ca\/fr\/wp-json\/wp\/v2\/comments?post=23770"}],"wp:featuredmedia":[{"embeddable":true,"href":"https:\/\/petmobile.ca\/fr\/wp-json\/wp\/v2\/media\/27872"}],"wp:attachment":[{"href":"https:\/\/petmobile.ca\/fr\/wp-json\/wp\/v2\/media?parent=23770"}],"wp:term":[{"taxonomy":"product_brand","embeddable":true,"href":"https:\/\/petmobile.ca\/fr\/wp-json\/wp\/v2\/product_brand?post=23770"},{"taxonomy":"product_cat","embeddable":true,"href":"https:\/\/petmobile.ca\/fr\/wp-json\/wp\/v2\/product_cat?post=23770"},{"taxonomy":"product_tag","embeddable":true,"href":"https:\/\/petmobile.ca\/fr\/wp-json\/wp\/v2\/product_tag?post=23770"},{"taxonomy":"pa_animal","embeddable":true,"href":"https:\/\/petmobile.ca\/fr\/wp-json\/wp\/v2\/pa_animal?post=23770"},{"taxonomy":"pa_couleur","embeddable":true,"href":"https:\/\/petmobile.ca\/fr\/wp-json\/wp\/v2\/pa_couleur?post=23770"},{"taxonomy":"pa_duration","embeddable":true,"href":"https:\/\/petmobile.ca\/fr\/wp-json\/wp\/v2\/pa_duration?post=23770"},{"taxonomy":"pa_format","embeddable":true,"href":"https:\/\/petmobile.ca\/fr\/wp-json\/wp\/v2\/pa_format?post=23770"},{"taxonomy":"pa_marque","embeddable":true,"href":"https:\/\/petmobile.ca\/fr\/wp-json\/wp\/v2\/pa_marque?post=23770"},{"taxonomy":"pa_type-de-produit","embeddable":true,"href":"https:\/\/petmobile.ca\/fr\/wp-json\/wp\/v2\/pa_type-de-produit?post=23770"}],"curies":[{"name":"wp","href":"https:\/\/api.w.org\/{rel}","templated":true}]}}