{"id":23796,"date":"2019-01-21T11:29:06","date_gmt":"2019-01-21T16:29:06","guid":{"rendered":"https:\/\/petmobile.ca\/produit\/multi-menu-croissance\/"},"modified":"2025-09-18T12:01:44","modified_gmt":"2025-09-18T16:01:44","slug":"multi-menu-croissance","status":"publish","type":"product","link":"https:\/\/petmobile.ca\/fr\/produit\/multi-menu-croissance\/","title":{"rendered":"Multi Menu  Croissance"},"content":{"rendered":"<p>La formule CROISSANCE constitue l'alimentation optimale durant la premi\u00e8re ann\u00e9e si importante de la vie de votre chiot. Le d\u00e9veloppement durant cette ann\u00e9e correspond \u00e0 la croissance d'un \u00eatre humain jusqu'\u00e0 la \ufb01n de l'adolescence. Cette formule est mise au point de mani\u00e8re scienti\ufb01que, pour assurer les concentrations de prot\u00e9ines et d'acides gras dont ont besoin les chiots pour une croissance et un d\u00e9veloppement optimal.<\/p>\n<ul>\n<li>Contient des vitamines ainsi qu\u2019une gamme compl\u00e8te de min\u00e9raux dont du calcium, du potassium et du phosphore.<\/li>\n<li>Enrichie d\u2019une gamme compl\u00e8te de min\u00e9raux.<\/li>\n<li>Contient des acides gras essentiels.<\/li>\n<li>Contient les \u00e9l\u00e9ments \u00e9nerg\u00e9tiques (lipides, glucides) et les vitamines permettant de maximiser la vitalit\u00e9 de votre animal.<\/li>\n<li>Contient des prot\u00e9ines de haute qualit\u00e9 provenant du poulet.<\/li>\n<li>Contient des enzymes, des probiotiques, des acides organiques, de l\u2019extrait de thym et de la pulpe de betterave.<\/li>\n<\/ul>\n<p><strong>Analyse garantie<\/strong><\/p>\n<p>Prot\u00e9ines brutes min. 28%<br \/>\nMati\u00e8res grasses brutes min. 14%<br \/>\nFibres brutes max. 5,5%<br \/>\nHumidit\u00e9 max. 10%<\/p>\n<p><strong>Ingr\u00e9dients:<\/strong><\/p>\n<p>Poulet d\u00e9shydrat\u00e9 (une source de sulfate de chondro\u00eftine), ma\u00efs jaune moulu, gru de bl\u00e9, gluten de ma\u00efs, gras de poulet conserv\u00e9 avec un m\u00e9lange naturel de tocoph\u00e9rols, pulpe de betteraves, farine de luzerne d\u00e9shydrat\u00e9e, graines de lin enti\u00e8res, carbonate de calcium, phosphate monocalcique, sel, ar\u00f4me naturel, propionate de calcium (comme agent de conservation), chlorure de potas-sium, chlorure de choline, sulfate ferreux, extrait de chicor\u00e9e (une source d'inuline), sulfate de glucosamine, ac\u00e9tate de alpha-tocoph\u00e9rol (une source de vitamine E), oxyde de zinc, extrait de Yucca schidigera, extrait de levure (une source de mannan-oligosaccharides), oxyde manganeux, acide nicotinique, pantoth\u00e9nate de D-calcium, suppl\u00e9ment de vitamine A, chol\u00e9calcif\u00e9rol (une source de vitamine D3), mononitrate de thiamine, prot\u00e9inate de zinc, biotine, s\u00e9l\u00e9nite de sodium, riboflavine, prot\u00e9inate de mangan\u00e8se, chlorhydrate de pyridoxine, suppl\u00e9ment de vitamine B12, iodate de calcium, prot\u00e9inate de cuivre, acide folique.<\/p>\n<\/p>\n<div class=\"table-2\">\n<table width=\"100%\">\n<thead>\n<tr>\n<th align=\"left\">Poids du chien<\/th>\n<th align=\"left\">Portion Journali\u00e8re<\/th>\n<\/tr>\n<\/thead>\n<\/table>\n<\/div>\n<p>\n<\/p>\n<div class=\"table-1\">\n<table width=\"100%\">\n<thead>\n<tr>\n<th align=\"left\">Lbs<\/th>\n<th align=\"left\">Kilogrammes<\/th>\n<th align=\"left\">Tasses<\/th>\n<th align=\"left\">Grammes<\/th>\n<\/tr>\n<\/thead>\n<tbody>\n<tr>\n<td align=\"left\">3 - 12<\/td>\n<td align=\"left\">1.5 -5.5<\/td>\n<td align=\"left\">3\/4 - 2 1\/8<\/td>\n<td align=\"left\">85 - 230<\/td>\n<\/tr>\n<tr>\n<td align=\"left\">12 - 20<\/td>\n<td align=\"left\">5.5 - 9.5<\/td>\n<td align=\"left\">2 1\/8 - 3 1\/4<\/td>\n<td align=\"left\">230 - 350<\/td>\n<\/tr>\n<tr>\n<td align=\"left\">20 - 35<\/td>\n<td align=\"left\">9.5 - 15.5<\/td>\n<td align=\"left\">3 1\/4 - 4 5\/8<\/td>\n<td align=\"left\">350 - 505<\/td>\n<\/tr>\n<tr>\n<td align=\"left\">35 - 50<\/td>\n<td align=\"left\">15.5 - 22.5<\/td>\n<td align=\"left\">4 5\/8 - 6 1\/8<\/td>\n<td align=\"left\">505 - 665<\/td>\n<\/tr>\n<tr>\n<td align=\"left\">50 - 75<\/td>\n<td align=\"left\">22.5 - 33.5<\/td>\n<td align=\"left\">6 1\/8 - 8 1\/4<\/td>\n<td align=\"left\">665 - 895<\/td>\n<\/tr>\n<tr>\n<td align=\"left\">75 - 100<\/td>\n<td align=\"left\">33.4 - 45.5<\/td>\n<td align=\"left\">8 1\/4 - 10 3\/8<\/td>\n<td align=\"left\">895 - 1130<\/td>\n<\/tr>\n<tr>\n<td align=\"left\">100 +<\/td>\n<td align=\"left\">45.5 +<\/td>\n<td align=\"left\">10 3\/8+7\/8 per 10lbs<\/td>\n<td align=\"left\">1130+95kg per 5kg<\/td>\n<\/tr>\n<\/tbody>\n<\/table>\n<\/div>\n<p>\n","protected":false},"excerpt":{"rendered":"<p>Formule pour chiot<\/p>\n","protected":false},"featured_media":27880,"comment_status":"closed","ping_status":"closed","template":"","meta":[],"product_brand":[],"product_cat":[1109,1110,1111],"product_tag":[1735],"pa_animal":[2101],"pa_couleur":[],"pa_duration":[],"pa_format":[1679,1680,1681],"pa_marque":[1839],"pa_type-de-produit":[],"class_list":{"0":"post-23796","1":"product","2":"type-product","3":"status-publish","4":"has-post-thumbnail","6":"product_cat-nourriture-et-produits-pour-chien","7":"product_cat-chien-nourriture","8":"product_cat-chien-nourriture-seche","9":"product_tag-multi-menu","10":"pa_animal-chiot-fr","11":"pa_format-multi-menu-growth-15-kg-en","12":"pa_format-multi-menu-growth-4-kg-en","13":"pa_format-multi-menu-growth-8-kg-en","14":"pa_marque-multi-menu","15":"has-subscription-plans","17":"first","18":"instock","19":"taxable","20":"shipping-taxable","21":"purchasable","22":"product-type-variable"},"aioseo_notices":[],"_links":{"self":[{"href":"https:\/\/petmobile.ca\/fr\/wp-json\/wp\/v2\/product\/23796","targetHints":{"allow":["GET"]}}],"collection":[{"href":"https:\/\/petmobile.ca\/fr\/wp-json\/wp\/v2\/product"}],"about":[{"href":"https:\/\/petmobile.ca\/fr\/wp-json\/wp\/v2\/types\/product"}],"replies":[{"embeddable":true,"href":"https:\/\/petmobile.ca\/fr\/wp-json\/wp\/v2\/comments?post=23796"}],"wp:featuredmedia":[{"embeddable":true,"href":"https:\/\/petmobile.ca\/fr\/wp-json\/wp\/v2\/media\/27880"}],"wp:attachment":[{"href":"https:\/\/petmobile.ca\/fr\/wp-json\/wp\/v2\/media?parent=23796"}],"wp:term":[{"taxonomy":"product_brand","embeddable":true,"href":"https:\/\/petmobile.ca\/fr\/wp-json\/wp\/v2\/product_brand?post=23796"},{"taxonomy":"product_cat","embeddable":true,"href":"https:\/\/petmobile.ca\/fr\/wp-json\/wp\/v2\/product_cat?post=23796"},{"taxonomy":"product_tag","embeddable":true,"href":"https:\/\/petmobile.ca\/fr\/wp-json\/wp\/v2\/product_tag?post=23796"},{"taxonomy":"pa_animal","embeddable":true,"href":"https:\/\/petmobile.ca\/fr\/wp-json\/wp\/v2\/pa_animal?post=23796"},{"taxonomy":"pa_couleur","embeddable":true,"href":"https:\/\/petmobile.ca\/fr\/wp-json\/wp\/v2\/pa_couleur?post=23796"},{"taxonomy":"pa_duration","embeddable":true,"href":"https:\/\/petmobile.ca\/fr\/wp-json\/wp\/v2\/pa_duration?post=23796"},{"taxonomy":"pa_format","embeddable":true,"href":"https:\/\/petmobile.ca\/fr\/wp-json\/wp\/v2\/pa_format?post=23796"},{"taxonomy":"pa_marque","embeddable":true,"href":"https:\/\/petmobile.ca\/fr\/wp-json\/wp\/v2\/pa_marque?post=23796"},{"taxonomy":"pa_type-de-produit","embeddable":true,"href":"https:\/\/petmobile.ca\/fr\/wp-json\/wp\/v2\/pa_type-de-produit?post=23796"}],"curies":[{"name":"wp","href":"https:\/\/api.w.org\/{rel}","templated":true}]}}