{"id":23860,"date":"2019-01-21T11:29:38","date_gmt":"2019-01-21T16:29:38","guid":{"rendered":"https:\/\/petmobile.ca\/produit\/amibouff-terre-et-mer\/"},"modified":"2025-09-16T14:47:30","modified_gmt":"2025-09-16T18:47:30","slug":"amibouff-terre-et-mer","status":"publish","type":"product","link":"https:\/\/petmobile.ca\/fr\/produit\/amibouff-terre-et-mer\/","title":{"rendered":"Amibouff Terre et Mer"},"content":{"rendered":"<p>TERRE ET MER est une recette compl\u00e8te qui combine les bienfaits du poisson et du poulet dans la nutrition du chat. Avec des croquettes de diff\u00e9rentes formes et de saveurs diff\u00e9rentes, elle saura plaire \u00e0 votre chat gr\u00e2ce \u00e0 son go\u00fbt exceptionnel.<\/p>\n<ul>\n<li>Soin dentaire - D\u00e9tartrage gr\u00e2ce \u00e0 de la cellulose pour offrir une bonne sant\u00e9 buccale \u00e0 votre compagnon.<\/li>\n<li>Peau saine - Source \u00e9lev\u00e9e d\u2019om\u00e9gas 3 et 6 pour contribuer \u00e0 un pelage et une peau en sant\u00e9.<\/li>\n<li>Contr\u00f4le du pH urinaire - Avec son pH \u00e9quilibr\u00e9, cette formule pr\u00e9vient les blocages urinaires en emp\u00eachant la formation de pierres (maintient un pH urinaire faible).<\/li>\n<li>Hautement digestible - Avec sa quantit\u00e9 \u00e9lev\u00e9e en riz, elle permet de pr\u00e9venir et contr\u00f4ler les diarrh\u00e9es chez le chat.<\/li>\n<li>Contr\u00f4le des boules de poil\u00a0 - Compos\u00e9e avec de la cellulose et du Yucca, cette nourriture aide le chat \u00e0 dig\u00e9rer les poils, ce qui pr\u00e9vient la formation des boules de poil.<\/li>\n<\/ul>\n<p><strong>ANALYSES GARANTIES<\/strong><\/p>\n<p>31% minimum Prot\u00e9ines brutes<br \/>\n17% minimum Mati\u00e8res grasses brutes<\/p>\n<p><strong>INGR\u00c9DIENTS:<\/strong><\/p>\n<p>Poulet d\u00e9shydrat\u00e9, Poisson menhaden d\u00e9shydrat\u00e9, riz de brasserie, ma\u00efs jaune moulu,\u00a0 gluten de ma\u00efs, gras de poulet stabilis\u00e9 avec un m\u00e9lange de tocoph\u00e9rols (une source de vitamine E), pulpe de betteraves s\u00e9ch\u00e9e, poudre d\u2019\u0153uf, riz brun, graines de lin enti\u00e8res (une source d\u2019acides gras om\u00e9ga-3), huile de hareng, pur\u00e9e de tomates s\u00e9ch\u00e9es, cellulose en poudre, culture de levure, l\u00e9cithine, chlorure de potassium, chlorure de choline, bisulfate de sodium, taurine, sel,<br \/>\nmannan-oligosaccharides (pr\u00e9biotiques), carbonate de calcium, acide ascorbique (vitamine C), racine de chicor\u00e9 (une source d\u2019insuline) sulfate ferreux, oxyde de zinc, ac\u00e9tate d\u2019alpha-tocoph\u00e9rol (vitamine E), L-carnitine, extrait de Yucca schidigera, acide nicotinique, s\u00e9l\u00e9nite de sodium, chlorhydrate de pyridoxine, sulfate de cuivre, acide folique, iodate de calcium, oxyde de mangan\u00e8se, suppl\u00e9ment de vitamine A, d-pantoth\u00e9nate de calcium, mononitrate de thiamine, riboflavine, biotine, suppl\u00e9ment de vitamine B12, chol\u00e9calcif\u00e9rol (vitamine D3), carbonate de cobalt, complexe m\u00e9nadione bisulfite de sodium (une source d\u2019activit\u00e9 de vitamine K3), acide folique<\/p>\n<\/p>\n<div class=\"table-2\">\n<table width=\"100%\">\n<thead>\n<tr>\n<th align=\"left\">Poids du chat<\/th>\n<th align=\"left\">Quantit\u00e9 Quotidienne<\/th>\n<\/tr>\n<\/thead>\n<\/table>\n<\/div>\n<p>\n<\/p>\n<div class=\"table-1\">\n<table width=\"100%\">\n<thead>\n<tr>\n<th align=\"left\">Lbs<\/th>\n<th align=\"left\">Tasse<\/th>\n<\/tr>\n<\/thead>\n<tbody>\n<tr>\n<td align=\"left\">4 - 6<\/td>\n<td align=\"left\">1\/3 - 3\/8<\/td>\n<\/tr>\n<tr>\n<td align=\"left\">6 - 11<\/td>\n<td align=\"left\">3\/8 - 5\/8<\/td>\n<\/tr>\n<tr>\n<td align=\"left\">11 - 13<\/td>\n<td align=\"left\">5\/8 - 2\/3<\/td>\n<\/tr>\n<tr>\n<td align=\"left\">13+<\/td>\n<td align=\"left\">+1\/8 par 2 lbs<\/td>\n<\/tr>\n<\/tbody>\n<\/table>\n<\/div>\n<p>\n","protected":false},"excerpt":{"rendered":"<p>anti-boule de poil et beau pelage<\/p>\n","protected":false},"featured_media":27772,"comment_status":"closed","ping_status":"closed","template":"","meta":[],"product_brand":[],"product_cat":[1092,1093,1094],"product_tag":[1734],"pa_animal":[1847],"pa_couleur":[],"pa_duration":[],"pa_format":[1615,1616,1617],"pa_marque":[1840],"pa_type-de-produit":[],"class_list":{"0":"post-23860","1":"product","2":"type-product","3":"status-publish","4":"has-post-thumbnail","6":"product_cat-produits-pour-chat","7":"product_cat-chat-nourriture","8":"product_cat-chat-nourriture-seche","9":"product_tag-amibouff","10":"pa_animal-chat","11":"pa_format-petmobile-surf-and-turf-18-kg-en","12":"pa_format-petmobile-surf-and-turf-36-kg-en","13":"pa_format-petmobile-surf-and-turf-6-kg-en","14":"pa_marque-amibouff","15":"has-subscription-plans","17":"first","18":"instock","19":"taxable","20":"shipping-taxable","21":"purchasable","22":"product-type-variable"},"aioseo_notices":[],"_links":{"self":[{"href":"https:\/\/petmobile.ca\/fr\/wp-json\/wp\/v2\/product\/23860","targetHints":{"allow":["GET"]}}],"collection":[{"href":"https:\/\/petmobile.ca\/fr\/wp-json\/wp\/v2\/product"}],"about":[{"href":"https:\/\/petmobile.ca\/fr\/wp-json\/wp\/v2\/types\/product"}],"replies":[{"embeddable":true,"href":"https:\/\/petmobile.ca\/fr\/wp-json\/wp\/v2\/comments?post=23860"}],"wp:featuredmedia":[{"embeddable":true,"href":"https:\/\/petmobile.ca\/fr\/wp-json\/wp\/v2\/media\/27772"}],"wp:attachment":[{"href":"https:\/\/petmobile.ca\/fr\/wp-json\/wp\/v2\/media?parent=23860"}],"wp:term":[{"taxonomy":"product_brand","embeddable":true,"href":"https:\/\/petmobile.ca\/fr\/wp-json\/wp\/v2\/product_brand?post=23860"},{"taxonomy":"product_cat","embeddable":true,"href":"https:\/\/petmobile.ca\/fr\/wp-json\/wp\/v2\/product_cat?post=23860"},{"taxonomy":"product_tag","embeddable":true,"href":"https:\/\/petmobile.ca\/fr\/wp-json\/wp\/v2\/product_tag?post=23860"},{"taxonomy":"pa_animal","embeddable":true,"href":"https:\/\/petmobile.ca\/fr\/wp-json\/wp\/v2\/pa_animal?post=23860"},{"taxonomy":"pa_couleur","embeddable":true,"href":"https:\/\/petmobile.ca\/fr\/wp-json\/wp\/v2\/pa_couleur?post=23860"},{"taxonomy":"pa_duration","embeddable":true,"href":"https:\/\/petmobile.ca\/fr\/wp-json\/wp\/v2\/pa_duration?post=23860"},{"taxonomy":"pa_format","embeddable":true,"href":"https:\/\/petmobile.ca\/fr\/wp-json\/wp\/v2\/pa_format?post=23860"},{"taxonomy":"pa_marque","embeddable":true,"href":"https:\/\/petmobile.ca\/fr\/wp-json\/wp\/v2\/pa_marque?post=23860"},{"taxonomy":"pa_type-de-produit","embeddable":true,"href":"https:\/\/petmobile.ca\/fr\/wp-json\/wp\/v2\/pa_type-de-produit?post=23860"}],"curies":[{"name":"wp","href":"https:\/\/api.w.org\/{rel}","templated":true}]}}