{"id":23864,"date":"2019-01-21T11:29:48","date_gmt":"2019-01-21T16:29:48","guid":{"rendered":"https:\/\/petmobile.ca\/produit\/amibouff-vitalite\/"},"modified":"2025-09-25T13:13:24","modified_gmt":"2025-09-25T17:13:24","slug":"amibouff-vitalite","status":"publish","type":"product","link":"https:\/\/petmobile.ca\/fr\/produit\/amibouff-vitalite\/","title":{"rendered":"Amibouff  Vitalit\u00e9"},"content":{"rendered":"<p>Vitalit\u00e9 constitue le r\u00e9gime alimentaire id\u00e9al pour les chiens adultes qui ont un niveau d\u2019activit\u00e9 normal. Faite d\u2019ingr\u00e9dients de choix, cette formule assure \u00e0 votre chien un r\u00e9gime alimentaire journalier \u00e9quilibr\u00e9, lui procurant des niveaux optimaux de prot\u00e9ines, de mati\u00e8res grasses, de glucides, de vitamines et de min\u00e9raux.<\/p>\n<ul>\n<li>Complet et \u00e9quilibr\u00e9 - La vari\u00e9t\u00e9 et la qualit\u00e9 sup\u00e9rieure des ingr\u00e9dients utilis\u00e9s assurent \u00e0 votre animal une alimentation compl\u00e8te et \u00e9quilibr\u00e9e.<\/li>\n<li>Vitalit\u00e9 contient les \u00e9l\u00e9ments \u00e9nerg\u00e9tiques (lipides, glucides) et les vitamines permettant de maximiser la vitalit\u00e9 de votre animal.<\/li>\n<li>Syst\u00e8me immunitaire sain - Contient de l\u2018antioxydant tel que la vitamine E<\/li>\n<li>Enrichie de vitamines et min\u00e9raux - Contient des vitamines A, B, D, E et K ainsi qu\u2019une gamme compl\u00e8te de min\u00e9raux dont du calcium, du potassium et du phosphore.<\/li>\n<li>Syst\u00e8me digestif sain - Contient des enzymes, des probiotiques, des acides organiques, de l\u2019extrait de thym et de la pulpe de betterave.<\/li>\n<li>Peau saine et pelage brillant - Contient de l\u00e9cithine, du lin et du zinc.<\/li>\n<\/ul>\n<p><strong>Analyse garantie<\/strong><\/p>\n<p>Prot\u00e9ines brutes min. 26%<br \/>\nMati\u00e8res grasses brutes min. 15%<br \/>\nFibres brutes max. 5%<br \/>\nHumidit\u00e9 max. 12%<\/p>\n<p><strong>Sulfate de glucosamine<\/strong><br \/>\n500 mg\/kg<\/p>\n<p><strong>Sulfate de chondro\u00eftine\u00a0<\/strong><br \/>\n250 mg\/kg<\/p>\n<p><strong>Ingr\u00e9dients:<\/strong><\/p>\n<p>Issues de bl\u00e9, porc d\u00e9shydrat\u00e9, ma\u00efs jaune moulu, gluten de ma\u00efs deshydrat\u00e9, tourteau de soya, gras de poulet stabilis\u00e9 avec un m\u00e9lange de tocoph\u00e9rols (une source de vitamine E), pulpe de betteraves, graines de lin enti\u00e8res (une source d\u2019acides gras om\u00e9ga-3), l\u00e9cithine, propionate de calcium, sel, chlorure de choline, carbonate de calcium, sulfate de glucosamine, extrait yucca shidigera, sulfate de fer, sulfate de chondro\u00eftine, oxyde de zinc, ac\u00e9tate de dl-alpha-tocoph\u00e9rol (une source de vitamine E), s\u00e9l\u00e9nite de sodium, mononitrate de thiamine, sulfate de cuivre, iodate de calcium, chlorhydrate de pyridoxine, oxyde de mangan\u00e8se, acide nicotinique, pantoth\u00e9nate de d-calcium, suppl\u00e9ment de vitamine A, chol\u00e9calcif\u00e9rol (une source de vitamine D3), acide folique, riboflavine, complexe de m\u00e9nadione bisulfite de sodium (une source d\u2019activit\u00e9 de vitamine K3), biotine, suppl\u00e9ment de vitamine B12, carbonate de cobalt.<\/p>\n<\/p>\n<div class=\"table-2\">\n<table width=\"100%\">\n<thead>\n<tr>\n<th align=\"left\">Poids du chien<\/th>\n<th align=\"left\">Portion Journali\u00e8re<\/th>\n<\/tr>\n<\/thead>\n<\/table>\n<\/div>\n<p>\n<\/p>\n<div class=\"table-1\">\n<table width=\"100%\">\n<thead>\n<tr>\n<th align=\"left\">Lbs<\/th>\n<th align=\"left\">Kilogrammes<\/th>\n<th align=\"left\">Tasses<\/th>\n<th align=\"left\">Grammes<\/th>\n<\/tr>\n<\/thead>\n<tbody>\n<tr>\n<td align=\"left\">3 - 12<\/td>\n<td align=\"left\">1.5 -5.5<\/td>\n<td align=\"left\">3\/8 - 7\/8<\/td>\n<td align=\"left\">40 - 100<\/td>\n<\/tr>\n<tr>\n<td align=\"left\">12 - 20<\/td>\n<td align=\"left\">5.5 - 9.5<\/td>\n<td align=\"left\">7\/8 - 1 3\/8<\/td>\n<td align=\"left\">100 - 155<\/td>\n<\/tr>\n<tr>\n<td align=\"left\">20 - 35<\/td>\n<td align=\"left\">9.5 - 15.5<\/td>\n<td align=\"left\">1 3\/8 - 1 7\/8<\/td>\n<td align=\"left\">155 - 220<\/td>\n<\/tr>\n<tr>\n<td align=\"left\">35 - 50<\/td>\n<td align=\"left\">15.5 - 22.5<\/td>\n<td align=\"left\">1 7\/8 - 2 1\/2<\/td>\n<td align=\"left\">225 - 295<\/td>\n<\/tr>\n<tr>\n<td align=\"left\">50 - 75<\/td>\n<td align=\"left\">22.5 - 33.5<\/td>\n<td align=\"left\">2 5\/8 - 3 3\/8<\/td>\n<td align=\"left\">295 - 395<\/td>\n<\/tr>\n<tr>\n<td align=\"left\">75 - 100<\/td>\n<td align=\"left\">33.4 - 45.5<\/td>\n<td align=\"left\">3 3\/8 - 4 1\/4<\/td>\n<td align=\"left\">395 - 500<\/td>\n<\/tr>\n<tr>\n<td align=\"left\">100 +<\/td>\n<td align=\"left\">45.5 +<\/td>\n<td align=\"left\">4 1\/4+3\/8 par 10lbs<\/td>\n<td align=\"left\">500+40kg par 5kg<\/td>\n<\/tr>\n<\/tbody>\n<\/table>\n<\/div>\n<p>\n","protected":false},"excerpt":{"rendered":"<p>nourriture a base de porc tr\u00e8s compl\u00e8te<\/p>\n","protected":false},"featured_media":27654,"comment_status":"closed","ping_status":"closed","template":"","meta":[],"product_brand":[],"product_cat":[1109,2353,2358,1110,1111],"product_tag":[1734],"pa_animal":[1848],"pa_couleur":[],"pa_duration":[],"pa_format":[2106,2086,2927,2234],"pa_marque":[1840],"pa_type-de-produit":[],"class_list":{"0":"post-23864","1":"product","2":"type-product","3":"status-publish","4":"has-post-thumbnail","6":"product_cat-nourriture-et-produits-pour-chien","7":"product_cat-chien-avec-allergies","8":"product_cat-chien-en-sante","9":"product_cat-chien-nourriture","10":"product_cat-chien-nourriture-seche","11":"product_tag-amibouff","12":"pa_animal-chien","13":"pa_format-15kg-fr","14":"pa_format-18kg-fr","15":"pa_format-36kg","16":"pa_format-6kg-fr","17":"pa_marque-amibouff","18":"has-subscription-plans","20":"first","21":"instock","22":"featured","23":"taxable","24":"shipping-taxable","25":"purchasable","26":"product-type-variable"},"aioseo_notices":[],"_links":{"self":[{"href":"https:\/\/petmobile.ca\/fr\/wp-json\/wp\/v2\/product\/23864","targetHints":{"allow":["GET"]}}],"collection":[{"href":"https:\/\/petmobile.ca\/fr\/wp-json\/wp\/v2\/product"}],"about":[{"href":"https:\/\/petmobile.ca\/fr\/wp-json\/wp\/v2\/types\/product"}],"replies":[{"embeddable":true,"href":"https:\/\/petmobile.ca\/fr\/wp-json\/wp\/v2\/comments?post=23864"}],"wp:featuredmedia":[{"embeddable":true,"href":"https:\/\/petmobile.ca\/fr\/wp-json\/wp\/v2\/media\/27654"}],"wp:attachment":[{"href":"https:\/\/petmobile.ca\/fr\/wp-json\/wp\/v2\/media?parent=23864"}],"wp:term":[{"taxonomy":"product_brand","embeddable":true,"href":"https:\/\/petmobile.ca\/fr\/wp-json\/wp\/v2\/product_brand?post=23864"},{"taxonomy":"product_cat","embeddable":true,"href":"https:\/\/petmobile.ca\/fr\/wp-json\/wp\/v2\/product_cat?post=23864"},{"taxonomy":"product_tag","embeddable":true,"href":"https:\/\/petmobile.ca\/fr\/wp-json\/wp\/v2\/product_tag?post=23864"},{"taxonomy":"pa_animal","embeddable":true,"href":"https:\/\/petmobile.ca\/fr\/wp-json\/wp\/v2\/pa_animal?post=23864"},{"taxonomy":"pa_couleur","embeddable":true,"href":"https:\/\/petmobile.ca\/fr\/wp-json\/wp\/v2\/pa_couleur?post=23864"},{"taxonomy":"pa_duration","embeddable":true,"href":"https:\/\/petmobile.ca\/fr\/wp-json\/wp\/v2\/pa_duration?post=23864"},{"taxonomy":"pa_format","embeddable":true,"href":"https:\/\/petmobile.ca\/fr\/wp-json\/wp\/v2\/pa_format?post=23864"},{"taxonomy":"pa_marque","embeddable":true,"href":"https:\/\/petmobile.ca\/fr\/wp-json\/wp\/v2\/pa_marque?post=23864"},{"taxonomy":"pa_type-de-produit","embeddable":true,"href":"https:\/\/petmobile.ca\/fr\/wp-json\/wp\/v2\/pa_type-de-produit?post=23864"}],"curies":[{"name":"wp","href":"https:\/\/api.w.org\/{rel}","templated":true}]}}