{"id":23893,"date":"2019-03-18T11:29:58","date_gmt":"2019-03-18T16:29:58","guid":{"rendered":"https:\/\/petmobile.ca\/produit\/amibouff-optimum\/"},"modified":"2025-09-25T13:09:00","modified_gmt":"2025-09-25T17:09:00","slug":"petmobile-optimum","status":"publish","type":"product","link":"https:\/\/petmobile.ca\/fr\/produit\/petmobile-optimum\/","title":{"rendered":"Amibouff  Optimum"},"content":{"rendered":"<p>Optimum est la formule recommand\u00e9e d\u00e8s l\u2019\u00e2ge d\u2019un an. \u00c0 cet \u00e2ge, un chien est consid\u00e9r\u00e9 comme adulte, il faut donc lui fournir une nourriture sp\u00e9cialement con\u00e7ue pour ses nouveaux besoins. Cette formule r\u00e9pond aux besoins nutritifs des chiens ayant un niveau d\u2019activit\u00e9 normal \u00e0 \u00e9lev\u00e9. \u00c9galement pour les chiens qui passent beaucoup de temps dehors.<\/p>\n<ul>\n<li>Peau saine et pelage brillant - contient du gras de poulet et des graines de lins.<\/li>\n<li>Compl\u00e8te et \u00e9quilibr\u00e9e - prot\u00e9ine \u00e0 base de poulet, contient des vitamines A, B, D, E et K ainsi qu\u2019une gamme compl\u00e8te de min\u00e9raux dont du calcium, du potassium et du phosphore.<\/li>\n<li>Syst\u00e8me immunitaire sain - contient de la chicor\u00e9e, de l\u2019extrait de levure, des pr\u00e9biotiques et des antioxydants tels que la vitamine E, les tocoph\u00e9rols et des acides organiques.<\/li>\n<li>Os en sant\u00e9 - ajout de glucosamine et de chondro\u00eftine.<\/li>\n<li>Dents en sant\u00e9 - contient des fibres de betteraves, de pois, de luzerne et de pulpe de tomates pour aider \u00e0 nettoyer les dents.<\/li>\n<li>Aide \u00e0 mieux g\u00e9rer l\u2019\u00e9nergie - ajout de L-Carnitine.<\/li>\n<li>Odeur des selles r\u00e9duites - contient du Yucca schidigera.<\/li>\n<\/ul>\n<p><strong>Analyse garantie <\/strong><\/p>\n<p>Prot\u00e9ines brutes min. 24%<br \/>\nMati\u00e8res grasses brutes min. 14%<br \/>\nFibres brutes max. 4%<br \/>\nHumidit\u00e9 max. 10%<\/p>\n<p><strong>Sulfate de glucosamine<\/strong><br \/>\n500 mg\/kg<\/p>\n<p><strong>Sulfate de chondo\u00eftine<\/strong><br \/>\n250 mg\/kg<\/p>\n<p><strong>Ingr\u00e9dients:<\/strong><\/p>\n<p>Poulet d\u00e9shydrat\u00e9, patates douces, riz de brasserie, orge d\u00e9cortiqu\u00e9e, orge enti\u00e8re, gras de poulet conserv\u00e9 avec un m\u00e9lange naturel de tocoph\u00e9rols, poisson deshydrat\u00e9, pulpes de betterave, luzerne deshydrat\u00e9, fibres de pois, graines de lin enti\u00e8res, ar\u00f4me naturel, pur\u00e9e de tomates s\u00e9ch\u00e9es, chlorure de potassium, sel, carbonate de calcium, chlorure de choline, hydrochlorure de glucosamine, sulfate de chondro\u00eftine, ac\u00e9tate de alpha-tocoph\u00e9rol (source de vitamine E), extrait de Yucca schidigera, varech s\u00e9ch\u00e9, extrait de chicor\u00e9e (source d\u2019inuline), extrait de levure (source de grenades), citrouilles, \u00e9pinards, persil, extrait de th\u00e9 vert, curcuma, sulfate ferreux, oxyde de zinc, oxyde manganeux, prot\u00e9inate de zinc, acide nicotinique, pantoth\u00e9nate de D-calcium, prot\u00e9inate de mangan\u00e8se, suppl\u00e9ment de vitamine A, chol\u00e9calcif\u00e9rol (source de vitamine D3), mononitrate de thiamine, biotine, s\u00e9l\u00e9nite de sodium, prot\u00e9inate de cuivre, riboflavine, chlorhydrate de pyridoxine, suppl\u00e9ment de vitamine B12, iodate de calcium, acide folique.<\/p>\n<\/p>\n<div class=\"table-2\">\n<table width=\"100%\">\n<thead>\n<tr>\n<th align=\"left\">Poids du chien<\/th>\n<th align=\"left\">Portion Journali\u00e8re<\/th>\n<\/tr>\n<\/thead>\n<\/table>\n<\/div>\n<p>\n<\/p>\n<div class=\"table-1\">\n<table width=\"100%\">\n<thead>\n<tr>\n<th align=\"left\">Lbs<\/th>\n<th align=\"left\">Kilogrammes<\/th>\n<th align=\"left\">Tasses<\/th>\n<th align=\"left\">Grammes<\/th>\n<\/tr>\n<\/thead>\n<tbody>\n<tr>\n<td align=\"left\">3 - 12<\/td>\n<td align=\"left\">1.5 -5.5<\/td>\n<td align=\"left\">3\/8 - 1<\/td>\n<td align=\"left\">40 - 100<\/td>\n<\/tr>\n<tr>\n<td align=\"left\">12 - 20<\/td>\n<td align=\"left\">5.5 - 9.5<\/td>\n<td align=\"left\">1 - 1 3\/8<\/td>\n<td align=\"left\">100 - 150<\/td>\n<\/tr>\n<tr>\n<td align=\"left\">20 - 35<\/td>\n<td align=\"left\">9.5 - 15.5<\/td>\n<td align=\"left\">1 3\/8 - 2<\/td>\n<td align=\"left\">150 - 220<\/td>\n<\/tr>\n<tr>\n<td align=\"left\">35 - 50<\/td>\n<td align=\"left\">15.5 - 22.5<\/td>\n<td align=\"left\">2\u00a0 - 2 3\/4<\/td>\n<td align=\"left\">220 - 300<\/td>\n<\/tr>\n<tr>\n<td align=\"left\">50 - 75<\/td>\n<td align=\"left\">22.5 - 33.5<\/td>\n<td align=\"left\">2 3\/4 - 3 2\/3<\/td>\n<td align=\"left\">300 - 400<\/td>\n<\/tr>\n<tr>\n<td align=\"left\">75 - 100<\/td>\n<td align=\"left\">33.4 - 45.5<\/td>\n<td align=\"left\">3 2\/3 - 4 3\/4<\/td>\n<td align=\"left\">400 - 515<\/td>\n<\/tr>\n<tr>\n<td align=\"left\">100 +<\/td>\n<td align=\"left\">45.5 +<\/td>\n<td align=\"left\">4 3\/4+1\/2 par 10lbs<\/td>\n<td align=\"left\">515+50kg par 5kg<\/td>\n<\/tr>\n<\/tbody>\n<\/table>\n<\/div>\n<p>\n","protected":false},"excerpt":{"rendered":"<p>sans bl\u00e9, sans ma\u00efs et sans soya<\/p>\n","protected":false},"featured_media":27650,"comment_status":"closed","ping_status":"closed","template":"","meta":[],"product_brand":[],"product_cat":[1109,2354,1110,1111],"product_tag":[1734],"pa_animal":[1848],"pa_couleur":[],"pa_duration":[],"pa_format":[2106,2086,2927,2234],"pa_marque":[1840],"pa_type-de-produit":[],"class_list":{"0":"post-23893","1":"product","2":"type-product","3":"status-publish","4":"has-post-thumbnail","6":"product_cat-nourriture-et-produits-pour-chien","7":"product_cat-chiens-avec-problemes-de-digestion","8":"product_cat-chien-nourriture","9":"product_cat-chien-nourriture-seche","10":"product_tag-amibouff","11":"pa_animal-chien","12":"pa_format-15kg-fr","13":"pa_format-18kg-fr","14":"pa_format-36kg","15":"pa_format-6kg-fr","16":"pa_marque-amibouff","17":"has-subscription-plans","19":"first","20":"instock","21":"taxable","22":"shipping-taxable","23":"purchasable","24":"product-type-variable"},"aioseo_notices":[],"_links":{"self":[{"href":"https:\/\/petmobile.ca\/fr\/wp-json\/wp\/v2\/product\/23893","targetHints":{"allow":["GET"]}}],"collection":[{"href":"https:\/\/petmobile.ca\/fr\/wp-json\/wp\/v2\/product"}],"about":[{"href":"https:\/\/petmobile.ca\/fr\/wp-json\/wp\/v2\/types\/product"}],"replies":[{"embeddable":true,"href":"https:\/\/petmobile.ca\/fr\/wp-json\/wp\/v2\/comments?post=23893"}],"wp:featuredmedia":[{"embeddable":true,"href":"https:\/\/petmobile.ca\/fr\/wp-json\/wp\/v2\/media\/27650"}],"wp:attachment":[{"href":"https:\/\/petmobile.ca\/fr\/wp-json\/wp\/v2\/media?parent=23893"}],"wp:term":[{"taxonomy":"product_brand","embeddable":true,"href":"https:\/\/petmobile.ca\/fr\/wp-json\/wp\/v2\/product_brand?post=23893"},{"taxonomy":"product_cat","embeddable":true,"href":"https:\/\/petmobile.ca\/fr\/wp-json\/wp\/v2\/product_cat?post=23893"},{"taxonomy":"product_tag","embeddable":true,"href":"https:\/\/petmobile.ca\/fr\/wp-json\/wp\/v2\/product_tag?post=23893"},{"taxonomy":"pa_animal","embeddable":true,"href":"https:\/\/petmobile.ca\/fr\/wp-json\/wp\/v2\/pa_animal?post=23893"},{"taxonomy":"pa_couleur","embeddable":true,"href":"https:\/\/petmobile.ca\/fr\/wp-json\/wp\/v2\/pa_couleur?post=23893"},{"taxonomy":"pa_duration","embeddable":true,"href":"https:\/\/petmobile.ca\/fr\/wp-json\/wp\/v2\/pa_duration?post=23893"},{"taxonomy":"pa_format","embeddable":true,"href":"https:\/\/petmobile.ca\/fr\/wp-json\/wp\/v2\/pa_format?post=23893"},{"taxonomy":"pa_marque","embeddable":true,"href":"https:\/\/petmobile.ca\/fr\/wp-json\/wp\/v2\/pa_marque?post=23893"},{"taxonomy":"pa_type-de-produit","embeddable":true,"href":"https:\/\/petmobile.ca\/fr\/wp-json\/wp\/v2\/pa_type-de-produit?post=23893"}],"curies":[{"name":"wp","href":"https:\/\/api.w.org\/{rel}","templated":true}]}}