{"id":27309,"date":"2019-07-12T11:39:12","date_gmt":"2019-07-12T16:51:07","guid":{"rendered":"https:\/\/petmobile.ca\/produit\/purebites-poulet-40g\/"},"modified":"2023-10-06T12:12:47","modified_gmt":"2023-10-06T16:12:47","slug":"purebites-poulet-40g","status":"publish","type":"product","link":"https:\/\/petmobile.ca\/fr\/produit\/purebites-poulet-40g\/","title":{"rendered":"PureBites poulet"},"content":{"rendered":"<p>Allez-y, tournez le sac et regardez nos ingr\u00e9dients. Les G\u00e2teries PureBites<sup>\u00ae<\/sup>\u00a0contiennent 1 seul ingr\u00e9dient; de la poitrine de poulet de qualit\u00e9 humaine \u00e9lev\u00e9 aux \u00c9tats-Unis pure et naturelle. Les chiens raffolent du go\u00fbt des PureBites<sup>\u00ae<\/sup>, car nos g\u00e2teries sont s\u00e9ch\u00e9es \u00e0 froid afin de sceller la saveur, la texture et la fra\u00eecheur dont ils ont envie. Les propri\u00e9taires de chiens adorent les PureBites<sup>\u00ae<\/sup>, car nos g\u00e2teries sont pures \u00e0 100% et riches en nutriments pour une vie saine et heureuse.<\/p>\n","protected":false},"excerpt":{"rendered":"<p>Allez-y, tournez le sac et regardez nos ingr\u00e9dients. Les G\u00e2teries PureBites\u00ae\u00a0contiennent 1 seul ingr\u00e9dient; de la poitrine de poulet de<\/p>\n","protected":false},"featured_media":34706,"comment_status":"closed","ping_status":"closed","template":"","meta":[],"product_brand":[],"product_cat":[1109,1115,1998],"product_tag":[1871],"pa_animal":[1848],"pa_couleur":[],"pa_duration":[],"pa_format":[2275,2276,2277,2278],"pa_marque":[],"pa_type-de-produit":[],"class_list":{"0":"post-27309","1":"product","2":"type-product","3":"status-publish","4":"has-post-thumbnail","6":"product_cat-nourriture-et-produits-pour-chien","7":"product_cat-chien-gateries","8":"product_cat-chien-gateries-deshydratees","9":"product_tag-pure-bites","10":"pa_animal-chien","11":"pa_format-175g-fr","12":"pa_format-330g-fr","13":"pa_format-40g-fr","14":"pa_format-85g-fr","15":"has-subscription-plans","17":"first","18":"instock","19":"sold-individually","20":"taxable","21":"shipping-taxable","22":"purchasable","23":"product-type-variable","24":"has-default-attributes"},"aioseo_notices":[],"_links":{"self":[{"href":"https:\/\/petmobile.ca\/fr\/wp-json\/wp\/v2\/product\/27309","targetHints":{"allow":["GET"]}}],"collection":[{"href":"https:\/\/petmobile.ca\/fr\/wp-json\/wp\/v2\/product"}],"about":[{"href":"https:\/\/petmobile.ca\/fr\/wp-json\/wp\/v2\/types\/product"}],"replies":[{"embeddable":true,"href":"https:\/\/petmobile.ca\/fr\/wp-json\/wp\/v2\/comments?post=27309"}],"wp:featuredmedia":[{"embeddable":true,"href":"https:\/\/petmobile.ca\/fr\/wp-json\/wp\/v2\/media\/34706"}],"wp:attachment":[{"href":"https:\/\/petmobile.ca\/fr\/wp-json\/wp\/v2\/media?parent=27309"}],"wp:term":[{"taxonomy":"product_brand","embeddable":true,"href":"https:\/\/petmobile.ca\/fr\/wp-json\/wp\/v2\/product_brand?post=27309"},{"taxonomy":"product_cat","embeddable":true,"href":"https:\/\/petmobile.ca\/fr\/wp-json\/wp\/v2\/product_cat?post=27309"},{"taxonomy":"product_tag","embeddable":true,"href":"https:\/\/petmobile.ca\/fr\/wp-json\/wp\/v2\/product_tag?post=27309"},{"taxonomy":"pa_animal","embeddable":true,"href":"https:\/\/petmobile.ca\/fr\/wp-json\/wp\/v2\/pa_animal?post=27309"},{"taxonomy":"pa_couleur","embeddable":true,"href":"https:\/\/petmobile.ca\/fr\/wp-json\/wp\/v2\/pa_couleur?post=27309"},{"taxonomy":"pa_duration","embeddable":true,"href":"https:\/\/petmobile.ca\/fr\/wp-json\/wp\/v2\/pa_duration?post=27309"},{"taxonomy":"pa_format","embeddable":true,"href":"https:\/\/petmobile.ca\/fr\/wp-json\/wp\/v2\/pa_format?post=27309"},{"taxonomy":"pa_marque","embeddable":true,"href":"https:\/\/petmobile.ca\/fr\/wp-json\/wp\/v2\/pa_marque?post=27309"},{"taxonomy":"pa_type-de-produit","embeddable":true,"href":"https:\/\/petmobile.ca\/fr\/wp-json\/wp\/v2\/pa_type-de-produit?post=27309"}],"curies":[{"name":"wp","href":"https:\/\/api.w.org\/{rel}","templated":true}]}}