{"id":27369,"date":"2019-07-12T11:42:07","date_gmt":"2019-07-12T16:52:13","guid":{"rendered":"https:\/\/petmobile.ca\/produit\/kebab-sac-25\/"},"modified":"2022-06-09T08:20:09","modified_gmt":"2022-06-09T13:20:09","slug":"kebab-sac-25","status":"publish","type":"product","link":"https:\/\/petmobile.ca\/fr\/produit\/kebab-sac-25\/","title":{"rendered":"Junglemax <br> Kebab (25)"},"content":{"rendered":"<p><strong><u>INGR\u00c9DIENTS\u00a0<\/u>:<\/strong><\/p>\n<p>Cuir brut de buffle 100% naturel moulu<br \/>\nF\u00e9cule de manioc ( Tapioca qui sert comme liant pour former le produit )<br \/>\nColorant alimentaire<br \/>\nG\u00e9latine alimentaire<br \/>\nSorbate de Potassium<\/p>\n<p>Produit de la Tha\u00eflande<\/p>\n<p><strong><u>ANALYSE GARANTIE<\/u>\u00a0:<\/strong><\/p>\n<p>Prot\u00e9ines brutes\u00a0\u00a0\u00a0\u00a0\u00a0\u00a0\u00a0\u00a0\u00a0\u00a0\u00a0\u00a0 70,0 % min<br \/>\nGras brut\u00a0\u00a0\u00a0\u00a0\u00a0\u00a0\u00a0\u00a0\u00a0\u00a0\u00a0\u00a0\u00a0\u00a0\u00a0\u00a0\u00a0\u00a0\u00a0\u00a0\u00a0\u00a0\u00a0\u00a0\u00a0\u00a0 3,0 % min<br \/>\nFibres brutes\u00a0\u00a0\u00a0\u00a0\u00a0\u00a0\u00a0\u00a0\u00a0\u00a0\u00a0\u00a0\u00a0\u00a0\u00a0\u00a0\u00a0\u00a0\u00a0 1,0 % max<br \/>\nHumidit\u00e9\u00a0\u00a0\u00a0\u00a0\u00a0\u00a0\u00a0\u00a0\u00a0\u00a0\u00a0\u00a0\u00a0\u00a0\u00a0\u00a0\u00a0\u00a0\u00a0\u00a0\u00a0\u00a0\u00a0\u00a0 17,0% max<br \/>\nCendres\u00a0\u00a0\u00a0\u00a0\u00a0\u00a0\u00a0\u00a0\u00a0\u00a0\u00a0\u00a0\u00a0\u00a0\u00a0\u00a0\u00a0\u00a0\u00a0\u00a0\u00a0\u00a0\u00a0\u00a0\u00a0\u00a0\u00a0\u00a0 2,5 % max<\/p>\n<p>Conserver sans un endroit frais et sec<br \/>\nNON DESTIN\u00c9 \u00c0 \u00caTRE CONSOMM\u00c9 PAR UN HUMAIN<br \/>\nS\u2019ASSURER QUE VOTRE CHIEN AIT TOUJOURS ACC\u00c8S A DE L\u2019EAU FRA\u00ceCHE<\/p>\n","protected":false},"excerpt":{"rendered":"<p>Excellente source de prot\u00e9ines<\/p>\n<p>Aide \u00e0 nettoyer les dents et \u00e0 r\u00e9duire le tarte, ce qui am\u00e9liore l\u2019hygi\u00e8ne buccale<\/p>\n","protected":false},"featured_media":34712,"comment_status":"closed","ping_status":"closed","template":"","meta":[],"product_brand":[],"product_cat":[1109,1114],"product_tag":[2129],"pa_animal":[1848],"pa_couleur":[],"pa_duration":[],"pa_format":[2886,2897],"pa_marque":[],"pa_type-de-produit":[],"class_list":{"0":"post-27369","1":"product","2":"type-product","3":"status-publish","4":"has-post-thumbnail","6":"product_cat-nourriture-et-produits-pour-chien","7":"product_cat-chien-gateries-os-cuir-brut-parties-animales","8":"product_tag-junglemax-fr","9":"pa_animal-chien","10":"pa_format-1-unite","11":"pa_format-25-unites","12":"has-subscription-plans","14":"first","15":"instock","16":"taxable","17":"shipping-taxable","18":"purchasable","19":"product-type-variable"},"aioseo_notices":[],"_links":{"self":[{"href":"https:\/\/petmobile.ca\/fr\/wp-json\/wp\/v2\/product\/27369","targetHints":{"allow":["GET"]}}],"collection":[{"href":"https:\/\/petmobile.ca\/fr\/wp-json\/wp\/v2\/product"}],"about":[{"href":"https:\/\/petmobile.ca\/fr\/wp-json\/wp\/v2\/types\/product"}],"replies":[{"embeddable":true,"href":"https:\/\/petmobile.ca\/fr\/wp-json\/wp\/v2\/comments?post=27369"}],"wp:featuredmedia":[{"embeddable":true,"href":"https:\/\/petmobile.ca\/fr\/wp-json\/wp\/v2\/media\/34712"}],"wp:attachment":[{"href":"https:\/\/petmobile.ca\/fr\/wp-json\/wp\/v2\/media?parent=27369"}],"wp:term":[{"taxonomy":"product_brand","embeddable":true,"href":"https:\/\/petmobile.ca\/fr\/wp-json\/wp\/v2\/product_brand?post=27369"},{"taxonomy":"product_cat","embeddable":true,"href":"https:\/\/petmobile.ca\/fr\/wp-json\/wp\/v2\/product_cat?post=27369"},{"taxonomy":"product_tag","embeddable":true,"href":"https:\/\/petmobile.ca\/fr\/wp-json\/wp\/v2\/product_tag?post=27369"},{"taxonomy":"pa_animal","embeddable":true,"href":"https:\/\/petmobile.ca\/fr\/wp-json\/wp\/v2\/pa_animal?post=27369"},{"taxonomy":"pa_couleur","embeddable":true,"href":"https:\/\/petmobile.ca\/fr\/wp-json\/wp\/v2\/pa_couleur?post=27369"},{"taxonomy":"pa_duration","embeddable":true,"href":"https:\/\/petmobile.ca\/fr\/wp-json\/wp\/v2\/pa_duration?post=27369"},{"taxonomy":"pa_format","embeddable":true,"href":"https:\/\/petmobile.ca\/fr\/wp-json\/wp\/v2\/pa_format?post=27369"},{"taxonomy":"pa_marque","embeddable":true,"href":"https:\/\/petmobile.ca\/fr\/wp-json\/wp\/v2\/pa_marque?post=27369"},{"taxonomy":"pa_type-de-produit","embeddable":true,"href":"https:\/\/petmobile.ca\/fr\/wp-json\/wp\/v2\/pa_type-de-produit?post=27369"}],"curies":[{"name":"wp","href":"https:\/\/api.w.org\/{rel}","templated":true}]}}