{"id":27378,"date":"2019-07-12T11:42:07","date_gmt":"2019-07-12T16:42:07","guid":{"rendered":"https:\/\/petmobile.ca\/produit\/zanimo-omega-3-6-9-100ml\/"},"modified":"2023-10-06T16:57:38","modified_gmt":"2023-10-06T20:57:38","slug":"zanimo-omega-3-6-9-100ml","status":"publish","type":"product","link":"https:\/\/petmobile.ca\/fr\/produit\/zanimo-omega-3-6-9-100ml\/","title":{"rendered":"ZANIMO <br> Om\u00e9ga 3-6-9"},"content":{"rendered":"<p>ACIDES GRAS ESSENTIELS<br \/>\n\u00c0 partir de 2 mois d\u2019\u00e2ge.<\/p>\n<hr \/>\n<blockquote>\n<ul>\n<li>\n<p class=\"p1\"><strong>Nourrit, hydrate et prot\u00e8ge la peau<\/strong><\/p>\n<\/li>\n<li>\n<p class=\"p1\"><strong>Aide \u00e0 apaiser le grattage<\/strong><\/p>\n<\/li>\n<li>\n<p class=\"p1\"><strong>Allergies et d\u00e9mangeaisons<\/strong><\/p>\n<\/li>\n<li>\n<p class=\"p1\"><strong>S\u2019applique aussi sur la peau, p\u00e9n\u00e8tre facilement<\/strong><\/p>\n<\/li>\n<\/ul>\n<\/blockquote>\n<hr \/>\n<p>Programme quotidien\u00a0pour le chien, le cheval et l'oiseau<\/p>\n<table border=\"4\" width=\"770\" cellspacing=\"3\" cellpadding=\"0\">\n<tbody>\n<tr>\n<td><strong>POIDS<\/strong><\/td>\n<td>1 \u00e0\u00a020 lb<br \/>\n1 \u00e0 10 kg<\/td>\n<td>21\u00a0\u00e0\u00a040 lb<br \/>\n11 \u00e0 18 kg<\/td>\n<td>41 \u00e0 60 lb<br \/>\n19 \u00e0 27 kg<\/td>\n<td>61 \u00e0 80 lb<br \/>\n28 \u00e0 36 kg<\/td>\n<td>81 \u00e0 100 lb<br \/>\n37 \u00e0 45 kg<\/td>\n<td>+ de 100 lb<br \/>\n+ de 45 kg<\/td>\n<\/tr>\n<tr>\n<td>\u00a0<strong>QUANTIT\u00c9<\/strong><\/td>\n<td>1\u00a0\u00e0\u00a04 ml<\/td>\n<td>4 \u00e0 8\u00a0ml<\/td>\n<td>8 \u00e0 12\u00a0ml<\/td>\n<td>\u00a012 \u00e0 16\u00a0ml<\/td>\n<td>\u00a016 \u00e0 20\u00a0ml<\/td>\n<td>\u00a020\u00a0ml<\/td>\n<\/tr>\n<\/tbody>\n<\/table>\n<p>&nbsp;<\/p>\n<p>MODE D'EMPLOI:<strong><br \/>\n<\/strong>Agiter la bouteille avant usage. Verser sur la nourriture et m\u00e9langer la quantit\u00e9 recommand\u00e9e selon le poids de votre animal.<\/p>\n<p>Intensif:\u00a0Donner 1 fois par jour, durant 1 mois ou selon le besoin de votre animal.<\/p>\n<p>Pr\u00e9ventif:\u00a0Donner 1 fois par jour,4 fois par semaine durant 3 mois ou selon le besoin de votre animal.<\/p>\n<hr \/>\n<p class=\"p1\">L\u2019<strong>Om\u00e9ga 3-6-9<\/strong>\u00a0aide \u00e0 combler les besoins hebdomadaires en acides gras essentiels. Elle est un bon alli\u00e9 et un bon compl\u00e9ment sant\u00e9.<\/p>\n<hr \/>\n<p class=\"p1\"><em>Pr\u00e9cautions:\u00a0Avant de d\u00e9buter un programme intensif ou pr\u00e9ventif v\u00e9rifier aupr\u00e8s de votre m\u00e9decin-v\u00e9t\u00e9rinaire ou d\u2019un professionnel de la sant\u00e9 avant usage.\u00a0<\/em><em>Ne pas donner aux femelles en gestation ou qui allaitent. Si des effets ind\u00e9sirables se manifestent, consultez votre m\u00e9decin-v\u00e9t\u00e9rinaire. Tenir hors de la port\u00e9e des enfants.<\/em><\/p>\n<hr \/>\n<p><strong>Ingr\u00e9dients actifs par 15 ml :<br \/>\n<\/strong>Triticum\u00a0aestivum\u00a0(Germe de bl\u00e9)\u00a010 ml \/\u00a0Cannabis\u00a0sativa\u00a0(Chanvre)\u00a01,1 ml \/ Cocos\u00a0nucifera\u00a0(Huile de coco)\u00a01,3 ml \/ Linum\u00a0usitatissimum\u00a0(Graine de lin)\u00a01\u00a0ml \/ Dl-alpha\u00a0tocoph\u00e9rol\u00a0(Vitamine E)\u00a00,25\u00a0ml<\/p>\n<p><strong>Ingr\u00e9dients non m\u00e9dicinaux :<\/strong>\u00a0Ar\u00f4me naturel de boeuf, Acide citrique.<\/p>\n","protected":false},"excerpt":{"rendered":"<p>ACIDES GRAS ESSENTIELS \u00c0 partir de 2 mois d\u2019\u00e2ge. Nourrit, hydrate et prot\u00e8ge la peau Aide \u00e0 apaiser le grattage<\/p>\n","protected":false},"featured_media":41146,"comment_status":"closed","ping_status":"closed","template":"","meta":[],"product_brand":[],"product_cat":[1109],"product_tag":[2134],"pa_animal":[1847,2094,1848,2101],"pa_couleur":[],"pa_duration":[],"pa_format":[2697,2393],"pa_marque":[],"pa_type-de-produit":[],"class_list":{"0":"post-27378","1":"product","2":"type-product","3":"status-publish","4":"has-post-thumbnail","6":"product_cat-nourriture-et-produits-pour-chien","7":"product_tag-zanimo","8":"pa_animal-chat","9":"pa_animal-chaton","10":"pa_animal-chien","11":"pa_animal-chiot-fr","12":"pa_format-120ml-fr","13":"pa_format-250ml","14":"has-subscription-plans","16":"first","17":"outofstock","18":"taxable","19":"shipping-taxable","20":"purchasable","21":"product-type-variable"},"aioseo_notices":[],"_links":{"self":[{"href":"https:\/\/petmobile.ca\/fr\/wp-json\/wp\/v2\/product\/27378","targetHints":{"allow":["GET"]}}],"collection":[{"href":"https:\/\/petmobile.ca\/fr\/wp-json\/wp\/v2\/product"}],"about":[{"href":"https:\/\/petmobile.ca\/fr\/wp-json\/wp\/v2\/types\/product"}],"replies":[{"embeddable":true,"href":"https:\/\/petmobile.ca\/fr\/wp-json\/wp\/v2\/comments?post=27378"}],"wp:featuredmedia":[{"embeddable":true,"href":"https:\/\/petmobile.ca\/fr\/wp-json\/wp\/v2\/media\/41146"}],"wp:attachment":[{"href":"https:\/\/petmobile.ca\/fr\/wp-json\/wp\/v2\/media?parent=27378"}],"wp:term":[{"taxonomy":"product_brand","embeddable":true,"href":"https:\/\/petmobile.ca\/fr\/wp-json\/wp\/v2\/product_brand?post=27378"},{"taxonomy":"product_cat","embeddable":true,"href":"https:\/\/petmobile.ca\/fr\/wp-json\/wp\/v2\/product_cat?post=27378"},{"taxonomy":"product_tag","embeddable":true,"href":"https:\/\/petmobile.ca\/fr\/wp-json\/wp\/v2\/product_tag?post=27378"},{"taxonomy":"pa_animal","embeddable":true,"href":"https:\/\/petmobile.ca\/fr\/wp-json\/wp\/v2\/pa_animal?post=27378"},{"taxonomy":"pa_couleur","embeddable":true,"href":"https:\/\/petmobile.ca\/fr\/wp-json\/wp\/v2\/pa_couleur?post=27378"},{"taxonomy":"pa_duration","embeddable":true,"href":"https:\/\/petmobile.ca\/fr\/wp-json\/wp\/v2\/pa_duration?post=27378"},{"taxonomy":"pa_format","embeddable":true,"href":"https:\/\/petmobile.ca\/fr\/wp-json\/wp\/v2\/pa_format?post=27378"},{"taxonomy":"pa_marque","embeddable":true,"href":"https:\/\/petmobile.ca\/fr\/wp-json\/wp\/v2\/pa_marque?post=27378"},{"taxonomy":"pa_type-de-produit","embeddable":true,"href":"https:\/\/petmobile.ca\/fr\/wp-json\/wp\/v2\/pa_type-de-produit?post=27378"}],"curies":[{"name":"wp","href":"https:\/\/api.w.org\/{rel}","templated":true}]}}