{"id":29449,"date":"2019-10-21T11:52:55","date_gmt":"2019-10-21T15:52:55","guid":{"rendered":"https:\/\/petmobile.ca\/?post_type=product&#038;p=29449"},"modified":"2025-09-25T09:55:40","modified_gmt":"2025-09-25T13:55:40","slug":"amibouff-super-chiot-2","status":"publish","type":"product","link":"https:\/\/petmobile.ca\/fr\/produit\/amibouff-super-chiot-2\/","title":{"rendered":"Amibouff <br> Super Chiot"},"content":{"rendered":"<p>Super Chiot fournit une alimentation optimale pendant la premi\u00e8re ann\u00e9e, importante, de la vie de votre chiot. Le d\u00e9veloppement au cours de cette ann\u00e9e correspond \u00e0 la croissance d'un \u00eatre humain jusqu'\u00e0 la fin de l'adolescence. Cette formule est d\u00e9velopp\u00e9e scientifiquement pour assurer les concentrations en prot\u00e9ines et en acides gras n\u00e9cessaires aux chiots pour une croissance et un d\u00e9veloppement optimaux.<\/p>\n<ul>\n<li>Enrichi en vitamines et min\u00e9raux. Contient des vitamines ainsi qu'une gamme compl\u00e8te de min\u00e9raux, notamment du calcium, du potassium et du phosphore.<\/li>\n<li>D\u00e9veloppement osseux. Enrichi d'une gamme compl\u00e8te de min\u00e9raux.<\/li>\n<li>Une peau saine et un pelage brillant. Contient des acides gras essentiels.<\/li>\n<li>Vitalit\u00e9. Contient des \u00e9l\u00e9ments \u00e9nerg\u00e9tiques (lipides, glucides) et des vitamines pour optimiser la vitalit\u00e9 de votre animal.<\/li>\n<li>D\u00e9veloppement musculaire. Contient des prot\u00e9ines de haute qualit\u00e9 provenant du poulet.<\/li>\n<li>Syst\u00e8me digestif sain. Contient des enzymes, des probiotiques, des acides organiques, de l'extrait de thym et de la racine de betterave.<\/li>\n<\/ul>\n<p><strong>Analyses Garanties<\/strong><\/p>\n<p>28% minimum de prot\u00e9ines brutes<br \/>14% minimum Mati\u00e8res grasses brutes<br \/>5,5% minimum Humidit\u00e9<br \/>10% maximum de fibres brutes<\/p>\n<p><strong>Ingr\u00e9dients :<\/strong><\/p>\n<p>Poulet d\u00e9shydrat\u00e9 (source de sulfate de chondro\u00eftine), ma\u00efs jaune moulu, farine basse de bl\u00e9, gluten de ma\u00efs, graisse de poulet conserv\u00e9e naturellement avec un m\u00e9lange de tocoph\u00e9rols, racine de betterave s\u00e9ch\u00e9e, farine de luzerne d\u00e9shydrat\u00e9e, graines de lin enti\u00e8res, carbonate de calcium, phosphate monocalcique, sel, ar\u00f4me naturel, propionate de calcium (comme agent de conservation), chlorure de potassium, chlorure de choline, sulfate ferreux, extrait de chicor\u00e9e (une source d'inuline), sulfate de glucosamine, ac\u00e9tate d'alpha-tocoph\u00e9rol (une source de vitamine E), oxyde de zinc, extrait de Yucca schidigera, extrait de levure (une source de mannan-oligosaccharides), oxyde manganeux, acide nicotinique, pantoth\u00e9nate de D-calcium, suppl\u00e9ment de vitamine A, chol\u00e9calcif\u00e9rol (source de vitamine D3), mononitrate de thiamine, prot\u00e9inate de zinc, biotine, s\u00e9l\u00e9nite de sodium, riboflavine, prot\u00e9inate de mangan\u00e8se, chlorhydrate de pyridoxine, suppl\u00e9ment de vitamine B12, iodate de calcium, prot\u00e9inate de cuivre, acide folique.<\/p>\n<\/p>\n<p><br data-mce-bogus=\"1\"><\/p>\n<p>\n<\/p>\n<div class=\"table-1\">\n<table width=\"100%\" class=\"mce-item-table\">\n<thead>\n<tr>\n<th align=\"left\">Lbs<\/th>\n<th align=\"left\">Kilogrammes<\/th>\n<th align=\"left\">Cup<\/th>\n<th align=\"left\">Grammes<\/th>\n<\/tr>\n<\/thead>\n<tbody>\n<tr>\n<td align=\"left\">3 - 12<\/td>\n<td align=\"left\">1.5 -5.5<\/td>\n<td align=\"left\">3\/4 - 2 1\/8<\/td>\n<td align=\"left\">85 - 230<\/td>\n<\/tr>\n<tr>\n<td align=\"left\">12 - 20<\/td>\n<td align=\"left\">5.5 - 9.5<\/td>\n<td align=\"left\">2 1\/8 - 3 1\/4<\/td>\n<td align=\"left\">230 - 350<\/td>\n<\/tr>\n<tr>\n<td align=\"left\">20 - 35<\/td>\n<td align=\"left\">9.5 - 15.5<\/td>\n<td align=\"left\">3 1\/4 - 4 5\/8<\/td>\n<td align=\"left\">350 - 505<\/td>\n<\/tr>\n<tr>\n<td align=\"left\">35 - 50<\/td>\n<td align=\"left\">15.5 - 22.5<\/td>\n<td align=\"left\">4 5\/8 - 6 1\/8<\/td>\n<td align=\"left\">505 - 665<\/td>\n<\/tr>\n<tr>\n<td align=\"left\">50 - 75<\/td>\n<td align=\"left\">22.5 - 33.5<\/td>\n<td align=\"left\">6 1\/8 - 8 1\/4<\/td>\n<td align=\"left\">665 - 895<\/td>\n<\/tr>\n<tr>\n<td align=\"left\">75 - 100<\/td>\n<td align=\"left\">33.4 - 45.5<\/td>\n<td align=\"left\">8 1\/4 - 10 3\/8<\/td>\n<td align=\"left\">895 - 1130<\/td>\n<\/tr>\n<tr>\n<td align=\"left\">100 +<\/td>\n<td align=\"left\">45.5 +<\/td>\n<td align=\"left\">10 3\/8+7\/8 par 10lbs<\/td>\n<td align=\"left\">1130+95kg par 5kg<\/td>\n<\/tr>\n<\/tbody>\n<\/table>\n<\/div>\n<p>\n","protected":false},"excerpt":{"rendered":"<p><br data-mce-bogus=\"1\"><\/p>\n","protected":false},"featured_media":29481,"comment_status":"closed","ping_status":"closed","template":"","meta":[],"product_brand":[],"product_cat":[1109,1110,1111],"product_tag":[1734],"pa_animal":[2101],"pa_couleur":[],"pa_duration":[],"pa_format":[2106,2254,2017],"pa_marque":[1840],"pa_type-de-produit":[],"class_list":{"0":"post-29449","1":"product","2":"type-product","3":"status-publish","4":"has-post-thumbnail","6":"product_cat-nourriture-et-produits-pour-chien","7":"product_cat-chien-nourriture","8":"product_cat-chien-nourriture-seche","9":"product_tag-amibouff","10":"pa_animal-chiot-fr","11":"pa_format-15kg-fr","12":"pa_format-3-6kg-fr","13":"pa_format-6kg-2","14":"pa_marque-amibouff","15":"has-subscription-plans","17":"first","18":"instock","19":"taxable","20":"shipping-taxable","21":"purchasable","22":"product-type-variable"},"aioseo_notices":[],"_links":{"self":[{"href":"https:\/\/petmobile.ca\/fr\/wp-json\/wp\/v2\/product\/29449","targetHints":{"allow":["GET"]}}],"collection":[{"href":"https:\/\/petmobile.ca\/fr\/wp-json\/wp\/v2\/product"}],"about":[{"href":"https:\/\/petmobile.ca\/fr\/wp-json\/wp\/v2\/types\/product"}],"replies":[{"embeddable":true,"href":"https:\/\/petmobile.ca\/fr\/wp-json\/wp\/v2\/comments?post=29449"}],"wp:featuredmedia":[{"embeddable":true,"href":"https:\/\/petmobile.ca\/fr\/wp-json\/wp\/v2\/media\/29481"}],"wp:attachment":[{"href":"https:\/\/petmobile.ca\/fr\/wp-json\/wp\/v2\/media?parent=29449"}],"wp:term":[{"taxonomy":"product_brand","embeddable":true,"href":"https:\/\/petmobile.ca\/fr\/wp-json\/wp\/v2\/product_brand?post=29449"},{"taxonomy":"product_cat","embeddable":true,"href":"https:\/\/petmobile.ca\/fr\/wp-json\/wp\/v2\/product_cat?post=29449"},{"taxonomy":"product_tag","embeddable":true,"href":"https:\/\/petmobile.ca\/fr\/wp-json\/wp\/v2\/product_tag?post=29449"},{"taxonomy":"pa_animal","embeddable":true,"href":"https:\/\/petmobile.ca\/fr\/wp-json\/wp\/v2\/pa_animal?post=29449"},{"taxonomy":"pa_couleur","embeddable":true,"href":"https:\/\/petmobile.ca\/fr\/wp-json\/wp\/v2\/pa_couleur?post=29449"},{"taxonomy":"pa_duration","embeddable":true,"href":"https:\/\/petmobile.ca\/fr\/wp-json\/wp\/v2\/pa_duration?post=29449"},{"taxonomy":"pa_format","embeddable":true,"href":"https:\/\/petmobile.ca\/fr\/wp-json\/wp\/v2\/pa_format?post=29449"},{"taxonomy":"pa_marque","embeddable":true,"href":"https:\/\/petmobile.ca\/fr\/wp-json\/wp\/v2\/pa_marque?post=29449"},{"taxonomy":"pa_type-de-produit","embeddable":true,"href":"https:\/\/petmobile.ca\/fr\/wp-json\/wp\/v2\/pa_type-de-produit?post=29449"}],"curies":[{"name":"wp","href":"https:\/\/api.w.org\/{rel}","templated":true}]}}