{"id":29715,"date":"2019-10-29T14:35:04","date_gmt":"2019-10-29T18:35:04","guid":{"rendered":"https:\/\/petmobile.ca\/?post_type=product&#038;p=29715"},"modified":"2024-03-13T13:12:33","modified_gmt":"2024-03-13T17:12:33","slug":"advantage-saumon-pois","status":"publish","type":"product","link":"https:\/\/petmobile.ca\/fr\/produit\/advantage-saumon-pois\/","title":{"rendered":"ADVANTAGE <br> Saumon &#038; pois"},"content":{"rendered":"<p><strong>INGREDIENTS : <\/strong><\/p>\n<p>Saumon, pois, farine de sous-produits de volaille, farine de porc, gras de volaille (conserv\u00e9 avec un m\u00e9lange de tocoph\u00e9rols), orge entier moulu, graines de lin, pulpes de bettraves d\u00e9shydrat\u00e9es,\u00a0 ar\u00f4mes naturels, huile de saumon, pommes enti\u00e8res s\u00e8ches, carottes enti\u00e8res s\u00e8ches, canneberges enti\u00e8res s\u00e8ches, \u00e9pinards entiers secs, patates douces enti\u00e8res s\u00e8ches, tomates enti\u00e8res s\u00e8ches,\u00a0 min\u00e9raux ch\u00e9lat\u00e9s<\/p>\n<p><strong>AG : <\/strong><\/p>\n<p>Prot\u00e9ines brutes (MIN.) 26 %<br \/>\nMati\u00e8res grasses brutes (MIN.) 16 %<br \/>\nFibres brutes (MAX.) 4 %<br \/>\nHumidit\u00e9 (MAX.) 10 %<\/p>\n","protected":false},"excerpt":{"rendered":"<p>INGREDIENTS : Saumon, pois, farine de sous-produits de volaille, farine de porc, gras de volaille (conserv\u00e9 avec un m\u00e9lange de<\/p>\n","protected":false},"featured_media":32153,"comment_status":"closed","ping_status":"closed","template":"","meta":[],"product_brand":[],"product_cat":[1109,1110,1111],"product_tag":[2124],"pa_animal":[1848],"pa_couleur":[],"pa_duration":[],"pa_format":[2177,2017],"pa_marque":[],"pa_type-de-produit":[],"class_list":{"0":"post-29715","1":"product","2":"type-product","3":"status-publish","4":"has-post-thumbnail","6":"product_cat-nourriture-et-produits-pour-chien","7":"product_cat-chien-nourriture","8":"product_cat-chien-nourriture-seche","9":"product_tag-advantage-fr-2","10":"pa_animal-chien","11":"pa_format-16kg-fr","12":"pa_format-6kg-2","13":"has-subscription-plans","15":"first","16":"instock","17":"taxable","18":"shipping-taxable","19":"purchasable","20":"product-type-variable"},"aioseo_notices":[],"_links":{"self":[{"href":"https:\/\/petmobile.ca\/fr\/wp-json\/wp\/v2\/product\/29715","targetHints":{"allow":["GET"]}}],"collection":[{"href":"https:\/\/petmobile.ca\/fr\/wp-json\/wp\/v2\/product"}],"about":[{"href":"https:\/\/petmobile.ca\/fr\/wp-json\/wp\/v2\/types\/product"}],"replies":[{"embeddable":true,"href":"https:\/\/petmobile.ca\/fr\/wp-json\/wp\/v2\/comments?post=29715"}],"wp:featuredmedia":[{"embeddable":true,"href":"https:\/\/petmobile.ca\/fr\/wp-json\/wp\/v2\/media\/32153"}],"wp:attachment":[{"href":"https:\/\/petmobile.ca\/fr\/wp-json\/wp\/v2\/media?parent=29715"}],"wp:term":[{"taxonomy":"product_brand","embeddable":true,"href":"https:\/\/petmobile.ca\/fr\/wp-json\/wp\/v2\/product_brand?post=29715"},{"taxonomy":"product_cat","embeddable":true,"href":"https:\/\/petmobile.ca\/fr\/wp-json\/wp\/v2\/product_cat?post=29715"},{"taxonomy":"product_tag","embeddable":true,"href":"https:\/\/petmobile.ca\/fr\/wp-json\/wp\/v2\/product_tag?post=29715"},{"taxonomy":"pa_animal","embeddable":true,"href":"https:\/\/petmobile.ca\/fr\/wp-json\/wp\/v2\/pa_animal?post=29715"},{"taxonomy":"pa_couleur","embeddable":true,"href":"https:\/\/petmobile.ca\/fr\/wp-json\/wp\/v2\/pa_couleur?post=29715"},{"taxonomy":"pa_duration","embeddable":true,"href":"https:\/\/petmobile.ca\/fr\/wp-json\/wp\/v2\/pa_duration?post=29715"},{"taxonomy":"pa_format","embeddable":true,"href":"https:\/\/petmobile.ca\/fr\/wp-json\/wp\/v2\/pa_format?post=29715"},{"taxonomy":"pa_marque","embeddable":true,"href":"https:\/\/petmobile.ca\/fr\/wp-json\/wp\/v2\/pa_marque?post=29715"},{"taxonomy":"pa_type-de-produit","embeddable":true,"href":"https:\/\/petmobile.ca\/fr\/wp-json\/wp\/v2\/pa_type-de-produit?post=29715"}],"curies":[{"name":"wp","href":"https:\/\/api.w.org\/{rel}","templated":true}]}}