{"id":29929,"date":"2019-11-27T11:54:58","date_gmt":"2019-11-27T15:55:55","guid":{"rendered":"https:\/\/petmobile.ca\/?post_type=product&#038;p=29929"},"modified":"2023-09-21T13:46:33","modified_gmt":"2023-09-21T17:46:33","slug":"kong-extreme","status":"publish","type":"product","link":"https:\/\/petmobile.ca\/fr\/produit\/kong-extreme\/","title":{"rendered":"Kong <br> Xtreme"},"content":{"rendered":"<p>Le jouet KONG Extreme pour chien est fait du caoutchouc KONG le plus solide et durable. Con\u00e7u pour les masticateurs les plus f\u00e9roces, le KONG Extreme offre un vrai d\u00e9fi aux chiens et leur permet de satisfaire leurs instincts. La formule unique du caoutchouc 100 % naturel du KONG est ultra-r\u00e9sistante et con\u00e7ue pour les masticateurs intenses, alors que son rebond d\u00e9concertant satisfait les chiens qui ont besoin de jouer. Vous voulez prolonger le moment de jeu ? Remplissez le jouet d'app\u00e9tissantes croquettes pour chien agr\u00e9ment\u00e9es d'une lichette de beurre de cacahu\u00e8te. Augmenter le d\u00e9fi en ajoutant des KONG Snacks et terminer par de la p\u00e2te KONG Easy Treat. Farcir et congeler pour faire durer le d\u00e9fi.<\/p>\n","protected":false},"excerpt":{"rendered":"<p>Le jouet KONG Extreme pour chien est fait du caoutchouc KONG le plus solide et durable. Con\u00e7u pour les masticateurs<\/p>\n","protected":false},"featured_media":29923,"comment_status":"closed","ping_status":"closed","template":"","meta":[],"product_brand":[],"product_cat":[1109,1120],"product_tag":[2131],"pa_animal":[1848],"pa_couleur":[],"pa_duration":[],"pa_format":[2097,2096,2095,2098,2099],"pa_marque":[2123],"pa_type-de-produit":[],"class_list":{"0":"post-29929","1":"product","2":"type-product","3":"status-publish","4":"has-post-thumbnail","6":"product_cat-nourriture-et-produits-pour-chien","7":"product_cat-chien-accessoires-jouets","8":"product_tag-kong-fr","9":"pa_animal-chien","10":"pa_format-grand-fr","11":"pa_format-moyen-fr","12":"pa_format-petit-fr","13":"pa_format-tres-grand-fr","14":"pa_format-tres-tres-grand","15":"pa_marque-kong-fr","16":"has-subscription-plans","18":"first","19":"instock","20":"featured","21":"taxable","22":"shipping-taxable","23":"purchasable","24":"product-type-variable"},"aioseo_notices":[],"_links":{"self":[{"href":"https:\/\/petmobile.ca\/fr\/wp-json\/wp\/v2\/product\/29929","targetHints":{"allow":["GET"]}}],"collection":[{"href":"https:\/\/petmobile.ca\/fr\/wp-json\/wp\/v2\/product"}],"about":[{"href":"https:\/\/petmobile.ca\/fr\/wp-json\/wp\/v2\/types\/product"}],"replies":[{"embeddable":true,"href":"https:\/\/petmobile.ca\/fr\/wp-json\/wp\/v2\/comments?post=29929"}],"wp:featuredmedia":[{"embeddable":true,"href":"https:\/\/petmobile.ca\/fr\/wp-json\/wp\/v2\/media\/29923"}],"wp:attachment":[{"href":"https:\/\/petmobile.ca\/fr\/wp-json\/wp\/v2\/media?parent=29929"}],"wp:term":[{"taxonomy":"product_brand","embeddable":true,"href":"https:\/\/petmobile.ca\/fr\/wp-json\/wp\/v2\/product_brand?post=29929"},{"taxonomy":"product_cat","embeddable":true,"href":"https:\/\/petmobile.ca\/fr\/wp-json\/wp\/v2\/product_cat?post=29929"},{"taxonomy":"product_tag","embeddable":true,"href":"https:\/\/petmobile.ca\/fr\/wp-json\/wp\/v2\/product_tag?post=29929"},{"taxonomy":"pa_animal","embeddable":true,"href":"https:\/\/petmobile.ca\/fr\/wp-json\/wp\/v2\/pa_animal?post=29929"},{"taxonomy":"pa_couleur","embeddable":true,"href":"https:\/\/petmobile.ca\/fr\/wp-json\/wp\/v2\/pa_couleur?post=29929"},{"taxonomy":"pa_duration","embeddable":true,"href":"https:\/\/petmobile.ca\/fr\/wp-json\/wp\/v2\/pa_duration?post=29929"},{"taxonomy":"pa_format","embeddable":true,"href":"https:\/\/petmobile.ca\/fr\/wp-json\/wp\/v2\/pa_format?post=29929"},{"taxonomy":"pa_marque","embeddable":true,"href":"https:\/\/petmobile.ca\/fr\/wp-json\/wp\/v2\/pa_marque?post=29929"},{"taxonomy":"pa_type-de-produit","embeddable":true,"href":"https:\/\/petmobile.ca\/fr\/wp-json\/wp\/v2\/pa_type-de-produit?post=29929"}],"curies":[{"name":"wp","href":"https:\/\/api.w.org\/{rel}","templated":true}]}}