{"id":29990,"date":"2019-12-04T15:28:40","date_gmt":"2019-12-04T19:28:40","guid":{"rendered":"https:\/\/petmobile.ca\/?post_type=product&#038;p=29990"},"modified":"2023-11-27T14:26:38","modified_gmt":"2023-11-27T19:26:38","slug":"kong-classic","status":"publish","type":"product","link":"https:\/\/petmobile.ca\/fr\/produit\/kong-classic\/","title":{"rendered":"Kong  T2"},"content":{"rendered":"<p>Le classique jouet KONG demeure la r\u00e9f\u00e9rence des jouets pour chiens depuis plus de trente ans. Sa mati\u00e8re rouge ultra-rebondissant \u00e0 base de caoutchouc naturel est parfaite pour les chiens qui aiment m\u00e2cher. Il peut \u00eatre rempli de friandises, p\u00e2tes et beurre d'arachide pour allonger le temps de jeu. Cet item est con\u00e7u pour rebondir impr\u00e9visiblement; il devient si stimulant de le lancer et le rapporter! Ce produit ind\u00e9modable est recommand\u00e9 dans le monde entier par les v\u00e9t\u00e9rinaires, les dresseurs et les amoureux des chiens. Il est fabriqu\u00e9 aux \u00c9tats-Unis.<\/p>\n","protected":false},"excerpt":{"rendered":"<p>Le classique jouet KONG demeure la r\u00e9f\u00e9rence des jouets pour chiens depuis plus de trente ans. Sa mati\u00e8re rouge ultra-rebondissant<\/p>\n","protected":false},"featured_media":29991,"comment_status":"closed","ping_status":"closed","template":"","meta":[],"product_brand":[],"product_cat":[1117,1109,1120],"product_tag":[2131],"pa_animal":[1848],"pa_couleur":[],"pa_duration":[],"pa_format":[2062,2095,2063,2067],"pa_marque":[2065],"pa_type-de-produit":[],"class_list":{"0":"post-29990","1":"product","2":"type-product","3":"status-publish","4":"has-post-thumbnail","6":"product_cat-chien-accessoires","7":"product_cat-nourriture-et-produits-pour-chien","8":"product_cat-chien-accessoires-jouets","9":"product_tag-kong-fr","10":"pa_animal-chien","11":"pa_format-grand","12":"pa_format-petit-fr","13":"pa_format-tres-grand","14":"pa_format-tres-petit","15":"pa_marque-kong-2","16":"has-subscription-plans","18":"first","19":"instock","20":"taxable","21":"shipping-taxable","22":"purchasable","23":"product-type-variable"},"aioseo_notices":[],"_links":{"self":[{"href":"https:\/\/petmobile.ca\/fr\/wp-json\/wp\/v2\/product\/29990","targetHints":{"allow":["GET"]}}],"collection":[{"href":"https:\/\/petmobile.ca\/fr\/wp-json\/wp\/v2\/product"}],"about":[{"href":"https:\/\/petmobile.ca\/fr\/wp-json\/wp\/v2\/types\/product"}],"replies":[{"embeddable":true,"href":"https:\/\/petmobile.ca\/fr\/wp-json\/wp\/v2\/comments?post=29990"}],"wp:featuredmedia":[{"embeddable":true,"href":"https:\/\/petmobile.ca\/fr\/wp-json\/wp\/v2\/media\/29991"}],"wp:attachment":[{"href":"https:\/\/petmobile.ca\/fr\/wp-json\/wp\/v2\/media?parent=29990"}],"wp:term":[{"taxonomy":"product_brand","embeddable":true,"href":"https:\/\/petmobile.ca\/fr\/wp-json\/wp\/v2\/product_brand?post=29990"},{"taxonomy":"product_cat","embeddable":true,"href":"https:\/\/petmobile.ca\/fr\/wp-json\/wp\/v2\/product_cat?post=29990"},{"taxonomy":"product_tag","embeddable":true,"href":"https:\/\/petmobile.ca\/fr\/wp-json\/wp\/v2\/product_tag?post=29990"},{"taxonomy":"pa_animal","embeddable":true,"href":"https:\/\/petmobile.ca\/fr\/wp-json\/wp\/v2\/pa_animal?post=29990"},{"taxonomy":"pa_couleur","embeddable":true,"href":"https:\/\/petmobile.ca\/fr\/wp-json\/wp\/v2\/pa_couleur?post=29990"},{"taxonomy":"pa_duration","embeddable":true,"href":"https:\/\/petmobile.ca\/fr\/wp-json\/wp\/v2\/pa_duration?post=29990"},{"taxonomy":"pa_format","embeddable":true,"href":"https:\/\/petmobile.ca\/fr\/wp-json\/wp\/v2\/pa_format?post=29990"},{"taxonomy":"pa_marque","embeddable":true,"href":"https:\/\/petmobile.ca\/fr\/wp-json\/wp\/v2\/pa_marque?post=29990"},{"taxonomy":"pa_type-de-produit","embeddable":true,"href":"https:\/\/petmobile.ca\/fr\/wp-json\/wp\/v2\/pa_type-de-produit?post=29990"}],"curies":[{"name":"wp","href":"https:\/\/api.w.org\/{rel}","templated":true}]}}