{"id":30440,"date":"2019-12-17T15:00:06","date_gmt":"2019-12-17T19:09:07","guid":{"rendered":"https:\/\/petmobile.ca\/?post_type=product&#038;p=30440"},"modified":"2024-09-19T13:16:21","modified_gmt":"2024-09-19T17:16:21","slug":"pronature-poulet-avec-avoine","status":"publish","type":"product","link":"https:\/\/petmobile.ca\/fr\/produit\/pronature-poulet-avec-avoine\/","title":{"rendered":"Pronature <br> Poulet avec avoine"},"content":{"rendered":"<p>INGR\u00c9DIENTS :<\/p>\n<p>Farine de poulet, ma\u00efs, avoine, gras de poulet conserv\u00e9 naturellement avec un m\u00e9lange de tocoph\u00e9rols, farine de gluten de ma\u00efs, pulpe de betteraves s\u00e9ch\u00e9e, saveur naturelle, carbonate de calcium, sel, huile de menhaden, graines de lin enti\u00e8res, propionate de calcium (comme agent de conservation), chlorure de choline, chlorure de potassium, sulfate ferreux, ac\u00e9tate d\u2019alpha-tocoph\u00e9rol (une source de vitamine E), oxyde de zinc, extrait de Yucca schidigera, extrait de romarin, oxyde manganeux, acide nicotinique, pantoth\u00e9nate de d-calcium, prot\u00e9inate de zinc, suppl\u00e9ment de vitamine A, chol\u00e9calcif\u00e9rol (une source de vitamine D3), mononitrate de thiamine, prot\u00e9inate de mangan\u00e8se, biotine, s\u00e9l\u00e9nite de sodium, riboflavine, prot\u00e9inate de cuivre, chlorhydrate de pyridoxine, suppl\u00e9ment de vitamine B12, iodate de calcium, acide folique.<\/p>\n<p>ANALYSES GARANTIES :<\/p>\n<p>Prot\u00e9ines brutes 26 % minimum,<br \/>\nmati\u00e8res grasses brutes 16 % minimum,<br \/>\nfibres brutes 4 % maximum,<br \/>\nhumidit\u00e9 10 % maximum,<br \/>\ncendres 8 % maximum,<br \/>\ncalcium 1,1 % minimum,<br \/>\nphosphore 0,7 % minimum,<br \/>\nsodium 0,3 % minimum,<br \/>\nvitamine A 12 500 UI\/kg minimum,<br \/>\nvitamine D3 1150 UI\/kg minimum,<br \/>\nvitamine E 80 UI\/kg minimum.<\/p>\n","protected":false},"excerpt":{"rendered":"<p>INGR\u00c9DIENTS : Farine de poulet, ma\u00efs, avoine, gras de poulet conserv\u00e9 naturellement avec un m\u00e9lange de tocoph\u00e9rols, farine de gluten<\/p>\n","protected":false},"featured_media":30439,"comment_status":"closed","ping_status":"closed","template":"","meta":[],"product_brand":[],"product_cat":[1109,1110,1111],"product_tag":[2115],"pa_animal":[1848],"pa_couleur":[],"pa_duration":[],"pa_format":[2085,2084],"pa_marque":[2087],"pa_type-de-produit":[],"class_list":{"0":"post-30440","1":"product","2":"type-product","3":"status-publish","4":"has-post-thumbnail","6":"product_cat-nourriture-et-produits-pour-chien","7":"product_cat-chien-nourriture","8":"product_cat-chien-nourriture-seche","9":"product_tag-pronature-fr-2","10":"pa_animal-chien","11":"pa_format-11-3kg-fr","12":"pa_format-2-27kg-fr","13":"pa_marque-pronature-fr","14":"has-subscription-plans","16":"first","17":"instock","18":"taxable","19":"shipping-taxable","20":"purchasable","21":"product-type-variable","22":"has-default-attributes"},"aioseo_notices":[],"_links":{"self":[{"href":"https:\/\/petmobile.ca\/fr\/wp-json\/wp\/v2\/product\/30440","targetHints":{"allow":["GET"]}}],"collection":[{"href":"https:\/\/petmobile.ca\/fr\/wp-json\/wp\/v2\/product"}],"about":[{"href":"https:\/\/petmobile.ca\/fr\/wp-json\/wp\/v2\/types\/product"}],"replies":[{"embeddable":true,"href":"https:\/\/petmobile.ca\/fr\/wp-json\/wp\/v2\/comments?post=30440"}],"wp:featuredmedia":[{"embeddable":true,"href":"https:\/\/petmobile.ca\/fr\/wp-json\/wp\/v2\/media\/30439"}],"wp:attachment":[{"href":"https:\/\/petmobile.ca\/fr\/wp-json\/wp\/v2\/media?parent=30440"}],"wp:term":[{"taxonomy":"product_brand","embeddable":true,"href":"https:\/\/petmobile.ca\/fr\/wp-json\/wp\/v2\/product_brand?post=30440"},{"taxonomy":"product_cat","embeddable":true,"href":"https:\/\/petmobile.ca\/fr\/wp-json\/wp\/v2\/product_cat?post=30440"},{"taxonomy":"product_tag","embeddable":true,"href":"https:\/\/petmobile.ca\/fr\/wp-json\/wp\/v2\/product_tag?post=30440"},{"taxonomy":"pa_animal","embeddable":true,"href":"https:\/\/petmobile.ca\/fr\/wp-json\/wp\/v2\/pa_animal?post=30440"},{"taxonomy":"pa_couleur","embeddable":true,"href":"https:\/\/petmobile.ca\/fr\/wp-json\/wp\/v2\/pa_couleur?post=30440"},{"taxonomy":"pa_duration","embeddable":true,"href":"https:\/\/petmobile.ca\/fr\/wp-json\/wp\/v2\/pa_duration?post=30440"},{"taxonomy":"pa_format","embeddable":true,"href":"https:\/\/petmobile.ca\/fr\/wp-json\/wp\/v2\/pa_format?post=30440"},{"taxonomy":"pa_marque","embeddable":true,"href":"https:\/\/petmobile.ca\/fr\/wp-json\/wp\/v2\/pa_marque?post=30440"},{"taxonomy":"pa_type-de-produit","embeddable":true,"href":"https:\/\/petmobile.ca\/fr\/wp-json\/wp\/v2\/pa_type-de-produit?post=30440"}],"curies":[{"name":"wp","href":"https:\/\/api.w.org\/{rel}","templated":true}]}}