{"id":32673,"date":"2020-03-17T10:36:45","date_gmt":"2020-03-17T15:36:45","guid":{"rendered":"https:\/\/petmobile.ca\/?post_type=product&#038;p=32673"},"modified":"2022-07-08T03:52:52","modified_gmt":"2022-07-08T08:52:52","slug":"zanimo-boules-de-poils-100g","status":"publish","type":"product","link":"https:\/\/petmobile.ca\/fr\/produit\/zanimo-boules-de-poils-100g\/","title":{"rendered":"ZANIMO boules de poils 100g"},"content":{"rendered":"<p><strong>POURQUOI EN ONT-ILS BESOIN?<\/strong><\/p>\n<pre><strong>\u25cb Pour \u00e9vacuer les boules de poils en douceur\r\n\u25cb Lubrifie et ramollit les boules de poils\r\n\u25cb\u00a0Pour \u00e9viter les vomissements d\u00fbs aux l\u00e9chages de poils\r\n\u25cb\u00a0Ingr\u00e9dients naturels pour la sant\u00e9, sans huiles min\u00e9rales\r\n\u25cb Bon au go\u00fbt, saveur de poulet<\/strong><\/pre>\n<h1><strong>CONSEIL DE ZANIMO<\/strong><\/h1>\n<p>Votre chat a besoin d\u2019une p\u00e2te laxative pour l'aider \u00e0 \u00e9vacuer le surplus de poils qu'il ing\u00e8re en se l\u00e9chant. Lors de son toilettage il\u00a0ingurgite\u00a0de bonnes\u00a0quantit\u00e9s de poils dans son estomac. S'ils ne sont pas \u00e9vacu\u00e9s par les voies naturelles, ils forment alors une boule, qui finit par irriter l'estomac et fera\u00a0vomir votre chat. Ces boules de poils sont \u00e9galement appel\u00e9es trichob\u00e9zoards. Notre produit Boules de poils\u00a0contient\u00a0un lubrifiant intestinal non-irritant pour \u00e9liminer tout en douceur ces poils par les voies naturelles.<\/p>\n<h2><strong>LES AVANTAGES<\/strong><\/h2>\n<p>Boules de poils est une p\u00e2te laxative sans huiles min\u00e9rales \u00e0 saveur de poulet qui est utilis\u00e9e pour \u00e9vacuer les poils par les voies naturelles.<\/p>\n<h1><strong>LES INCONV\u00c9NIENTS<\/strong><\/h1>\n<p>Le plus gros danger li\u00e9 aux\u00a0<a href=\"http:\/\/conseilsveterinaire.com\/essai\">boules de poils<\/a>\u00a0est l\u2019obstruction, voir l\u2019occlusion intestinale qui pourrait n\u00e9cessiter une intervention chirurgicale.<\/p>\n<h1><strong>MODE D\u2019EMPLOI:<\/strong><\/h1>\n<div id=\"product-sidebar\">\n<p id=\"dosage\">Presser 1 cm (1\/2 po) de p\u00e2te sur votre doigt ou dans une assiette et faire l\u00e9cher. Sinon mettre dans sa gueule ou sur une patte avant.<\/p>\n<p><strong>INTENSIF :\u00a0<\/strong>2 fois par jour entre les repas pendant 3-4 jours cons\u00e9cutifs..<br \/>\n<strong>PR\u00c9VENTIF:<\/strong>\u00a0donner 3 fois par semaine ou selon son besoin..<\/p>\n<\/div>\n<h3><strong>Complexe d\u2019ingr\u00e9dients naturels :\u00a0<\/strong>Sirop de malt, Huile de tournesol, Eau, Gomme d\u2019acacia, Huile de<br \/>\nnoix de coco, Saveur naturelle de poulet<\/h3>\n<p><em><strong>PR\u00c9CAUTIONS: Ne pas donner aux chatons de moins de 6 mois.<\/strong><\/em><\/p>\n<p>&nbsp;<\/p>\n","protected":false},"excerpt":{"rendered":"<p>POURQUOI EN ONT-ILS BESOIN? \u25cb Pour \u00e9vacuer les boules de poils en douceur \u25cb Lubrifie et ramollit les boules de<\/p>\n","protected":false},"featured_media":34702,"comment_status":"closed","ping_status":"closed","template":"","meta":[],"product_brand":[],"product_cat":[1092,1780],"product_tag":[2134],"pa_animal":[1847],"pa_couleur":[],"pa_duration":[],"pa_format":[],"pa_marque":[],"pa_type-de-produit":[],"class_list":{"0":"post-32673","1":"product","2":"type-product","3":"status-publish","4":"has-post-thumbnail","6":"product_cat-produits-pour-chat","7":"product_cat-traitement-chat","8":"product_tag-zanimo","9":"pa_animal-chat","10":"has-subscription-plans","12":"first","13":"instock","14":"taxable","15":"shipping-taxable","16":"purchasable","17":"product-type-simple"},"aioseo_notices":[],"_links":{"self":[{"href":"https:\/\/petmobile.ca\/fr\/wp-json\/wp\/v2\/product\/32673","targetHints":{"allow":["GET"]}}],"collection":[{"href":"https:\/\/petmobile.ca\/fr\/wp-json\/wp\/v2\/product"}],"about":[{"href":"https:\/\/petmobile.ca\/fr\/wp-json\/wp\/v2\/types\/product"}],"replies":[{"embeddable":true,"href":"https:\/\/petmobile.ca\/fr\/wp-json\/wp\/v2\/comments?post=32673"}],"wp:featuredmedia":[{"embeddable":true,"href":"https:\/\/petmobile.ca\/fr\/wp-json\/wp\/v2\/media\/34702"}],"wp:attachment":[{"href":"https:\/\/petmobile.ca\/fr\/wp-json\/wp\/v2\/media?parent=32673"}],"wp:term":[{"taxonomy":"product_brand","embeddable":true,"href":"https:\/\/petmobile.ca\/fr\/wp-json\/wp\/v2\/product_brand?post=32673"},{"taxonomy":"product_cat","embeddable":true,"href":"https:\/\/petmobile.ca\/fr\/wp-json\/wp\/v2\/product_cat?post=32673"},{"taxonomy":"product_tag","embeddable":true,"href":"https:\/\/petmobile.ca\/fr\/wp-json\/wp\/v2\/product_tag?post=32673"},{"taxonomy":"pa_animal","embeddable":true,"href":"https:\/\/petmobile.ca\/fr\/wp-json\/wp\/v2\/pa_animal?post=32673"},{"taxonomy":"pa_couleur","embeddable":true,"href":"https:\/\/petmobile.ca\/fr\/wp-json\/wp\/v2\/pa_couleur?post=32673"},{"taxonomy":"pa_duration","embeddable":true,"href":"https:\/\/petmobile.ca\/fr\/wp-json\/wp\/v2\/pa_duration?post=32673"},{"taxonomy":"pa_format","embeddable":true,"href":"https:\/\/petmobile.ca\/fr\/wp-json\/wp\/v2\/pa_format?post=32673"},{"taxonomy":"pa_marque","embeddable":true,"href":"https:\/\/petmobile.ca\/fr\/wp-json\/wp\/v2\/pa_marque?post=32673"},{"taxonomy":"pa_type-de-produit","embeddable":true,"href":"https:\/\/petmobile.ca\/fr\/wp-json\/wp\/v2\/pa_type-de-produit?post=32673"}],"curies":[{"name":"wp","href":"https:\/\/api.w.org\/{rel}","templated":true}]}}