{"id":32677,"date":"2020-03-17T10:53:31","date_gmt":"2020-03-17T15:53:31","guid":{"rendered":"https:\/\/petmobile.ca\/?post_type=product&#038;p=32677"},"modified":"2023-06-15T13:45:47","modified_gmt":"2023-06-15T17:45:47","slug":"cote-de-boeuf-6","status":"publish","type":"product","link":"https:\/\/petmobile.ca\/fr\/produit\/cote-de-boeuf-6\/","title":{"rendered":"Bellerive <br> C\u00f4te de boeuf, 6&Prime;"},"content":{"rendered":"<p>Une g\u00e2terie riche et d\u00e9licieuse qui aide a maintenir l'hygi\u00e8ne dentaire. Sans aucun agent pr\u00e9servateurs ou additifs.<\/p>\n<p>Cet os de c\u00f4te de boeuf cuit au four mesurant 10 pouces est un vrai d\u00e9lice pour votre chien, il se r\u00e9galera! Votre animal grugera celui-ci, pour des heures de plaisir!<\/p>\n<p>Fabriqu\u00e9 au Qu\u00e9bec.<\/p>\n","protected":false},"excerpt":{"rendered":"<p>Une g\u00e2terie riche et d\u00e9licieuse qui aide a maintenir l&rsquo;hygi\u00e8ne dentaire. Sans aucun agent pr\u00e9servateurs ou additifs. Cet os de<\/p>\n","protected":false},"featured_media":36797,"comment_status":"closed","ping_status":"closed","template":"","meta":[],"product_brand":[],"product_cat":[1109,1114],"product_tag":[],"pa_animal":[1848],"pa_couleur":[],"pa_duration":[],"pa_format":[],"pa_marque":[],"pa_type-de-produit":[],"class_list":{"0":"post-32677","1":"product","2":"type-product","3":"status-publish","4":"has-post-thumbnail","6":"product_cat-nourriture-et-produits-pour-chien","7":"product_cat-chien-gateries-os-cuir-brut-parties-animales","8":"pa_animal-chien","9":"has-subscription-plans","11":"first","12":"instock","13":"taxable","14":"shipping-taxable","15":"purchasable","16":"product-type-simple"},"aioseo_notices":[],"_links":{"self":[{"href":"https:\/\/petmobile.ca\/fr\/wp-json\/wp\/v2\/product\/32677","targetHints":{"allow":["GET"]}}],"collection":[{"href":"https:\/\/petmobile.ca\/fr\/wp-json\/wp\/v2\/product"}],"about":[{"href":"https:\/\/petmobile.ca\/fr\/wp-json\/wp\/v2\/types\/product"}],"replies":[{"embeddable":true,"href":"https:\/\/petmobile.ca\/fr\/wp-json\/wp\/v2\/comments?post=32677"}],"wp:featuredmedia":[{"embeddable":true,"href":"https:\/\/petmobile.ca\/fr\/wp-json\/wp\/v2\/media\/36797"}],"wp:attachment":[{"href":"https:\/\/petmobile.ca\/fr\/wp-json\/wp\/v2\/media?parent=32677"}],"wp:term":[{"taxonomy":"product_brand","embeddable":true,"href":"https:\/\/petmobile.ca\/fr\/wp-json\/wp\/v2\/product_brand?post=32677"},{"taxonomy":"product_cat","embeddable":true,"href":"https:\/\/petmobile.ca\/fr\/wp-json\/wp\/v2\/product_cat?post=32677"},{"taxonomy":"product_tag","embeddable":true,"href":"https:\/\/petmobile.ca\/fr\/wp-json\/wp\/v2\/product_tag?post=32677"},{"taxonomy":"pa_animal","embeddable":true,"href":"https:\/\/petmobile.ca\/fr\/wp-json\/wp\/v2\/pa_animal?post=32677"},{"taxonomy":"pa_couleur","embeddable":true,"href":"https:\/\/petmobile.ca\/fr\/wp-json\/wp\/v2\/pa_couleur?post=32677"},{"taxonomy":"pa_duration","embeddable":true,"href":"https:\/\/petmobile.ca\/fr\/wp-json\/wp\/v2\/pa_duration?post=32677"},{"taxonomy":"pa_format","embeddable":true,"href":"https:\/\/petmobile.ca\/fr\/wp-json\/wp\/v2\/pa_format?post=32677"},{"taxonomy":"pa_marque","embeddable":true,"href":"https:\/\/petmobile.ca\/fr\/wp-json\/wp\/v2\/pa_marque?post=32677"},{"taxonomy":"pa_type-de-produit","embeddable":true,"href":"https:\/\/petmobile.ca\/fr\/wp-json\/wp\/v2\/pa_type-de-produit?post=32677"}],"curies":[{"name":"wp","href":"https:\/\/api.w.org\/{rel}","templated":true}]}}