{"id":33333,"date":"2020-03-18T13:24:16","date_gmt":"2020-03-18T18:24:16","guid":{"rendered":"https:\/\/petmobile.ca\/?post_type=product&#038;p=33333"},"modified":"2022-07-08T03:49:13","modified_gmt":"2022-07-08T08:49:13","slug":"citrobug-chasse-insectes-125-ml","status":"publish","type":"product","link":"https:\/\/petmobile.ca\/fr\/produit\/citrobug-chasse-insectes-125-ml\/","title":{"rendered":"Citrobug chasse insectes 125 mL"},"content":{"rendered":"<p>Ce produit qu\u00e9b\u00e9cois est 100% naturel. Son parfum estival aux accents d'agrumes est de loin l'alternative naturelle la plus efficace pour repousser les insectes. Sa formule contient des huiles essentielles de citronnelle, de citron, de camphre, d'eucalyptus, de g\u00e9ranium et de pin. Non-toxique et \u00e9cologique, ce produit est hypoallerg\u00e9nique et sans danger pour chiens et cheveaux.<\/p>\n","protected":false},"excerpt":{"rendered":"<p>Ce produit qu\u00e9b\u00e9cois est 100% naturel. Son parfum estival aux accents d&rsquo;agrumes est de loin l&rsquo;alternative naturelle la plus efficace<\/p>\n","protected":false},"featured_media":34692,"comment_status":"closed","ping_status":"closed","template":"","meta":[],"product_brand":[],"product_cat":[1109,2290,1775],"product_tag":[],"pa_animal":[2195,1848],"pa_couleur":[],"pa_duration":[],"pa_format":[],"pa_marque":[],"pa_type-de-produit":[],"class_list":{"0":"post-33333","1":"product","2":"type-product","3":"status-publish","4":"has-post-thumbnail","6":"product_cat-nourriture-et-produits-pour-chien","7":"product_cat-chien-soins","8":"product_cat-chien-traitement","9":"pa_animal-chevaux","10":"pa_animal-chien","11":"has-subscription-plans","13":"first","14":"instock","15":"taxable","16":"shipping-taxable","17":"purchasable","18":"product-type-simple"},"aioseo_notices":[],"_links":{"self":[{"href":"https:\/\/petmobile.ca\/fr\/wp-json\/wp\/v2\/product\/33333","targetHints":{"allow":["GET"]}}],"collection":[{"href":"https:\/\/petmobile.ca\/fr\/wp-json\/wp\/v2\/product"}],"about":[{"href":"https:\/\/petmobile.ca\/fr\/wp-json\/wp\/v2\/types\/product"}],"replies":[{"embeddable":true,"href":"https:\/\/petmobile.ca\/fr\/wp-json\/wp\/v2\/comments?post=33333"}],"wp:featuredmedia":[{"embeddable":true,"href":"https:\/\/petmobile.ca\/fr\/wp-json\/wp\/v2\/media\/34692"}],"wp:attachment":[{"href":"https:\/\/petmobile.ca\/fr\/wp-json\/wp\/v2\/media?parent=33333"}],"wp:term":[{"taxonomy":"product_brand","embeddable":true,"href":"https:\/\/petmobile.ca\/fr\/wp-json\/wp\/v2\/product_brand?post=33333"},{"taxonomy":"product_cat","embeddable":true,"href":"https:\/\/petmobile.ca\/fr\/wp-json\/wp\/v2\/product_cat?post=33333"},{"taxonomy":"product_tag","embeddable":true,"href":"https:\/\/petmobile.ca\/fr\/wp-json\/wp\/v2\/product_tag?post=33333"},{"taxonomy":"pa_animal","embeddable":true,"href":"https:\/\/petmobile.ca\/fr\/wp-json\/wp\/v2\/pa_animal?post=33333"},{"taxonomy":"pa_couleur","embeddable":true,"href":"https:\/\/petmobile.ca\/fr\/wp-json\/wp\/v2\/pa_couleur?post=33333"},{"taxonomy":"pa_duration","embeddable":true,"href":"https:\/\/petmobile.ca\/fr\/wp-json\/wp\/v2\/pa_duration?post=33333"},{"taxonomy":"pa_format","embeddable":true,"href":"https:\/\/petmobile.ca\/fr\/wp-json\/wp\/v2\/pa_format?post=33333"},{"taxonomy":"pa_marque","embeddable":true,"href":"https:\/\/petmobile.ca\/fr\/wp-json\/wp\/v2\/pa_marque?post=33333"},{"taxonomy":"pa_type-de-produit","embeddable":true,"href":"https:\/\/petmobile.ca\/fr\/wp-json\/wp\/v2\/pa_type-de-produit?post=33333"}],"curies":[{"name":"wp","href":"https:\/\/api.w.org\/{rel}","templated":true}]}}