{"id":33668,"date":"2020-04-08T15:27:48","date_gmt":"2020-04-08T20:27:48","guid":{"rendered":"https:\/\/petmobile.ca\/?post_type=product&#038;p=33668"},"modified":"2023-10-06T16:53:01","modified_gmt":"2023-10-06T20:53:01","slug":"sporn-harnais-facile-dajoutement-bleu","status":"publish","type":"product","link":"https:\/\/petmobile.ca\/fr\/produit\/sporn-harnais-facile-dajoutement-bleu\/","title":{"rendered":"SPORN harnais facile d&rsquo;ajustement bleu"},"content":{"rendered":"<p>Petit 10-25 lbs<br \/>\nP\u00e9rim\u00e8tre 46-58 cm<\/p>\n<p>M\u00e9dium 25-50 lbs<br \/>\nP\u00e9rim\u00e8tre 49-66 cm<\/p>\n<p>Grand 50-75 lbs<br \/>\nP\u00e9rim\u00e8tre 61-91 cm<\/p>\n<p>Tr\u00e8s grand 75-125 lbs<br \/>\nP\u00e9rim\u00e8tre 77-104 cm<\/p>\n<p>&nbsp;<\/p>\n","protected":false},"excerpt":{"rendered":"<p>Petit 10-25 lbs P\u00e9rim\u00e8tre 46-58 cm M\u00e9dium 25-50 lbs P\u00e9rim\u00e8tre 49-66 cm Grand 50-75 lbs P\u00e9rim\u00e8tre 61-91 cm Tr\u00e8s grand<\/p>\n","protected":false},"featured_media":33679,"comment_status":"closed","ping_status":"closed","template":"","meta":[],"product_brand":[],"product_cat":[1109,1118],"product_tag":[2211],"pa_animal":[1848],"pa_couleur":[],"pa_duration":[],"pa_format":[2070,2069,2068],"pa_marque":[2210],"pa_type-de-produit":[],"class_list":{"0":"post-33668","1":"product","2":"type-product","3":"status-publish","4":"has-post-thumbnail","6":"product_cat-nourriture-et-produits-pour-chien","7":"product_cat-chien-accessoires-laisse-collier-harnais","8":"product_tag-sporn","9":"pa_animal-chien","10":"pa_format-large-2","11":"pa_format-medium-2","12":"pa_format-small-2","13":"pa_marque-sporn","14":"has-subscription-plans","16":"first","17":"instock","18":"taxable","19":"shipping-taxable","20":"purchasable","21":"product-type-variable"},"aioseo_notices":[],"_links":{"self":[{"href":"https:\/\/petmobile.ca\/fr\/wp-json\/wp\/v2\/product\/33668","targetHints":{"allow":["GET"]}}],"collection":[{"href":"https:\/\/petmobile.ca\/fr\/wp-json\/wp\/v2\/product"}],"about":[{"href":"https:\/\/petmobile.ca\/fr\/wp-json\/wp\/v2\/types\/product"}],"replies":[{"embeddable":true,"href":"https:\/\/petmobile.ca\/fr\/wp-json\/wp\/v2\/comments?post=33668"}],"wp:featuredmedia":[{"embeddable":true,"href":"https:\/\/petmobile.ca\/fr\/wp-json\/wp\/v2\/media\/33679"}],"wp:attachment":[{"href":"https:\/\/petmobile.ca\/fr\/wp-json\/wp\/v2\/media?parent=33668"}],"wp:term":[{"taxonomy":"product_brand","embeddable":true,"href":"https:\/\/petmobile.ca\/fr\/wp-json\/wp\/v2\/product_brand?post=33668"},{"taxonomy":"product_cat","embeddable":true,"href":"https:\/\/petmobile.ca\/fr\/wp-json\/wp\/v2\/product_cat?post=33668"},{"taxonomy":"product_tag","embeddable":true,"href":"https:\/\/petmobile.ca\/fr\/wp-json\/wp\/v2\/product_tag?post=33668"},{"taxonomy":"pa_animal","embeddable":true,"href":"https:\/\/petmobile.ca\/fr\/wp-json\/wp\/v2\/pa_animal?post=33668"},{"taxonomy":"pa_couleur","embeddable":true,"href":"https:\/\/petmobile.ca\/fr\/wp-json\/wp\/v2\/pa_couleur?post=33668"},{"taxonomy":"pa_duration","embeddable":true,"href":"https:\/\/petmobile.ca\/fr\/wp-json\/wp\/v2\/pa_duration?post=33668"},{"taxonomy":"pa_format","embeddable":true,"href":"https:\/\/petmobile.ca\/fr\/wp-json\/wp\/v2\/pa_format?post=33668"},{"taxonomy":"pa_marque","embeddable":true,"href":"https:\/\/petmobile.ca\/fr\/wp-json\/wp\/v2\/pa_marque?post=33668"},{"taxonomy":"pa_type-de-produit","embeddable":true,"href":"https:\/\/petmobile.ca\/fr\/wp-json\/wp\/v2\/pa_type-de-produit?post=33668"}],"curies":[{"name":"wp","href":"https:\/\/api.w.org\/{rel}","templated":true}]}}