{"id":34007,"date":"2020-04-09T08:00:44","date_gmt":"2020-04-09T13:00:44","guid":{"rendered":"https:\/\/petmobile.ca\/?post_type=product&#038;p=34007"},"modified":"2023-01-19T12:02:04","modified_gmt":"2023-01-19T17:02:04","slug":"sporn-harnais-facile-dajustement","status":"publish","type":"product","link":"https:\/\/petmobile.ca\/fr\/produit\/sporn-harnais-facile-dajustement\/","title":{"rendered":"SPORN harnais facile d&rsquo;ajustement"},"content":{"rendered":"<p>Petit 10-25 lbs<br \/>\nP\u00e9rim\u00e8tre 46-58 cm<\/p>\n<p>M\u00e9dium 25-50 lbs<br \/>\nP\u00e9rim\u00e8tre 49-66 cm<\/p>\n<p>Grand 50-75 lbs<br \/>\nP\u00e9rim\u00e8tre 61-91 cm<\/p>\n<p>Tr\u00e8s grand 75-125 lbs<br \/>\nP\u00e9rim\u00e8tre 77-104 cm<\/p>\n<p>&nbsp;<\/p>\n","protected":false},"excerpt":{"rendered":"<p>Petit 10-25 lbs P\u00e9rim\u00e8tre 46-58 cm M\u00e9dium 25-50 lbs P\u00e9rim\u00e8tre 49-66 cm Grand 50-75 lbs P\u00e9rim\u00e8tre 61-91 cm Tr\u00e8s grand<\/p>\n","protected":false},"featured_media":34014,"comment_status":"closed","ping_status":"closed","template":"","meta":[],"product_brand":[],"product_cat":[1117,1109,1118],"product_tag":[2211],"pa_animal":[1848],"pa_couleur":[],"pa_duration":[],"pa_format":[],"pa_marque":[2210],"pa_type-de-produit":[],"class_list":{"0":"post-34007","1":"product","2":"type-product","3":"status-publish","4":"has-post-thumbnail","6":"product_cat-chien-accessoires","7":"product_cat-nourriture-et-produits-pour-chien","8":"product_cat-chien-accessoires-laisse-collier-harnais","9":"product_tag-sporn","10":"pa_animal-chien","11":"pa_marque-sporn","12":"has-subscription-plans","14":"first","15":"instock","16":"taxable","17":"shipping-taxable","18":"purchasable","19":"product-type-variable"},"aioseo_notices":[],"_links":{"self":[{"href":"https:\/\/petmobile.ca\/fr\/wp-json\/wp\/v2\/product\/34007","targetHints":{"allow":["GET"]}}],"collection":[{"href":"https:\/\/petmobile.ca\/fr\/wp-json\/wp\/v2\/product"}],"about":[{"href":"https:\/\/petmobile.ca\/fr\/wp-json\/wp\/v2\/types\/product"}],"replies":[{"embeddable":true,"href":"https:\/\/petmobile.ca\/fr\/wp-json\/wp\/v2\/comments?post=34007"}],"wp:featuredmedia":[{"embeddable":true,"href":"https:\/\/petmobile.ca\/fr\/wp-json\/wp\/v2\/media\/34014"}],"wp:attachment":[{"href":"https:\/\/petmobile.ca\/fr\/wp-json\/wp\/v2\/media?parent=34007"}],"wp:term":[{"taxonomy":"product_brand","embeddable":true,"href":"https:\/\/petmobile.ca\/fr\/wp-json\/wp\/v2\/product_brand?post=34007"},{"taxonomy":"product_cat","embeddable":true,"href":"https:\/\/petmobile.ca\/fr\/wp-json\/wp\/v2\/product_cat?post=34007"},{"taxonomy":"product_tag","embeddable":true,"href":"https:\/\/petmobile.ca\/fr\/wp-json\/wp\/v2\/product_tag?post=34007"},{"taxonomy":"pa_animal","embeddable":true,"href":"https:\/\/petmobile.ca\/fr\/wp-json\/wp\/v2\/pa_animal?post=34007"},{"taxonomy":"pa_couleur","embeddable":true,"href":"https:\/\/petmobile.ca\/fr\/wp-json\/wp\/v2\/pa_couleur?post=34007"},{"taxonomy":"pa_duration","embeddable":true,"href":"https:\/\/petmobile.ca\/fr\/wp-json\/wp\/v2\/pa_duration?post=34007"},{"taxonomy":"pa_format","embeddable":true,"href":"https:\/\/petmobile.ca\/fr\/wp-json\/wp\/v2\/pa_format?post=34007"},{"taxonomy":"pa_marque","embeddable":true,"href":"https:\/\/petmobile.ca\/fr\/wp-json\/wp\/v2\/pa_marque?post=34007"},{"taxonomy":"pa_type-de-produit","embeddable":true,"href":"https:\/\/petmobile.ca\/fr\/wp-json\/wp\/v2\/pa_type-de-produit?post=34007"}],"curies":[{"name":"wp","href":"https:\/\/api.w.org\/{rel}","templated":true}]}}