{"id":34148,"date":"2020-04-15T09:26:52","date_gmt":"2020-04-15T14:26:52","guid":{"rendered":"https:\/\/petmobile.ca\/?post_type=product&#038;p=34148"},"modified":"2023-03-07T15:56:18","modified_gmt":"2023-03-07T20:56:18","slug":"ensemble-pelle-et-rateau-panorama-en-aliminium","status":"publish","type":"product","link":"https:\/\/petmobile.ca\/fr\/produit\/ensemble-pelle-et-rateau-panorama-en-aliminium\/","title":{"rendered":"Ensemble pelle et r\u00e2teau panorama en aliminium"},"content":{"rendered":"<p>Les ensembles Panorama de Flexrake permettent de ramasser les surprises animales tout en \u00e9vitant de se retrouver \u00e0 quatre pattes. Ils comprennent une pelle et un r\u00e2teau ou une b\u00eache. Ils sont faits de mat\u00e9riaux sup\u00e9rieurs qui durent toute une vie, comme l'aluminium poudr\u00e9 r\u00e9sistant \u00e0 la rouille. Une poign\u00e9e en vinyle antid\u00e9rapant sur le manche permet une exp\u00e9rience de nettoyage simple, rapide et sans soucis.<\/p>\n","protected":false},"excerpt":{"rendered":"<p>Les ensembles Panorama de Flexrake permettent de ramasser les surprises animales tout en \u00e9vitant de se retrouver \u00e0 quatre pattes.<\/p>\n","protected":false},"featured_media":34149,"comment_status":"closed","ping_status":"closed","template":"","meta":[],"product_brand":[],"product_cat":[1109,1122],"product_tag":[2239],"pa_animal":[1848],"pa_couleur":[],"pa_duration":[],"pa_format":[],"pa_marque":[2238],"pa_type-de-produit":[],"class_list":{"0":"post-34148","1":"product","2":"type-product","3":"status-publish","4":"has-post-thumbnail","6":"product_cat-nourriture-et-produits-pour-chien","7":"product_cat-chien-proprete","8":"product_tag-flexrake","9":"pa_animal-chien","10":"pa_marque-flexrake","11":"has-subscription-plans","13":"first","14":"instock","15":"taxable","16":"shipping-taxable","17":"purchasable","18":"product-type-simple"},"aioseo_notices":[],"_links":{"self":[{"href":"https:\/\/petmobile.ca\/fr\/wp-json\/wp\/v2\/product\/34148","targetHints":{"allow":["GET"]}}],"collection":[{"href":"https:\/\/petmobile.ca\/fr\/wp-json\/wp\/v2\/product"}],"about":[{"href":"https:\/\/petmobile.ca\/fr\/wp-json\/wp\/v2\/types\/product"}],"replies":[{"embeddable":true,"href":"https:\/\/petmobile.ca\/fr\/wp-json\/wp\/v2\/comments?post=34148"}],"wp:featuredmedia":[{"embeddable":true,"href":"https:\/\/petmobile.ca\/fr\/wp-json\/wp\/v2\/media\/34149"}],"wp:attachment":[{"href":"https:\/\/petmobile.ca\/fr\/wp-json\/wp\/v2\/media?parent=34148"}],"wp:term":[{"taxonomy":"product_brand","embeddable":true,"href":"https:\/\/petmobile.ca\/fr\/wp-json\/wp\/v2\/product_brand?post=34148"},{"taxonomy":"product_cat","embeddable":true,"href":"https:\/\/petmobile.ca\/fr\/wp-json\/wp\/v2\/product_cat?post=34148"},{"taxonomy":"product_tag","embeddable":true,"href":"https:\/\/petmobile.ca\/fr\/wp-json\/wp\/v2\/product_tag?post=34148"},{"taxonomy":"pa_animal","embeddable":true,"href":"https:\/\/petmobile.ca\/fr\/wp-json\/wp\/v2\/pa_animal?post=34148"},{"taxonomy":"pa_couleur","embeddable":true,"href":"https:\/\/petmobile.ca\/fr\/wp-json\/wp\/v2\/pa_couleur?post=34148"},{"taxonomy":"pa_duration","embeddable":true,"href":"https:\/\/petmobile.ca\/fr\/wp-json\/wp\/v2\/pa_duration?post=34148"},{"taxonomy":"pa_format","embeddable":true,"href":"https:\/\/petmobile.ca\/fr\/wp-json\/wp\/v2\/pa_format?post=34148"},{"taxonomy":"pa_marque","embeddable":true,"href":"https:\/\/petmobile.ca\/fr\/wp-json\/wp\/v2\/pa_marque?post=34148"},{"taxonomy":"pa_type-de-produit","embeddable":true,"href":"https:\/\/petmobile.ca\/fr\/wp-json\/wp\/v2\/pa_type-de-produit?post=34148"}],"curies":[{"name":"wp","href":"https:\/\/api.w.org\/{rel}","templated":true}]}}