{"id":34524,"date":"2020-04-30T14:04:08","date_gmt":"2020-04-30T19:04:08","guid":{"rendered":"https:\/\/petmobile.ca\/?post_type=product&#038;p=34524"},"modified":"2026-04-03T09:57:27","modified_gmt":"2026-04-03T13:57:27","slug":"pig-ear","status":"publish","type":"product","link":"https:\/\/petmobile.ca\/fr\/produit\/pig-ear\/","title":{"rendered":"Bellerive <br> Oreilles de porc"},"content":{"rendered":"<ul>\n<li>Am\u00e9liore la sant\u00e9 buccale en permettant l\u2019usure des plaques dentaires<\/li>\n<li>Se dig\u00e8re facilement<\/li>\n<li>L\u00e9g\u00e8rement r\u00f4ti pour une saveur savoureuse et une texture moelleuse<\/li>\n<li>Produit du Qu\u00e9bec<\/li>\n<\/ul>\n<p>10 par paquet.<\/p>\n","protected":false},"excerpt":{"rendered":"<p>Am\u00e9liore la sant\u00e9 buccale en permettant l\u2019usure des plaques dentaires Se dig\u00e8re facilement L\u00e9g\u00e8rement r\u00f4ti pour une saveur savoureuse et<\/p>\n","protected":false},"featured_media":36804,"comment_status":"closed","ping_status":"closed","template":"","meta":[],"product_brand":[],"product_cat":[1109,1115,1114],"product_tag":[2258],"pa_animal":[1848],"pa_couleur":[],"pa_duration":[],"pa_format":[],"pa_marque":[2546],"pa_type-de-produit":[2547],"class_list":{"0":"post-34524","1":"product","2":"type-product","3":"status-publish","4":"has-post-thumbnail","6":"product_cat-nourriture-et-produits-pour-chien","7":"product_cat-chien-gateries","8":"product_cat-chien-gateries-os-cuir-brut-parties-animales","9":"product_tag-produit-bellerive","10":"pa_animal-chien","11":"pa_marque-produits-bellerive","12":"pa_type-de-produit-viande","13":"has-subscription-plans","15":"first","16":"instock","17":"taxable","18":"shipping-taxable","19":"purchasable","20":"product-type-simple"},"aioseo_notices":[],"_links":{"self":[{"href":"https:\/\/petmobile.ca\/fr\/wp-json\/wp\/v2\/product\/34524","targetHints":{"allow":["GET"]}}],"collection":[{"href":"https:\/\/petmobile.ca\/fr\/wp-json\/wp\/v2\/product"}],"about":[{"href":"https:\/\/petmobile.ca\/fr\/wp-json\/wp\/v2\/types\/product"}],"replies":[{"embeddable":true,"href":"https:\/\/petmobile.ca\/fr\/wp-json\/wp\/v2\/comments?post=34524"}],"wp:featuredmedia":[{"embeddable":true,"href":"https:\/\/petmobile.ca\/fr\/wp-json\/wp\/v2\/media\/36804"}],"wp:attachment":[{"href":"https:\/\/petmobile.ca\/fr\/wp-json\/wp\/v2\/media?parent=34524"}],"wp:term":[{"taxonomy":"product_brand","embeddable":true,"href":"https:\/\/petmobile.ca\/fr\/wp-json\/wp\/v2\/product_brand?post=34524"},{"taxonomy":"product_cat","embeddable":true,"href":"https:\/\/petmobile.ca\/fr\/wp-json\/wp\/v2\/product_cat?post=34524"},{"taxonomy":"product_tag","embeddable":true,"href":"https:\/\/petmobile.ca\/fr\/wp-json\/wp\/v2\/product_tag?post=34524"},{"taxonomy":"pa_animal","embeddable":true,"href":"https:\/\/petmobile.ca\/fr\/wp-json\/wp\/v2\/pa_animal?post=34524"},{"taxonomy":"pa_couleur","embeddable":true,"href":"https:\/\/petmobile.ca\/fr\/wp-json\/wp\/v2\/pa_couleur?post=34524"},{"taxonomy":"pa_duration","embeddable":true,"href":"https:\/\/petmobile.ca\/fr\/wp-json\/wp\/v2\/pa_duration?post=34524"},{"taxonomy":"pa_format","embeddable":true,"href":"https:\/\/petmobile.ca\/fr\/wp-json\/wp\/v2\/pa_format?post=34524"},{"taxonomy":"pa_marque","embeddable":true,"href":"https:\/\/petmobile.ca\/fr\/wp-json\/wp\/v2\/pa_marque?post=34524"},{"taxonomy":"pa_type-de-produit","embeddable":true,"href":"https:\/\/petmobile.ca\/fr\/wp-json\/wp\/v2\/pa_type-de-produit?post=34524"}],"curies":[{"name":"wp","href":"https:\/\/api.w.org\/{rel}","templated":true}]}}