{"id":35044,"date":"2020-05-15T09:25:19","date_gmt":"2020-05-15T14:25:19","guid":{"rendered":"https:\/\/petmobile.ca\/?post_type=product&#038;p=35044"},"modified":"2021-12-23T15:07:56","modified_gmt":"2021-12-23T20:07:56","slug":"baton-de-porc-10","status":"publish","type":"product","link":"https:\/\/petmobile.ca\/fr\/produit\/baton-de-porc-10\/","title":{"rendered":"Bellerive <br> B\u00e2ton de porc"},"content":{"rendered":"<p>La viande de porc est une tr\u00e8s bonne alternative pour les chiens qui sont sensibles au b\u0153uf.<\/p>\n<ul>\n<li>Se dig\u00e8re tr\u00e8s bien<\/li>\n<li>Aucuns ingr\u00e9dients chimiques ou agents de conservation ajout\u00e9s<\/li>\n<li>Id\u00e9al pour les estomacs sensibles<\/li>\n<\/ul>\n<p>\u00c9tant donn\u00e9e que nos produits Bellerive sont des items 100% naturels, il peut y avoir une variation dans l'apparence de nos produits et r\u00e9sulter en une apparence diff\u00e9rente de ce \u00e0 quoi vous \u00eates familiers. Nous vous assurons cependant que vous recevrez un produit de la m\u00eame qualit\u00e9 que ce que votre chien conna\u00eet et appr\u00e9cie. Les b\u00e2tonnets mesurent environ 10 pouces.<\/p>\n","protected":false},"excerpt":{"rendered":"<p>La viande de porc est une tr\u00e8s bonne alternative pour les chiens qui sont sensibles au b\u0153uf. Se dig\u00e8re tr\u00e8s<\/p>\n","protected":false},"featured_media":36758,"comment_status":"closed","ping_status":"closed","template":"","meta":[],"product_brand":[],"product_cat":[1109,1115,1114],"product_tag":[],"pa_animal":[],"pa_couleur":[],"pa_duration":[],"pa_format":[],"pa_marque":[],"pa_type-de-produit":[],"class_list":{"0":"post-35044","1":"product","2":"type-product","3":"status-publish","4":"has-post-thumbnail","6":"product_cat-nourriture-et-produits-pour-chien","7":"product_cat-chien-gateries","8":"product_cat-chien-gateries-os-cuir-brut-parties-animales","9":"has-subscription-plans","11":"first","12":"instock","13":"taxable","14":"shipping-taxable","15":"purchasable","16":"product-type-simple"},"aioseo_notices":[],"_links":{"self":[{"href":"https:\/\/petmobile.ca\/fr\/wp-json\/wp\/v2\/product\/35044","targetHints":{"allow":["GET"]}}],"collection":[{"href":"https:\/\/petmobile.ca\/fr\/wp-json\/wp\/v2\/product"}],"about":[{"href":"https:\/\/petmobile.ca\/fr\/wp-json\/wp\/v2\/types\/product"}],"replies":[{"embeddable":true,"href":"https:\/\/petmobile.ca\/fr\/wp-json\/wp\/v2\/comments?post=35044"}],"wp:featuredmedia":[{"embeddable":true,"href":"https:\/\/petmobile.ca\/fr\/wp-json\/wp\/v2\/media\/36758"}],"wp:attachment":[{"href":"https:\/\/petmobile.ca\/fr\/wp-json\/wp\/v2\/media?parent=35044"}],"wp:term":[{"taxonomy":"product_brand","embeddable":true,"href":"https:\/\/petmobile.ca\/fr\/wp-json\/wp\/v2\/product_brand?post=35044"},{"taxonomy":"product_cat","embeddable":true,"href":"https:\/\/petmobile.ca\/fr\/wp-json\/wp\/v2\/product_cat?post=35044"},{"taxonomy":"product_tag","embeddable":true,"href":"https:\/\/petmobile.ca\/fr\/wp-json\/wp\/v2\/product_tag?post=35044"},{"taxonomy":"pa_animal","embeddable":true,"href":"https:\/\/petmobile.ca\/fr\/wp-json\/wp\/v2\/pa_animal?post=35044"},{"taxonomy":"pa_couleur","embeddable":true,"href":"https:\/\/petmobile.ca\/fr\/wp-json\/wp\/v2\/pa_couleur?post=35044"},{"taxonomy":"pa_duration","embeddable":true,"href":"https:\/\/petmobile.ca\/fr\/wp-json\/wp\/v2\/pa_duration?post=35044"},{"taxonomy":"pa_format","embeddable":true,"href":"https:\/\/petmobile.ca\/fr\/wp-json\/wp\/v2\/pa_format?post=35044"},{"taxonomy":"pa_marque","embeddable":true,"href":"https:\/\/petmobile.ca\/fr\/wp-json\/wp\/v2\/pa_marque?post=35044"},{"taxonomy":"pa_type-de-produit","embeddable":true,"href":"https:\/\/petmobile.ca\/fr\/wp-json\/wp\/v2\/pa_type-de-produit?post=35044"}],"curies":[{"name":"wp","href":"https:\/\/api.w.org\/{rel}","templated":true}]}}