{"id":35480,"date":"2020-06-06T08:47:11","date_gmt":"2020-06-06T13:53:51","guid":{"rendered":"https:\/\/petmobile.ca\/?post_type=product&#038;p=35480"},"modified":"2024-05-07T10:57:49","modified_gmt":"2024-05-07T14:57:49","slug":"1st-choice-sterilise-sans-grains-formule-poulet","status":"publish","type":"product","link":"https:\/\/petmobile.ca\/fr\/produit\/1st-choice-sterilise-sans-grains-formule-poulet\/","title":{"rendered":"1st Choice <br> St\u00e9rilis\u00e9 &#8211; Sans grains"},"content":{"rendered":"<p>INGR\u00c9DIENTS :<\/p>\n<p>Farine de poulet, poulet, patates douces, prot\u00e9ine de riz, lentilles, tapioca, fibre de pois, ar\u00f4me naturel, graines de lin, sel, gras de poulet<br \/>\n(pr\u00e9serv\u00e9 avec un m\u00e9lange de tocoph\u00e9rols et d\u2019acide citrique), chlorure de potassium, min\u00e9raux [sulfate ferreux, oxyde de zinc, oxyde manganeux, prot\u00e9inate<br \/>\nde zinc, prot\u00e9inate de mangan\u00e8se, s\u00e9l\u00e9nite de sodium, prot\u00e9inate de cuivre, iodate de calcium], vitamines [ac\u00e9tate d\u2019alpha-tocoph\u00e9rol (une source de vitamine E),<br \/>\nacide nicotinique, pantoth\u00e9nate de d-calcium, suppl\u00e9ment de vitamine A, chol\u00e9calcif\u00e9rol (une source de vitamine D3), mononitrate de thiamine, biotine, riboflavine,<br \/>\nchlorhydrate de pyridoxine, suppl\u00e9ment de vitamine B12, acide folique], chlorure de choline, varech s\u00e9ch\u00e9, bisulfate de sodium, DL-m\u00e9thionine, taurine, L-lysine, extrait<br \/>\nd'huile de tournesol, acide ascorbique (vitamine C), extrait de yucca schidigera, extrait de romarin, L-carnitine, luzerne s\u00e9ch\u00e9e, ananas s\u00e9ch\u00e9, gingembre, menthe,<br \/>\npersil, extrait de th\u00e9 vert.<\/p>\n<p>ANALYSES GARANTIES :<\/p>\n<p>Prot\u00e9ines brutes 33 % min.<br \/>\nmati\u00e8res grasses brutes 9 % min.<br \/>\nfibres brutes 5 % max.<br \/>\nhumidit\u00e9 10 % max.<br \/>\ncendres 10 % max.<br \/>\ncalcium 1,2 % min.<br \/>\nphosphore 0,95 % min.<br \/>\nmagn\u00e9sium 0,1 % max.<br \/>\nvitamine A 20 000 UI\/kg min.<br \/>\nvitamine D3 1 800 UI\/kg min.<br \/>\nvitamine E 85 UI\/kg min.<\/p>\n","protected":false},"excerpt":{"rendered":"<p>INGR\u00c9DIENTS : Farine de poulet, poulet, patates douces, prot\u00e9ine de riz, lentilles, tapioca, fibre de pois, ar\u00f4me naturel, graines de<\/p>\n","protected":false},"featured_media":35625,"comment_status":"closed","ping_status":"closed","template":"","meta":[],"product_brand":[],"product_cat":[1092,1093,1094],"product_tag":[2328],"pa_animal":[1847],"pa_couleur":[],"pa_duration":[],"pa_format":[2330,2091],"pa_marque":[2338],"pa_type-de-produit":[],"class_list":{"0":"post-35480","1":"product","2":"type-product","3":"status-publish","4":"has-post-thumbnail","6":"product_cat-produits-pour-chat","7":"product_cat-chat-nourriture","8":"product_cat-chat-nourriture-seche","9":"product_tag-1st-choice-fr","10":"pa_animal-chat","11":"pa_format-2-4-kg","12":"pa_format-5kg-fr","13":"pa_marque-1st-choice-fr","14":"has-subscription-plans","16":"first","17":"instock","18":"taxable","19":"shipping-taxable","20":"purchasable","21":"product-type-variable"},"aioseo_notices":[],"_links":{"self":[{"href":"https:\/\/petmobile.ca\/fr\/wp-json\/wp\/v2\/product\/35480","targetHints":{"allow":["GET"]}}],"collection":[{"href":"https:\/\/petmobile.ca\/fr\/wp-json\/wp\/v2\/product"}],"about":[{"href":"https:\/\/petmobile.ca\/fr\/wp-json\/wp\/v2\/types\/product"}],"replies":[{"embeddable":true,"href":"https:\/\/petmobile.ca\/fr\/wp-json\/wp\/v2\/comments?post=35480"}],"wp:featuredmedia":[{"embeddable":true,"href":"https:\/\/petmobile.ca\/fr\/wp-json\/wp\/v2\/media\/35625"}],"wp:attachment":[{"href":"https:\/\/petmobile.ca\/fr\/wp-json\/wp\/v2\/media?parent=35480"}],"wp:term":[{"taxonomy":"product_brand","embeddable":true,"href":"https:\/\/petmobile.ca\/fr\/wp-json\/wp\/v2\/product_brand?post=35480"},{"taxonomy":"product_cat","embeddable":true,"href":"https:\/\/petmobile.ca\/fr\/wp-json\/wp\/v2\/product_cat?post=35480"},{"taxonomy":"product_tag","embeddable":true,"href":"https:\/\/petmobile.ca\/fr\/wp-json\/wp\/v2\/product_tag?post=35480"},{"taxonomy":"pa_animal","embeddable":true,"href":"https:\/\/petmobile.ca\/fr\/wp-json\/wp\/v2\/pa_animal?post=35480"},{"taxonomy":"pa_couleur","embeddable":true,"href":"https:\/\/petmobile.ca\/fr\/wp-json\/wp\/v2\/pa_couleur?post=35480"},{"taxonomy":"pa_duration","embeddable":true,"href":"https:\/\/petmobile.ca\/fr\/wp-json\/wp\/v2\/pa_duration?post=35480"},{"taxonomy":"pa_format","embeddable":true,"href":"https:\/\/petmobile.ca\/fr\/wp-json\/wp\/v2\/pa_format?post=35480"},{"taxonomy":"pa_marque","embeddable":true,"href":"https:\/\/petmobile.ca\/fr\/wp-json\/wp\/v2\/pa_marque?post=35480"},{"taxonomy":"pa_type-de-produit","embeddable":true,"href":"https:\/\/petmobile.ca\/fr\/wp-json\/wp\/v2\/pa_type-de-produit?post=35480"}],"curies":[{"name":"wp","href":"https:\/\/api.w.org\/{rel}","templated":true}]}}