{"id":35488,"date":"2020-06-06T11:36:28","date_gmt":"2020-06-06T16:40:12","guid":{"rendered":"https:\/\/petmobile.ca\/?post_type=product&#038;p=35488"},"modified":"2022-12-11T14:57:15","modified_gmt":"2022-12-11T19:57:15","slug":"1st-choice-hypoallegene-sans-grains-formule-avec-canard","status":"publish","type":"product","link":"https:\/\/petmobile.ca\/fr\/produit\/1st-choice-hypoallegene-sans-grains-formule-avec-canard\/","title":{"rendered":"1st Choice<br>Contr\u00f4le du Poids"},"content":{"rendered":"<p><strong>INGR\u00c9DIENTS :<\/strong><\/p>\n<p>Produits de pommes de terre s\u00e9ch\u00e9es, canard, farine de canard, pulpe de betteraves s\u00e9ch\u00e9es, farine de poisson hydrolys\u00e9, huile v\u00e9g\u00e9tale pr\u00e9serv\u00e9e naturellement avec un m\u00e9lange de tocoph\u00e9rols (une source de vitamine E), culture de levure, phosphate monocalcique, huile de hareng, hydrolysat de foie de poulet, graines de lin enti\u00e8res, l\u00e9cithine, sel, chlorure de potassium, propionate de calcium (comme agent de conservation), chlorure de choline, extrait de levure, acide ascorbique (vitamine C), taurine, extrait de chicor\u00e9e (une source d\u2019inuline), sulfate ferreux, sulfate de glucosamine, oxyde de zinc, ac\u00e9tate d\u2019alphatocoph\u00e9rol (une source de vitamine E), sulfate de chondro\u00eftine, extrait de yucca schidigera, prot\u00e9inate de fer, prot\u00e9inate de zinc, s\u00e9l\u00e9nite de sodium, mononitrate de thiamine, farine d\u2019algues s\u00e9ch\u00e9es, extrait de th\u00e9 vert, menthe verte s\u00e9ch\u00e9e, persil s\u00e9ch\u00e9, L-carnitine, extrait d\u2019huile de tournesol, L-cystine, sulfate de cuivre, iodate de calcium, chlorhydrate de pyridoxine, oxyde de mangan\u00e8se, prot\u00e9inate de mangan\u00e8se, extrait de gingembre, bleuets s\u00e9ch\u00e9s, brocoli s\u00e9ch\u00e9, chou-fleur, canneberges s\u00e9ch\u00e9es, pomme s\u00e9ch\u00e9e, quinoa, extrait de baies de geni\u00e8vre, acide nicotinique, pantoth\u00e9nate de d-calcium, suppl\u00e9ment de vitamine A, prot\u00e9inate de cuivre, chol\u00e9calcif\u00e9rol (une source de vitamine D3), acide folique, riboflavine, biotine, suppl\u00e9ment de vitamine B12, carbonate de cobalt.<\/p>\n<p><strong>ANALYSES GARANTIES :<\/strong><\/p>\n<p>Prot\u00e9ines brutes 22 % minimum,<br \/>\nmati\u00e8res grasses brutes 12 % minimum,<br \/>\nfibres brutes 3 % maximum,<br \/>\nhumidit\u00e9 10 % maximum,<br \/>\ncendres 10 % maximum,<br \/>\ncalcium 1 % minimum,<br \/>\nphosphore 0,7 % minimum,<br \/>\nvitamine A 23 000 UI\/kg minimum,<br \/>\nvitamine D3 2000 UI\/kg minimum,<br \/>\nvitamine E 140 UI\/kg minimum,<br \/>\nvitamine C 190 mg\/kg,<br \/>\nsulfate de glucosamine 500 mg\/kg minimum,<br \/>\nsulfate de chondro\u00eftine 250 mg\/kg minimum.<\/p>\n","protected":false},"excerpt":{"rendered":"<p>INGR\u00c9DIENTS : Produits de pommes de terre s\u00e9ch\u00e9es, canard, farine de canard, pulpe de betteraves s\u00e9ch\u00e9es, farine de poisson hydrolys\u00e9,<\/p>\n","protected":false},"featured_media":65140,"comment_status":"closed","ping_status":"closed","template":"","meta":[],"product_brand":[],"product_cat":[1109,1110,1111],"product_tag":[2328],"pa_animal":[1848],"pa_couleur":[],"pa_duration":[],"pa_format":[2623],"pa_marque":[2338],"pa_type-de-produit":[],"class_list":{"0":"post-35488","1":"product","2":"type-product","3":"status-publish","4":"has-post-thumbnail","6":"product_cat-nourriture-et-produits-pour-chien","7":"product_cat-chien-nourriture","8":"product_cat-chien-nourriture-seche","9":"product_tag-1st-choice-fr","10":"pa_animal-chien","11":"pa_format-10kg-fr","12":"pa_marque-1st-choice-fr","13":"has-subscription-plans","15":"first","16":"instock","17":"taxable","18":"shipping-taxable","19":"purchasable","20":"product-type-variable","21":"has-default-attributes"},"aioseo_notices":[],"_links":{"self":[{"href":"https:\/\/petmobile.ca\/fr\/wp-json\/wp\/v2\/product\/35488","targetHints":{"allow":["GET"]}}],"collection":[{"href":"https:\/\/petmobile.ca\/fr\/wp-json\/wp\/v2\/product"}],"about":[{"href":"https:\/\/petmobile.ca\/fr\/wp-json\/wp\/v2\/types\/product"}],"replies":[{"embeddable":true,"href":"https:\/\/petmobile.ca\/fr\/wp-json\/wp\/v2\/comments?post=35488"}],"wp:featuredmedia":[{"embeddable":true,"href":"https:\/\/petmobile.ca\/fr\/wp-json\/wp\/v2\/media\/65140"}],"wp:attachment":[{"href":"https:\/\/petmobile.ca\/fr\/wp-json\/wp\/v2\/media?parent=35488"}],"wp:term":[{"taxonomy":"product_brand","embeddable":true,"href":"https:\/\/petmobile.ca\/fr\/wp-json\/wp\/v2\/product_brand?post=35488"},{"taxonomy":"product_cat","embeddable":true,"href":"https:\/\/petmobile.ca\/fr\/wp-json\/wp\/v2\/product_cat?post=35488"},{"taxonomy":"product_tag","embeddable":true,"href":"https:\/\/petmobile.ca\/fr\/wp-json\/wp\/v2\/product_tag?post=35488"},{"taxonomy":"pa_animal","embeddable":true,"href":"https:\/\/petmobile.ca\/fr\/wp-json\/wp\/v2\/pa_animal?post=35488"},{"taxonomy":"pa_couleur","embeddable":true,"href":"https:\/\/petmobile.ca\/fr\/wp-json\/wp\/v2\/pa_couleur?post=35488"},{"taxonomy":"pa_duration","embeddable":true,"href":"https:\/\/petmobile.ca\/fr\/wp-json\/wp\/v2\/pa_duration?post=35488"},{"taxonomy":"pa_format","embeddable":true,"href":"https:\/\/petmobile.ca\/fr\/wp-json\/wp\/v2\/pa_format?post=35488"},{"taxonomy":"pa_marque","embeddable":true,"href":"https:\/\/petmobile.ca\/fr\/wp-json\/wp\/v2\/pa_marque?post=35488"},{"taxonomy":"pa_type-de-produit","embeddable":true,"href":"https:\/\/petmobile.ca\/fr\/wp-json\/wp\/v2\/pa_type-de-produit?post=35488"}],"curies":[{"name":"wp","href":"https:\/\/api.w.org\/{rel}","templated":true}]}}