{"id":35501,"date":"2020-06-06T11:58:47","date_gmt":"2020-06-06T16:58:47","guid":{"rendered":"https:\/\/petmobile.ca\/?post_type=product&#038;p=35501"},"modified":"2024-10-21T13:22:37","modified_gmt":"2024-10-21T17:22:37","slug":"pronature-life-infinity-saumon-desosse","status":"publish","type":"product","link":"https:\/\/petmobile.ca\/fr\/produit\/pronature-life-infinity-saumon-desosse\/","title":{"rendered":"Pronature Life <br> Infinity &#8211; Saumon d\u00e9soss\u00e9"},"content":{"rendered":"<p><strong>INGR\u00c9DIENTS<\/strong><\/p>\n<p>Farine de poulet, pois, avoine, saumon d\u00e9soss\u00e9, orge d\u00e9cortiqu\u00e9e, gras de poulet conserv\u00e9 naturellement avec un m\u00e9lange de tocoph\u00e9rols, luzerne s\u00e9ch\u00e9e, pulpe de betteraves s\u00e9ch\u00e9e, saveur naturelle, phosphate monocalcique, l\u00e9cithine, chlorure de choline, sel, carbonate de calcium, sulfate ferreux, canneberges s\u00e9ch\u00e9es, ac\u00e9tate d\u2019alpha-tocoph\u00e9rol (une source de vitamine E), oxyde de zinc, extrait de romarin, bleuets s\u00e9ch\u00e9s, extrait de baie de Geni\u00e8vre, varech s\u00e9ch\u00e9, curcuma, gingembre, poudre d\u2019olive, oxyde manganeux, prot\u00e9inate de zinc, acide nicotinique, pantoth\u00e9nate de d-calcium, suppl\u00e9ment de vitamine A, prot\u00e9inate de mangan\u00e8se, chol\u00e9calcif\u00e9rol (une source de vitamine D3), mononitrate de thiamine, biotine, s\u00e9l\u00e9nite de sodium, riboflavine, prot\u00e9inate de cuivre, chlorhydrate de pyridoxine, suppl\u00e9ment de vitamine B12, iodate de calcium, acide folique.<\/p>\n<p><strong>ANALYSES GARANTIES<\/strong><\/p>\n<p>Prot\u00e9ines brutes 24 % minimum,<br \/>\nmati\u00e8res grasses brutes 14 % minimum,<br \/>\nfibres brutes 6 % maximum,<br \/>\nhumidit\u00e9 10 % maximum,<br \/>\ncendres 7,5 % maximum,<br \/>\ncalcium 1,1 % minimum,<br \/>\nphosphore 0,9 % minimum,<br \/>\nsodium 0,3 % minimum,<br \/>\nvitamine A 18 000 UI\/kg minimum,<br \/>\nvitamine D3 1700 UI\/kg minimum,<br \/>\nvitamine E 100 UI\/kg minimum.<\/p>\n","protected":false},"excerpt":{"rendered":"<p>INGR\u00c9DIENTS Farine de poulet, pois, avoine, saumon d\u00e9soss\u00e9, orge d\u00e9cortiqu\u00e9e, gras de poulet conserv\u00e9 naturellement avec un m\u00e9lange de tocoph\u00e9rols,<\/p>\n","protected":false},"featured_media":35647,"comment_status":"closed","ping_status":"closed","template":"","meta":[],"product_brand":[],"product_cat":[1109,1110,1111],"product_tag":[2115],"pa_animal":[1848],"pa_couleur":[],"pa_duration":[],"pa_format":[2085,2084],"pa_marque":[2087],"pa_type-de-produit":[],"class_list":{"0":"post-35501","1":"product","2":"type-product","3":"status-publish","4":"has-post-thumbnail","6":"product_cat-nourriture-et-produits-pour-chien","7":"product_cat-chien-nourriture","8":"product_cat-chien-nourriture-seche","9":"product_tag-pronature-fr-2","10":"pa_animal-chien","11":"pa_format-11-3kg-fr","12":"pa_format-2-27kg-fr","13":"pa_marque-pronature-fr","14":"has-subscription-plans","16":"first","17":"instock","18":"taxable","19":"shipping-taxable","20":"purchasable","21":"product-type-variable"},"aioseo_notices":[],"_links":{"self":[{"href":"https:\/\/petmobile.ca\/fr\/wp-json\/wp\/v2\/product\/35501","targetHints":{"allow":["GET"]}}],"collection":[{"href":"https:\/\/petmobile.ca\/fr\/wp-json\/wp\/v2\/product"}],"about":[{"href":"https:\/\/petmobile.ca\/fr\/wp-json\/wp\/v2\/types\/product"}],"replies":[{"embeddable":true,"href":"https:\/\/petmobile.ca\/fr\/wp-json\/wp\/v2\/comments?post=35501"}],"wp:featuredmedia":[{"embeddable":true,"href":"https:\/\/petmobile.ca\/fr\/wp-json\/wp\/v2\/media\/35647"}],"wp:attachment":[{"href":"https:\/\/petmobile.ca\/fr\/wp-json\/wp\/v2\/media?parent=35501"}],"wp:term":[{"taxonomy":"product_brand","embeddable":true,"href":"https:\/\/petmobile.ca\/fr\/wp-json\/wp\/v2\/product_brand?post=35501"},{"taxonomy":"product_cat","embeddable":true,"href":"https:\/\/petmobile.ca\/fr\/wp-json\/wp\/v2\/product_cat?post=35501"},{"taxonomy":"product_tag","embeddable":true,"href":"https:\/\/petmobile.ca\/fr\/wp-json\/wp\/v2\/product_tag?post=35501"},{"taxonomy":"pa_animal","embeddable":true,"href":"https:\/\/petmobile.ca\/fr\/wp-json\/wp\/v2\/pa_animal?post=35501"},{"taxonomy":"pa_couleur","embeddable":true,"href":"https:\/\/petmobile.ca\/fr\/wp-json\/wp\/v2\/pa_couleur?post=35501"},{"taxonomy":"pa_duration","embeddable":true,"href":"https:\/\/petmobile.ca\/fr\/wp-json\/wp\/v2\/pa_duration?post=35501"},{"taxonomy":"pa_format","embeddable":true,"href":"https:\/\/petmobile.ca\/fr\/wp-json\/wp\/v2\/pa_format?post=35501"},{"taxonomy":"pa_marque","embeddable":true,"href":"https:\/\/petmobile.ca\/fr\/wp-json\/wp\/v2\/pa_marque?post=35501"},{"taxonomy":"pa_type-de-produit","embeddable":true,"href":"https:\/\/petmobile.ca\/fr\/wp-json\/wp\/v2\/pa_type-de-produit?post=35501"}],"curies":[{"name":"wp","href":"https:\/\/api.w.org\/{rel}","templated":true}]}}