{"id":35504,"date":"2020-06-06T12:09:09","date_gmt":"2020-06-06T17:09:09","guid":{"rendered":"https:\/\/petmobile.ca\/?post_type=product&#038;p=35504"},"modified":"2023-09-25T14:33:02","modified_gmt":"2023-09-25T18:33:02","slug":"pronature-life-fit-poulet-desosse","status":"publish","type":"product","link":"https:\/\/petmobile.ca\/fr\/produit\/pronature-life-fit-poulet-desosse\/","title":{"rendered":"Pronature Life <br> Fit &#8211; Poulet d\u00e9soss\u00e9"},"content":{"rendered":"<p>INGR\u00c9DIENTS<\/p>\n<p>Farine de poulet, pois, avoine, poulet d\u00e9soss\u00e9, gras de poulet conserv\u00e9 naturellement avec un m\u00e9lange de tocoph\u00e9rols, orge d\u00e9cortiqu\u00e9e, pulpe de betteraves s\u00e9ch\u00e9e, luzerne s\u00e9ch\u00e9e, saveur naturelle, l\u00e9cithine, fibre de pois, huile de menhaden, chlorure de choline, sel, bisulfate de sodium, DL-m\u00e9thionine, taurine, sulfate ferreux, ac\u00e9tate d\u2019alpha-tocoph\u00e9rol, (une source de vitamine E), oxyde de zinc, acide nicotinique, chou fris\u00e9, varech s\u00e9ch\u00e9, \u00e9pinard s\u00e9ch\u00e9, brocoli s\u00e9ch\u00e9, thym, sauge, extrait de th\u00e9 vert, menthe, persil s\u00e9ch\u00e9, extrait de romarin, canneberges<br \/>\ns\u00e9ch\u00e9es, gingembre, cannelle, oxyde manganeux, pantoth\u00e9nate de d-calcium, mononitrate de thiamine, prot\u00e9inate de zinc, riboflavine, chlorhydrate de pyridoxine, suppl\u00e9ment de vitamine A,<br \/>\nchol\u00e9calcif\u00e9rol (une source de vitamine D3), biotine, prot\u00e9inate de mangan\u00e8se, s\u00e9l\u00e9nite de sodium, suppl\u00e9ment de vitamine B12, prot\u00e9inate de cuivre, iodate de calcium, acide folique.<\/p>\n<p>ANALYSES GARANTIES<\/p>\n<p>Prot\u00e9ines brutes 30 % minimum,<br \/>\nmati\u00e8res grasses brutes 14 % minimum,<br \/>\nfibres brutes 5 % maximum,<br \/>\nhumidit\u00e9 10 % maximum,<br \/>\ncendres 8 % maximum,<br \/>\ncalcium 1,2 % minimum,<br \/>\nphosphore 0,9 % minimum,<br \/>\nsodium 0,28 % minimum,<br \/>\nmagn\u00e9sium 0,12 % maximum,<br \/>\nvitamine A 18 000 UI\/kg minimum,<br \/>\nvitamine D3 1700 UI\/kg minimum,<br \/>\nvitamine E 75 UI\/kg minimum.<\/p>\n","protected":false},"excerpt":{"rendered":"<p>INGR\u00c9DIENTS Farine de poulet, pois, avoine, poulet d\u00e9soss\u00e9, gras de poulet conserv\u00e9 naturellement avec un m\u00e9lange de tocoph\u00e9rols, orge d\u00e9cortiqu\u00e9e,<\/p>\n","protected":false},"featured_media":35650,"comment_status":"closed","ping_status":"closed","template":"","meta":[],"product_brand":[],"product_cat":[1092,1093,1094],"product_tag":[2115],"pa_animal":[1847],"pa_couleur":[],"pa_duration":[],"pa_format":[2084,2020],"pa_marque":[2087],"pa_type-de-produit":[],"class_list":{"0":"post-35504","1":"product","2":"type-product","3":"status-publish","4":"has-post-thumbnail","6":"product_cat-produits-pour-chat","7":"product_cat-chat-nourriture","8":"product_cat-chat-nourriture-seche","9":"product_tag-pronature-fr-2","10":"pa_animal-chat","11":"pa_format-2-27kg-fr","12":"pa_format-5kg","13":"pa_marque-pronature-fr","14":"has-subscription-plans","16":"first","17":"instock","18":"taxable","19":"shipping-taxable","20":"purchasable","21":"product-type-variable"},"aioseo_notices":[],"_links":{"self":[{"href":"https:\/\/petmobile.ca\/fr\/wp-json\/wp\/v2\/product\/35504","targetHints":{"allow":["GET"]}}],"collection":[{"href":"https:\/\/petmobile.ca\/fr\/wp-json\/wp\/v2\/product"}],"about":[{"href":"https:\/\/petmobile.ca\/fr\/wp-json\/wp\/v2\/types\/product"}],"replies":[{"embeddable":true,"href":"https:\/\/petmobile.ca\/fr\/wp-json\/wp\/v2\/comments?post=35504"}],"wp:featuredmedia":[{"embeddable":true,"href":"https:\/\/petmobile.ca\/fr\/wp-json\/wp\/v2\/media\/35650"}],"wp:attachment":[{"href":"https:\/\/petmobile.ca\/fr\/wp-json\/wp\/v2\/media?parent=35504"}],"wp:term":[{"taxonomy":"product_brand","embeddable":true,"href":"https:\/\/petmobile.ca\/fr\/wp-json\/wp\/v2\/product_brand?post=35504"},{"taxonomy":"product_cat","embeddable":true,"href":"https:\/\/petmobile.ca\/fr\/wp-json\/wp\/v2\/product_cat?post=35504"},{"taxonomy":"product_tag","embeddable":true,"href":"https:\/\/petmobile.ca\/fr\/wp-json\/wp\/v2\/product_tag?post=35504"},{"taxonomy":"pa_animal","embeddable":true,"href":"https:\/\/petmobile.ca\/fr\/wp-json\/wp\/v2\/pa_animal?post=35504"},{"taxonomy":"pa_couleur","embeddable":true,"href":"https:\/\/petmobile.ca\/fr\/wp-json\/wp\/v2\/pa_couleur?post=35504"},{"taxonomy":"pa_duration","embeddable":true,"href":"https:\/\/petmobile.ca\/fr\/wp-json\/wp\/v2\/pa_duration?post=35504"},{"taxonomy":"pa_format","embeddable":true,"href":"https:\/\/petmobile.ca\/fr\/wp-json\/wp\/v2\/pa_format?post=35504"},{"taxonomy":"pa_marque","embeddable":true,"href":"https:\/\/petmobile.ca\/fr\/wp-json\/wp\/v2\/pa_marque?post=35504"},{"taxonomy":"pa_type-de-produit","embeddable":true,"href":"https:\/\/petmobile.ca\/fr\/wp-json\/wp\/v2\/pa_type-de-produit?post=35504"}],"curies":[{"name":"wp","href":"https:\/\/api.w.org\/{rel}","templated":true}]}}