{"id":35518,"date":"2020-06-06T12:56:05","date_gmt":"2020-06-06T17:56:54","guid":{"rendered":"https:\/\/petmobile.ca\/?post_type=product&#038;p=35518"},"modified":"2024-06-11T15:23:00","modified_gmt":"2024-06-11T19:23:00","slug":"pronature-life-fit-poulet-desosse-2","status":"publish","type":"product","link":"https:\/\/petmobile.ca\/fr\/produit\/pronature-life-fit-poulet-desosse-2\/","title":{"rendered":"Pronature Life Fit <br> Poulet d\u00e9soss\u00e9"},"content":{"rendered":"<p><strong>INGR\u00c9DIENTS<\/strong><\/p>\n<p>Farine de poulet, pois, avoine, orge d\u00e9cortiqu\u00e9e, poulet d\u00e9soss\u00e9, pulpe de betteraves s\u00e9ch\u00e9e, luzerne s\u00e9ch\u00e9e, gras de poulet conserv\u00e9 naturellement avec un m\u00e9lange de tocoph\u00e9rols, saveur naturelle, phosphate monocalcique, l\u00e9cithine, sel, huile de menhaden, chlorure de choline, carbonate de calcium, sulfate ferreux, ac\u00e9tate d\u2019alphatocoph\u00e9rol (une source de vitamine E), oxyde de zinc, chou fris\u00e9, varech s\u00e9ch\u00e9, \u00e9pinard s\u00e9ch\u00e9, brocoli s\u00e9ch\u00e9, thym, sauge, extrait de th\u00e9 vert, menthe, persil s\u00e9ch\u00e9, extrait de romarin, gingembre, cannelle, oxyde manganeux, acide nicotinique, pantoth\u00e9nate de d-calcium, prot\u00e9inate de zinc, suppl\u00e9ment de vitamine A, chol\u00e9calcif\u00e9rol (une source de vitamine D3), mononitrate de thiamine, biotine, prot\u00e9inate de mangan\u00e8se, s\u00e9l\u00e9nite de sodium, riboflavine, chlorhydrate de pyridoxine, suppl\u00e9ment de vitamine B12, prot\u00e9inate de cuivre, iodate de calcium, acide folique.<\/p>\n<p><strong>ANALYSES GARANTIES<\/strong><\/p>\n<p>Prot\u00e9ines brutes 25 % minimum,<br \/>\nmati\u00e8res grasses brutes 10 % minimum,<br \/>\nfibres brutes 6 % maximum,<br \/>\nhumidit\u00e9 10 % maximum,<br \/>\ncendres 7,5 % maximum,<br \/>\ncalcium 1,15 % minimum,<br \/>\nphosphore 0,92 % minimum,<br \/>\nsodium 0,3 % minimum,<br \/>\nvitamine A 18 000 UI\/kg minimum,<br \/>\nvitamine D3 1700 UI\/kg minimum,<br \/>\nvitamine E 100 UI\/kg minimum.<\/p>\n","protected":false},"excerpt":{"rendered":"<p>INGR\u00c9DIENTS Farine de poulet, pois, avoine, orge d\u00e9cortiqu\u00e9e, poulet d\u00e9soss\u00e9, pulpe de betteraves s\u00e9ch\u00e9e, luzerne s\u00e9ch\u00e9e, gras de poulet conserv\u00e9<\/p>\n","protected":false},"featured_media":62502,"comment_status":"closed","ping_status":"closed","template":"","meta":[],"product_brand":[],"product_cat":[1109,1110,1111,2858],"product_tag":[2115],"pa_animal":[1848],"pa_couleur":[],"pa_duration":[],"pa_format":[2085,2084],"pa_marque":[1840],"pa_type-de-produit":[],"class_list":{"0":"post-35518","1":"product","2":"type-product","3":"status-publish","4":"has-post-thumbnail","6":"product_cat-nourriture-et-produits-pour-chien","7":"product_cat-chien-nourriture","8":"product_cat-chien-nourriture-seche","9":"product_cat-promo","10":"product_tag-pronature-fr-2","11":"pa_animal-chien","12":"pa_format-11-3kg-fr","13":"pa_format-2-27kg-fr","14":"pa_marque-amibouff","15":"has-subscription-plans","17":"first","18":"instock","19":"taxable","20":"shipping-taxable","21":"purchasable","22":"product-type-variable"},"aioseo_notices":[],"_links":{"self":[{"href":"https:\/\/petmobile.ca\/fr\/wp-json\/wp\/v2\/product\/35518","targetHints":{"allow":["GET"]}}],"collection":[{"href":"https:\/\/petmobile.ca\/fr\/wp-json\/wp\/v2\/product"}],"about":[{"href":"https:\/\/petmobile.ca\/fr\/wp-json\/wp\/v2\/types\/product"}],"replies":[{"embeddable":true,"href":"https:\/\/petmobile.ca\/fr\/wp-json\/wp\/v2\/comments?post=35518"}],"wp:featuredmedia":[{"embeddable":true,"href":"https:\/\/petmobile.ca\/fr\/wp-json\/wp\/v2\/media\/62502"}],"wp:attachment":[{"href":"https:\/\/petmobile.ca\/fr\/wp-json\/wp\/v2\/media?parent=35518"}],"wp:term":[{"taxonomy":"product_brand","embeddable":true,"href":"https:\/\/petmobile.ca\/fr\/wp-json\/wp\/v2\/product_brand?post=35518"},{"taxonomy":"product_cat","embeddable":true,"href":"https:\/\/petmobile.ca\/fr\/wp-json\/wp\/v2\/product_cat?post=35518"},{"taxonomy":"product_tag","embeddable":true,"href":"https:\/\/petmobile.ca\/fr\/wp-json\/wp\/v2\/product_tag?post=35518"},{"taxonomy":"pa_animal","embeddable":true,"href":"https:\/\/petmobile.ca\/fr\/wp-json\/wp\/v2\/pa_animal?post=35518"},{"taxonomy":"pa_couleur","embeddable":true,"href":"https:\/\/petmobile.ca\/fr\/wp-json\/wp\/v2\/pa_couleur?post=35518"},{"taxonomy":"pa_duration","embeddable":true,"href":"https:\/\/petmobile.ca\/fr\/wp-json\/wp\/v2\/pa_duration?post=35518"},{"taxonomy":"pa_format","embeddable":true,"href":"https:\/\/petmobile.ca\/fr\/wp-json\/wp\/v2\/pa_format?post=35518"},{"taxonomy":"pa_marque","embeddable":true,"href":"https:\/\/petmobile.ca\/fr\/wp-json\/wp\/v2\/pa_marque?post=35518"},{"taxonomy":"pa_type-de-produit","embeddable":true,"href":"https:\/\/petmobile.ca\/fr\/wp-json\/wp\/v2\/pa_type-de-produit?post=35518"}],"curies":[{"name":"wp","href":"https:\/\/api.w.org\/{rel}","templated":true}]}}