{"id":35606,"date":"2020-06-11T07:59:43","date_gmt":"2020-06-11T13:03:46","guid":{"rendered":"https:\/\/petmobile.ca\/?post_type=product&#038;p=35606"},"modified":"2025-06-03T14:01:05","modified_gmt":"2025-06-03T18:01:05","slug":"1st-choice-maintenance-moyenne-et-grande-races-au-poulet","status":"publish","type":"product","link":"https:\/\/petmobile.ca\/fr\/produit\/1st-choice-maintenance-moyenne-et-grande-races-au-poulet\/","title":{"rendered":"1st Choice<br>Maintenance &#8211; Moyenne et grande races"},"content":{"rendered":"<p><strong>INGR\u00c9DIENTS : <\/strong><\/p>\n<p>Farine de poulet, riz de brasserie, orge perl\u00e9e, amande d\u2019avoine, gras de poulet pr\u00e9serv\u00e9 naturellement avec un m\u00e9lange de tocoph\u00e9rols (une source de vitamine E), pulpe de betteraves s\u00e9ch\u00e9es, cellulose en poudre, pur\u00e9e de tomates s\u00e9ch\u00e9es, hydrolysat de foie de poulet, graines de lin enti\u00e8res, l\u00e9cithine, chlorure de potassium, chlorure de choline, sel, propionate de calcium (comme agent de conservation), extrait de levure, acide ascorbique (vitamine C), taurine, extrait de chicor\u00e9e (une source d\u2019inuline), sulfate ferreux, sulfate de glucosamine, oxyde de zinc, ac\u00e9tate d\u2019alpha-tocoph\u00e9rol (une source de vitamine E), sulfate de chondro\u00eftine, extrait de yucca schidigera, peptide de collag\u00e8ne, prot\u00e9inate de fer, prot\u00e9inate de zinc, s\u00e9l\u00e9nite de sodium, mononitrate de thiamine, farine d\u2019algues s\u00e9ch\u00e9es, extrait de th\u00e9 vert, menthe verte s\u00e9ch\u00e9e, persil s\u00e9ch\u00e9, sulfate de cuivre, iodate de calcium, chlorhydrate de pyridoxine, oxyde de mangan\u00e8se, prot\u00e9inate de mangan\u00e8se, acide nicotinique, pantoth\u00e9nate de d-calcium, suppl\u00e9ment de vitamine A, prot\u00e9inate de cuivre, chol\u00e9calcif\u00e9rol (une source de vitamine D3), acide folique, riboflavine, biotine, suppl\u00e9ment de vitamine B12, carbonate de cobalt.<\/p>\n<p><strong>ANALYSES GARANTIES : <\/strong><\/p>\n<p>Prot\u00e9ines brutes 23 % minimum,<br \/>\nmati\u00e8res grasses brutes 13 % minimum,<br \/>\nfibres brutes 4,5 % maximum,<br \/>\nhumidit\u00e9 10 % maximum,<br \/>\ncendres 8 % maximum,<br \/>\ncalcium 1,2 % minimum,<br \/>\nphosphore 0,5 % minimum,<br \/>\nvitamine A 23 000 UI\/kg minimum,<br \/>\nvitamine D3 2000 UI\/kg minimum,<br \/>\nvitamine E 140 UI\/kg minimum,<br \/>\nsulfate de glucosamine 500 mg\/kg minimum,<br \/>\nsulfate de chondro\u00eftine 250 mg\/kg minimum.<\/p>\n","protected":false},"excerpt":{"rendered":"<p>INGR\u00c9DIENTS : Farine de poulet, riz de brasserie, orge perl\u00e9e, amande d\u2019avoine, gras de poulet pr\u00e9serv\u00e9 naturellement avec un m\u00e9lange<\/p>\n","protected":false},"featured_media":35635,"comment_status":"closed","ping_status":"closed","template":"","meta":[],"product_brand":[],"product_cat":[1109,1110,1111],"product_tag":[2328],"pa_animal":[1848],"pa_couleur":[],"pa_duration":[],"pa_format":[2389,2091],"pa_marque":[2338],"pa_type-de-produit":[],"class_list":{"0":"post-35606","1":"product","2":"type-product","3":"status-publish","4":"has-post-thumbnail","6":"product_cat-nourriture-et-produits-pour-chien","7":"product_cat-chien-nourriture","8":"product_cat-chien-nourriture-seche","9":"product_tag-1st-choice-fr","10":"pa_animal-chien","11":"pa_format-14kg","12":"pa_format-5kg-fr","13":"pa_marque-1st-choice-fr","14":"has-subscription-plans","16":"first","17":"instock","18":"taxable","19":"shipping-taxable","20":"purchasable","21":"product-type-variable"},"aioseo_notices":[],"_links":{"self":[{"href":"https:\/\/petmobile.ca\/fr\/wp-json\/wp\/v2\/product\/35606","targetHints":{"allow":["GET"]}}],"collection":[{"href":"https:\/\/petmobile.ca\/fr\/wp-json\/wp\/v2\/product"}],"about":[{"href":"https:\/\/petmobile.ca\/fr\/wp-json\/wp\/v2\/types\/product"}],"replies":[{"embeddable":true,"href":"https:\/\/petmobile.ca\/fr\/wp-json\/wp\/v2\/comments?post=35606"}],"wp:featuredmedia":[{"embeddable":true,"href":"https:\/\/petmobile.ca\/fr\/wp-json\/wp\/v2\/media\/35635"}],"wp:attachment":[{"href":"https:\/\/petmobile.ca\/fr\/wp-json\/wp\/v2\/media?parent=35606"}],"wp:term":[{"taxonomy":"product_brand","embeddable":true,"href":"https:\/\/petmobile.ca\/fr\/wp-json\/wp\/v2\/product_brand?post=35606"},{"taxonomy":"product_cat","embeddable":true,"href":"https:\/\/petmobile.ca\/fr\/wp-json\/wp\/v2\/product_cat?post=35606"},{"taxonomy":"product_tag","embeddable":true,"href":"https:\/\/petmobile.ca\/fr\/wp-json\/wp\/v2\/product_tag?post=35606"},{"taxonomy":"pa_animal","embeddable":true,"href":"https:\/\/petmobile.ca\/fr\/wp-json\/wp\/v2\/pa_animal?post=35606"},{"taxonomy":"pa_couleur","embeddable":true,"href":"https:\/\/petmobile.ca\/fr\/wp-json\/wp\/v2\/pa_couleur?post=35606"},{"taxonomy":"pa_duration","embeddable":true,"href":"https:\/\/petmobile.ca\/fr\/wp-json\/wp\/v2\/pa_duration?post=35606"},{"taxonomy":"pa_format","embeddable":true,"href":"https:\/\/petmobile.ca\/fr\/wp-json\/wp\/v2\/pa_format?post=35606"},{"taxonomy":"pa_marque","embeddable":true,"href":"https:\/\/petmobile.ca\/fr\/wp-json\/wp\/v2\/pa_marque?post=35606"},{"taxonomy":"pa_type-de-produit","embeddable":true,"href":"https:\/\/petmobile.ca\/fr\/wp-json\/wp\/v2\/pa_type-de-produit?post=35606"}],"curies":[{"name":"wp","href":"https:\/\/api.w.org\/{rel}","templated":true}]}}