{"id":35656,"date":"2020-06-12T14:43:35","date_gmt":"2020-06-12T19:43:35","guid":{"rendered":"https:\/\/petmobile.ca\/?post_type=product&#038;p=35656"},"modified":"2025-02-18T11:36:26","modified_gmt":"2025-02-18T16:36:26","slug":"1st-choice-interieur-vitalite","status":"publish","type":"product","link":"https:\/\/petmobile.ca\/fr\/produit\/1st-choice-interieur-vitalite\/","title":{"rendered":"1st Choice <br> Int\u00e9rieur Vitalit\u00e9"},"content":{"rendered":"<p><strong>INGR\u00c9DIENTS<\/strong> :<\/p>\n<p>Poulet, farine de poulet, riz, prot\u00e9ine de pois, gras de poulet conserv\u00e9 naturellement avec un m\u00e9lange de tocoph\u00e9rols, pulpe de betteraves, riz brun, orge perl\u00e9, amande d\u2019avoine, produit d\u2019oeuf s\u00e9ch\u00e9, saveur naturelle, graines de lin enti\u00e8res, huile de saumon, pur\u00e9e de tomates s\u00e9ch\u00e9es, fibre de pois, chlorure de potassium, l\u00e9cithine, carbonate de calcium, chlorure de choline, sel, propionate de calcium (comme agent de conservation), bisulfate de sodium, taurine, DL-m\u00e9thionine, L-lysine, extrait de levure (une source de mannane-oligosaccharides), sulfate ferreux, acide ascorbique (vitamine C), extrait de chicor\u00e9e (une source d\u2019inuline), oxyde de zinc, s\u00e9l\u00e9nite de sodium, ac\u00e9tate d\u2019alpha-tocoph\u00e9rol (une source de vitamine E), acide nicotinique, extrait de yucca schidigera, iodate de calcium, oxyde manganeux, L-carnitine, pantoth\u00e9nate de d-calcium, mononitrate de thiamine, riboflavine, chlorhydrate de pyridoxine, suppl\u00e9ment de vitamine A, chol\u00e9calcif\u00e9rol (une source de vitamine D3), biotine, menthe s\u00e9ch\u00e9e, persil s\u00e9ch\u00e9, extrait de th\u00e9 vert, prot\u00e9inate de zinc, suppl\u00e9ment de vitamine B12, carbonate de cobalt, acide folique, prot\u00e9inate de mangan\u00e8se, prot\u00e9inate de cuivre.<\/p>\n<p><strong>ANALYSES GARANTIES :<\/strong><\/p>\n<p>Prot\u00e9ines brutes 28 % min.,<br \/>\nmati\u00e8res grasses brutes 18 % min.,<br \/>\nfibres brutes 3 % max.,<br \/>\nhumidit\u00e9 10 % max.,<br \/>\ncendres 8,5 % max.,<br \/>\ncalcium 1,1 % min.,<br \/>\nphosphore 0,9 % min.,<br \/>\nmagn\u00e9sium 0,1 % max.,<br \/>\nvitamine A 34 000 UI\/kg min.,<br \/>\nvitamine D3 2000 UI\/kg min.,<br \/>\nvitamine E 150 UI\/kg min.,<br \/>\ntaurine 2100 mg\/kg,<br \/>\nmannaneoligosaccharides 1000 mg\/kg,<br \/>\nfructo-oligosaccharides 500 mg\/kg.<\/p>\n","protected":false},"excerpt":{"rendered":"<p>INGR\u00c9DIENTS : Poulet, farine de poulet, riz, prot\u00e9ine de pois, gras de poulet conserv\u00e9 naturellement avec un m\u00e9lange de tocoph\u00e9rols,<\/p>\n","protected":false},"featured_media":35659,"comment_status":"closed","ping_status":"closed","template":"","meta":[],"product_brand":[],"product_cat":[1092,1093,1094],"product_tag":[2328],"pa_animal":[1847],"pa_couleur":[],"pa_duration":[],"pa_format":[2334,2362],"pa_marque":[2338],"pa_type-de-produit":[],"class_list":{"0":"post-35656","1":"product","2":"type-product","3":"status-publish","4":"has-post-thumbnail","6":"product_cat-produits-pour-chat","7":"product_cat-chat-nourriture","8":"product_cat-chat-nourriture-seche","9":"product_tag-1st-choice-fr","10":"pa_animal-chat","11":"pa_format-2-72-kg-fr","12":"pa_format-5-44kg","13":"pa_marque-1st-choice-fr","14":"has-subscription-plans","16":"first","17":"instock","18":"taxable","19":"shipping-taxable","20":"purchasable","21":"product-type-variable"},"aioseo_notices":[],"_links":{"self":[{"href":"https:\/\/petmobile.ca\/fr\/wp-json\/wp\/v2\/product\/35656","targetHints":{"allow":["GET"]}}],"collection":[{"href":"https:\/\/petmobile.ca\/fr\/wp-json\/wp\/v2\/product"}],"about":[{"href":"https:\/\/petmobile.ca\/fr\/wp-json\/wp\/v2\/types\/product"}],"replies":[{"embeddable":true,"href":"https:\/\/petmobile.ca\/fr\/wp-json\/wp\/v2\/comments?post=35656"}],"wp:featuredmedia":[{"embeddable":true,"href":"https:\/\/petmobile.ca\/fr\/wp-json\/wp\/v2\/media\/35659"}],"wp:attachment":[{"href":"https:\/\/petmobile.ca\/fr\/wp-json\/wp\/v2\/media?parent=35656"}],"wp:term":[{"taxonomy":"product_brand","embeddable":true,"href":"https:\/\/petmobile.ca\/fr\/wp-json\/wp\/v2\/product_brand?post=35656"},{"taxonomy":"product_cat","embeddable":true,"href":"https:\/\/petmobile.ca\/fr\/wp-json\/wp\/v2\/product_cat?post=35656"},{"taxonomy":"product_tag","embeddable":true,"href":"https:\/\/petmobile.ca\/fr\/wp-json\/wp\/v2\/product_tag?post=35656"},{"taxonomy":"pa_animal","embeddable":true,"href":"https:\/\/petmobile.ca\/fr\/wp-json\/wp\/v2\/pa_animal?post=35656"},{"taxonomy":"pa_couleur","embeddable":true,"href":"https:\/\/petmobile.ca\/fr\/wp-json\/wp\/v2\/pa_couleur?post=35656"},{"taxonomy":"pa_duration","embeddable":true,"href":"https:\/\/petmobile.ca\/fr\/wp-json\/wp\/v2\/pa_duration?post=35656"},{"taxonomy":"pa_format","embeddable":true,"href":"https:\/\/petmobile.ca\/fr\/wp-json\/wp\/v2\/pa_format?post=35656"},{"taxonomy":"pa_marque","embeddable":true,"href":"https:\/\/petmobile.ca\/fr\/wp-json\/wp\/v2\/pa_marque?post=35656"},{"taxonomy":"pa_type-de-produit","embeddable":true,"href":"https:\/\/petmobile.ca\/fr\/wp-json\/wp\/v2\/pa_type-de-produit?post=35656"}],"curies":[{"name":"wp","href":"https:\/\/api.w.org\/{rel}","templated":true}]}}