{"id":35672,"date":"2020-06-13T08:13:57","date_gmt":"2020-06-13T13:13:57","guid":{"rendered":"https:\/\/petmobile.ca\/?post_type=product&#038;p=35672"},"modified":"2025-11-20T14:29:26","modified_gmt":"2025-11-20T19:29:26","slug":"1st-choice-sante-urinaire","status":"publish","type":"product","link":"https:\/\/petmobile.ca\/fr\/produit\/1st-choice-sante-urinaire\/","title":{"rendered":"1st Choice <br> Sant\u00e9 Urinaire"},"content":{"rendered":"<p><strong>INGR\u00c9DIENTS : <\/strong><\/p>\n<p>Poulet, farine de poulet, riz, farine des prairies, lentilles, tapioca, gras de poulet (pr\u00e9serv\u00e9 avec un m\u00e9lange de tocoph\u00e9rols), pulpe de<br \/>\nbetteraves s\u00e9ch\u00e9es, prot\u00e9ine de pomme de terre, fibre de pois, saveur naturelle, graines de lin, l\u00e9cithine, carbonate de calcium, chlorure de potassium, chlorure de choline, sel, min\u00e9raux [sulfate ferreux, oxyde de zinc, oxyde manganeux, s\u00e9l\u00e9nite de sodium, iodate de calcium], vitamines [acide ascorbique (vitamine C), ac\u00e9tate d\u2019alpha-tocoph\u00e9rol (une source de vitamine E), acide nicotinique, pantoth\u00e9nate de d-calcium, mononitrate de thiamine, suppl\u00e9ment de vitamine A, chol\u00e9calcif\u00e9rol (une source de vitamine D3), biotine, riboflavine, chlorhydrate de pyridoxine, suppl\u00e9ment de vitamine B12, acide folique], bisulfate de sodium, DLm\u00e9thionine, taurine, L-lysine, extrait de yucca schidigera, extrait de romarin, canneberge s\u00e9ch\u00e9e, L-carnitine, luzerne s\u00e9ch\u00e9e, ananas s\u00e9ch\u00e9, gingembre, menthe, persil, extrait de th\u00e9 vert.<\/p>\n<p><strong>ANALYSES GARANTIES : <\/strong><\/p>\n<p>Prot\u00e9ines brutes 30 % min.,<br \/>\nmati\u00e8res grasses brutes 16 % min.,<br \/>\nfibres brutes 5 % max.,<br \/>\nhumidit\u00e9 10 % max.,<br \/>\ncendres 8 % max.,<br \/>\ncalcium 0,7 % min.,<br \/>\nphosphore 0,6 % min.,<br \/>\nmagn\u00e9sium 0,08 % max.,<br \/>\nvitamine A 20 000 UI\/kg min.,<br \/>\nvitamine D3 1 800 UI\/kg min.,<br \/>\nvitamine E 85 UI\/ kg min.<\/p>\n","protected":false},"excerpt":{"rendered":"<p>INGR\u00c9DIENTS : Poulet, farine de poulet, riz, farine des prairies, lentilles, tapioca, gras de poulet (pr\u00e9serv\u00e9 avec un m\u00e9lange de<\/p>\n","protected":false},"featured_media":35673,"comment_status":"closed","ping_status":"closed","template":"","meta":[],"product_brand":[],"product_cat":[1092,1093,1094,2858],"product_tag":[2328],"pa_animal":[1847],"pa_couleur":[],"pa_duration":[],"pa_format":[2823,2362],"pa_marque":[2338],"pa_type-de-produit":[],"class_list":{"0":"post-35672","1":"product","2":"type-product","3":"status-publish","4":"has-post-thumbnail","6":"product_cat-produits-pour-chat","7":"product_cat-chat-nourriture","8":"product_cat-chat-nourriture-seche","9":"product_cat-promo","10":"product_tag-1st-choice-fr","11":"pa_animal-chat","12":"pa_format-18-kg","13":"pa_format-5-44kg","14":"pa_marque-1st-choice-fr","15":"has-subscription-plans","17":"first","18":"instock","19":"sale","20":"taxable","21":"shipping-taxable","22":"purchasable","23":"product-type-variable"},"aioseo_notices":[],"_links":{"self":[{"href":"https:\/\/petmobile.ca\/fr\/wp-json\/wp\/v2\/product\/35672","targetHints":{"allow":["GET"]}}],"collection":[{"href":"https:\/\/petmobile.ca\/fr\/wp-json\/wp\/v2\/product"}],"about":[{"href":"https:\/\/petmobile.ca\/fr\/wp-json\/wp\/v2\/types\/product"}],"replies":[{"embeddable":true,"href":"https:\/\/petmobile.ca\/fr\/wp-json\/wp\/v2\/comments?post=35672"}],"wp:featuredmedia":[{"embeddable":true,"href":"https:\/\/petmobile.ca\/fr\/wp-json\/wp\/v2\/media\/35673"}],"wp:attachment":[{"href":"https:\/\/petmobile.ca\/fr\/wp-json\/wp\/v2\/media?parent=35672"}],"wp:term":[{"taxonomy":"product_brand","embeddable":true,"href":"https:\/\/petmobile.ca\/fr\/wp-json\/wp\/v2\/product_brand?post=35672"},{"taxonomy":"product_cat","embeddable":true,"href":"https:\/\/petmobile.ca\/fr\/wp-json\/wp\/v2\/product_cat?post=35672"},{"taxonomy":"product_tag","embeddable":true,"href":"https:\/\/petmobile.ca\/fr\/wp-json\/wp\/v2\/product_tag?post=35672"},{"taxonomy":"pa_animal","embeddable":true,"href":"https:\/\/petmobile.ca\/fr\/wp-json\/wp\/v2\/pa_animal?post=35672"},{"taxonomy":"pa_couleur","embeddable":true,"href":"https:\/\/petmobile.ca\/fr\/wp-json\/wp\/v2\/pa_couleur?post=35672"},{"taxonomy":"pa_duration","embeddable":true,"href":"https:\/\/petmobile.ca\/fr\/wp-json\/wp\/v2\/pa_duration?post=35672"},{"taxonomy":"pa_format","embeddable":true,"href":"https:\/\/petmobile.ca\/fr\/wp-json\/wp\/v2\/pa_format?post=35672"},{"taxonomy":"pa_marque","embeddable":true,"href":"https:\/\/petmobile.ca\/fr\/wp-json\/wp\/v2\/pa_marque?post=35672"},{"taxonomy":"pa_type-de-produit","embeddable":true,"href":"https:\/\/petmobile.ca\/fr\/wp-json\/wp\/v2\/pa_type-de-produit?post=35672"}],"curies":[{"name":"wp","href":"https:\/\/api.w.org\/{rel}","templated":true}]}}