{"id":35754,"date":"2020-06-17T14:47:56","date_gmt":"2020-06-17T19:52:10","guid":{"rendered":"https:\/\/petmobile.ca\/?post_type=product&#038;p=35754"},"modified":"2025-01-22T12:41:14","modified_gmt":"2025-01-22T17:41:14","slug":"1st-choice-croissance-miniture-et-petite-race","status":"publish","type":"product","link":"https:\/\/petmobile.ca\/fr\/produit\/1st-choice-croissance-miniture-et-petite-race\/","title":{"rendered":"1st Choice<br>Croissance &#8211; Miniature et petite races &#8211; Chiot"},"content":{"rendered":"<p><strong>INGR\u00c9DIENTS : <\/strong><\/p>\n<p>Farine de poulet, amande d\u2019avoine, riz de brasserie, orge perl\u00e9e, gras de poulet pr\u00e9serv\u00e9 naturellement avec un m\u00e9lange de tocoph\u00e9rols (une source de vitamine E), pulpe de betteraves s\u00e9ch\u00e9es, pur\u00e9e de tomates s\u00e9ch\u00e9es, produit d\u2019oeufs s\u00e9ch\u00e9s, cellulose en poudre, l\u00e9cithine, graines de lin enti\u00e8res, hydrolysat de foie de poulet, huile de hareng, chlorure de potassium, phosphate monosodique, chlorure de choline, sel, propionate de calcium (comme agent de conservation), extrait de levure, carbonate de calcium, acide ascorbique (vitamine C), taurine, extrait de chicor\u00e9e (une source d\u2019inuline), L-carnitine, sulfate ferreux, sulfate de glucosamine, oxyde de zinc, ac\u00e9tate d\u2019alpha-tocoph\u00e9rol (une source de vitamine E), sulfate de chondro\u00eftine, extrait de yucca schidigera, prot\u00e9inate de fer, prot\u00e9inate de zinc, s\u00e9l\u00e9nite de sodium, mononitrate de thiamine, farine d\u2019algues s\u00e9ch\u00e9es, extrait de th\u00e9 vert, menthe verte s\u00e9ch\u00e9e, persil s\u00e9ch\u00e9, sulfate de cuivre, iodate de calcium, chlorhydrate de pyridoxine, oxyde de mangan\u00e8se, prot\u00e9inate de mangan\u00e8se, extrait de gingembre, acide nicotinique, pantoth\u00e9nate de d-calcium, suppl\u00e9ment de vitamine A, prot\u00e9inate de cuivre, chol\u00e9calcif\u00e9rol (une source de vitamine D3), acide folique, riboflavine, biotine, suppl\u00e9ment de vitamine B12, carbonate de cobalt.<\/p>\n<p><strong>ANALYSES GARANTIES : <\/strong><\/p>\n<p>Prot\u00e9ines brutes 28 % minimum,<br \/>\nmati\u00e8res grasses brutes 18 % minimum,<br \/>\nfibres brutes 4,5 % maximum,<br \/>\nhumidit\u00e9 10 % maximum,<br \/>\ncendres 9,5 % maximum,<br \/>\ncalcium 1,6 % minimum,<br \/>\nphosphore 1 % minimum,<br \/>\nvitamine A 23 000 UI\/kg minimum,<br \/>\nvitamine D3 2000 UI\/kg minimum,<br \/>\nvitamine E 140 UI\/kg minimum,<br \/>\nsulfate de glucosamine 500 mg\/kg minimum,<br \/>\nsulfate de chondro\u00eftine 250 mg\/kg minimum.<\/p>\n","protected":false},"excerpt":{"rendered":"<p>INGR\u00c9DIENTS : Farine de poulet, amande d\u2019avoine, riz de brasserie, orge perl\u00e9e, gras de poulet pr\u00e9serv\u00e9 naturellement avec un m\u00e9lange<\/p>\n","protected":false},"featured_media":65007,"comment_status":"closed","ping_status":"closed","template":"","meta":[],"product_brand":[],"product_cat":[1109,1110,1111,2858],"product_tag":[2328],"pa_animal":[],"pa_couleur":[],"pa_duration":[],"pa_format":[2718,2091],"pa_marque":[],"pa_type-de-produit":[],"class_list":{"0":"post-35754","1":"product","2":"type-product","3":"status-publish","4":"has-post-thumbnail","6":"product_cat-nourriture-et-produits-pour-chien","7":"product_cat-chien-nourriture","8":"product_cat-chien-nourriture-seche","9":"product_cat-promo","10":"product_tag-1st-choice-fr","11":"pa_format-2-kg-fr","12":"pa_format-5kg-fr","13":"has-subscription-plans","15":"first","16":"instock","17":"taxable","18":"shipping-taxable","19":"purchasable","20":"product-type-variable"},"aioseo_notices":[],"_links":{"self":[{"href":"https:\/\/petmobile.ca\/fr\/wp-json\/wp\/v2\/product\/35754","targetHints":{"allow":["GET"]}}],"collection":[{"href":"https:\/\/petmobile.ca\/fr\/wp-json\/wp\/v2\/product"}],"about":[{"href":"https:\/\/petmobile.ca\/fr\/wp-json\/wp\/v2\/types\/product"}],"replies":[{"embeddable":true,"href":"https:\/\/petmobile.ca\/fr\/wp-json\/wp\/v2\/comments?post=35754"}],"wp:featuredmedia":[{"embeddable":true,"href":"https:\/\/petmobile.ca\/fr\/wp-json\/wp\/v2\/media\/65007"}],"wp:attachment":[{"href":"https:\/\/petmobile.ca\/fr\/wp-json\/wp\/v2\/media?parent=35754"}],"wp:term":[{"taxonomy":"product_brand","embeddable":true,"href":"https:\/\/petmobile.ca\/fr\/wp-json\/wp\/v2\/product_brand?post=35754"},{"taxonomy":"product_cat","embeddable":true,"href":"https:\/\/petmobile.ca\/fr\/wp-json\/wp\/v2\/product_cat?post=35754"},{"taxonomy":"product_tag","embeddable":true,"href":"https:\/\/petmobile.ca\/fr\/wp-json\/wp\/v2\/product_tag?post=35754"},{"taxonomy":"pa_animal","embeddable":true,"href":"https:\/\/petmobile.ca\/fr\/wp-json\/wp\/v2\/pa_animal?post=35754"},{"taxonomy":"pa_couleur","embeddable":true,"href":"https:\/\/petmobile.ca\/fr\/wp-json\/wp\/v2\/pa_couleur?post=35754"},{"taxonomy":"pa_duration","embeddable":true,"href":"https:\/\/petmobile.ca\/fr\/wp-json\/wp\/v2\/pa_duration?post=35754"},{"taxonomy":"pa_format","embeddable":true,"href":"https:\/\/petmobile.ca\/fr\/wp-json\/wp\/v2\/pa_format?post=35754"},{"taxonomy":"pa_marque","embeddable":true,"href":"https:\/\/petmobile.ca\/fr\/wp-json\/wp\/v2\/pa_marque?post=35754"},{"taxonomy":"pa_type-de-produit","embeddable":true,"href":"https:\/\/petmobile.ca\/fr\/wp-json\/wp\/v2\/pa_type-de-produit?post=35754"}],"curies":[{"name":"wp","href":"https:\/\/api.w.org\/{rel}","templated":true}]}}