{"id":35851,"date":"2020-06-23T09:07:12","date_gmt":"2020-06-23T14:11:22","guid":{"rendered":"https:\/\/petmobile.ca\/?post_type=product&#038;p=35851"},"modified":"2024-06-11T15:32:28","modified_gmt":"2024-06-11T19:32:28","slug":"1st-choice-mature-moins-actif","status":"publish","type":"product","link":"https:\/\/petmobile.ca\/fr\/produit\/1st-choice-mature-moins-actif\/","title":{"rendered":"1st Choice <br> Mature ou moins actif"},"content":{"rendered":"<p><strong>INGR\u00c9DIENTS :<\/strong><\/p>\n<p>Poulet, farine de poulet (une source naturelle de glucosamine et de chondro\u00eftine), riz, riz brun, orge perl\u00e9, prot\u00e9ine de pois, gras de poulet conserv\u00e9 naturellement avec un m\u00e9lange de tocoph\u00e9rols, produit d\u2019oeuf s\u00e9ch\u00e9, amande d\u2019avoine, saveur naturelle, pulpe de betteraves, grains de lin enti\u00e8res, fibre de pois, pur\u00e9e de tomates s\u00e9ch\u00e9es, huile de saumon, chlorure de potassium, l\u00e9cithine, carbonate de calcium, chlorure de choline, sel, propionate de calcium (comme agent de conservation), bisulfate de sodium, extrait de levure, taurine, extrait de chicor\u00e9e, DL-m\u00e9thionine, L-lysine, sulfate ferreux, peptide de collag\u00e8ne, acide ascorbique (vitamine C), oxyde de zinc, s\u00e9l\u00e9nite de sodium, ac\u00e9tate d\u2019alpha-tocoph\u00e9rol (une source de vitamine E), sulfate de glucosamine, acide nicotinique, sulfate de chondro\u00eftine, extrait de yucca schidigera, L-cystine, iodate de calcium, oxide manganeux, L-carnitine, pantoth\u00e9nate de d-calcium, mononitrate de thiamine, riboflavine, chlorhydrate de pyridoxine, suppl\u00e9ment de vitamine A, chol\u00e9calcif\u00e9rol (une source de vitamine D3), biotine, menthe s\u00e9ch\u00e9e, persil s\u00e9ch\u00e9, extrait de th\u00e9 vert, prot\u00e9inate de zinc, suppl\u00e9ment de vitamine B12, carbonate de cobalt, acide folique, prot\u00e9inate de mangan\u00e8se, prot\u00e9inate de cuivre.<\/p>\n<p><strong>ANALYSES GARANTIES<\/strong> :<\/p>\n<p>Prot\u00e9ines brutes 27 % min.,<br \/>\nmati\u00e8res grasses brutes 15 % min.,<br \/>\nfibres brutes 3,5 % max.,<br \/>\nhumidit\u00e9 10 % max., cendres 8,5 % max., calcium 1 % min.,<br \/>\nphosphore 0,9 % min.,<br \/>\nmagn\u00e9sium 0,1 % max.,<br \/>\ntaurine 2100 mg\/kg,<br \/>\nvitamine A 34 000 UI\/kg min.,<br \/>\nvitamine D3 2000 UI\/kg min.,<br \/>\nvitamine E 150 UI\/kg min.,<br \/>\nvitamine C 250 mg\/kg.<\/p>\n","protected":false},"excerpt":{"rendered":"<p>INGR\u00c9DIENTS : Poulet, farine de poulet (une source naturelle de glucosamine et de chondro\u00eftine), riz, riz brun, orge perl\u00e9, prot\u00e9ine<\/p>\n","protected":false},"featured_media":35850,"comment_status":"closed","ping_status":"closed","template":"","meta":[],"product_brand":[],"product_cat":[1092,1093,1094,2858],"product_tag":[2328],"pa_animal":[1847],"pa_couleur":[],"pa_duration":[],"pa_format":[2334,2362],"pa_marque":[2338],"pa_type-de-produit":[],"class_list":{"0":"post-35851","1":"product","2":"type-product","3":"status-publish","4":"has-post-thumbnail","6":"product_cat-produits-pour-chat","7":"product_cat-chat-nourriture","8":"product_cat-chat-nourriture-seche","9":"product_cat-promo","10":"product_tag-1st-choice-fr","11":"pa_animal-chat","12":"pa_format-2-72-kg-fr","13":"pa_format-5-44kg","14":"pa_marque-1st-choice-fr","15":"has-subscription-plans","17":"first","18":"instock","19":"taxable","20":"shipping-taxable","21":"purchasable","22":"product-type-variable","23":"has-default-attributes"},"aioseo_notices":[],"_links":{"self":[{"href":"https:\/\/petmobile.ca\/fr\/wp-json\/wp\/v2\/product\/35851","targetHints":{"allow":["GET"]}}],"collection":[{"href":"https:\/\/petmobile.ca\/fr\/wp-json\/wp\/v2\/product"}],"about":[{"href":"https:\/\/petmobile.ca\/fr\/wp-json\/wp\/v2\/types\/product"}],"replies":[{"embeddable":true,"href":"https:\/\/petmobile.ca\/fr\/wp-json\/wp\/v2\/comments?post=35851"}],"wp:featuredmedia":[{"embeddable":true,"href":"https:\/\/petmobile.ca\/fr\/wp-json\/wp\/v2\/media\/35850"}],"wp:attachment":[{"href":"https:\/\/petmobile.ca\/fr\/wp-json\/wp\/v2\/media?parent=35851"}],"wp:term":[{"taxonomy":"product_brand","embeddable":true,"href":"https:\/\/petmobile.ca\/fr\/wp-json\/wp\/v2\/product_brand?post=35851"},{"taxonomy":"product_cat","embeddable":true,"href":"https:\/\/petmobile.ca\/fr\/wp-json\/wp\/v2\/product_cat?post=35851"},{"taxonomy":"product_tag","embeddable":true,"href":"https:\/\/petmobile.ca\/fr\/wp-json\/wp\/v2\/product_tag?post=35851"},{"taxonomy":"pa_animal","embeddable":true,"href":"https:\/\/petmobile.ca\/fr\/wp-json\/wp\/v2\/pa_animal?post=35851"},{"taxonomy":"pa_couleur","embeddable":true,"href":"https:\/\/petmobile.ca\/fr\/wp-json\/wp\/v2\/pa_couleur?post=35851"},{"taxonomy":"pa_duration","embeddable":true,"href":"https:\/\/petmobile.ca\/fr\/wp-json\/wp\/v2\/pa_duration?post=35851"},{"taxonomy":"pa_format","embeddable":true,"href":"https:\/\/petmobile.ca\/fr\/wp-json\/wp\/v2\/pa_format?post=35851"},{"taxonomy":"pa_marque","embeddable":true,"href":"https:\/\/petmobile.ca\/fr\/wp-json\/wp\/v2\/pa_marque?post=35851"},{"taxonomy":"pa_type-de-produit","embeddable":true,"href":"https:\/\/petmobile.ca\/fr\/wp-json\/wp\/v2\/pa_type-de-produit?post=35851"}],"curies":[{"name":"wp","href":"https:\/\/api.w.org\/{rel}","templated":true}]}}