{"id":36005,"date":"2020-07-02T10:12:04","date_gmt":"2020-07-02T15:12:04","guid":{"rendered":"https:\/\/petmobile.ca\/?post_type=product&#038;p=36005"},"modified":"2022-07-25T13:26:50","modified_gmt":"2022-07-25T18:26:50","slug":"peigne-demeloir-9-lames","status":"publish","type":"product","link":"https:\/\/petmobile.ca\/fr\/produit\/peigne-demeloir-9-lames\/","title":{"rendered":"Hunter <br> Peigne-d\u00e9m\u00ealoir 9 lames"},"content":{"rendered":"<p>Ses 9 lames dentel\u00e9es d\u00e9tachent rapidement les poils morts du pelage tout en \u00e9claircissant le sous-poil. Excellent d\u00e9m\u00ealoir, cet outil peut \u00eatre utilis\u00e9 comme premi\u00e8re approche contre les noeuds r\u00e9sistants. Facile \u00e0 manier et s\u00e9curitaire, il aide \u00e0 maintenir la peau et la fourrure en bonne sant\u00e9. Un appuie-pouce de m\u00e9tal, situ\u00e9 entre le manche de plastique et les lames, permet un contr\u00f4le et une efficacit\u00e9 sup\u00e9rieure tout en prot\u00e9geant les mains et la peau des animaux. Ce produit convient aux chiens et aux chats \u00e0 poils touffus et emm\u00eal\u00e9s.<\/p>\n","protected":false},"excerpt":{"rendered":"<p>Ses 9 lames dentel\u00e9es d\u00e9tachent rapidement les poils morts du pelage tout en \u00e9claircissant le sous-poil. Excellent d\u00e9m\u00ealoir, cet outil<\/p>\n","protected":false},"featured_media":36006,"comment_status":"closed","ping_status":"closed","template":"","meta":[],"product_brand":[],"product_cat":[1109,1122,2301],"product_tag":[],"pa_animal":[],"pa_couleur":[],"pa_duration":[],"pa_format":[],"pa_marque":[],"pa_type-de-produit":[],"class_list":{"0":"post-36005","1":"product","2":"type-product","3":"status-publish","4":"has-post-thumbnail","6":"product_cat-nourriture-et-produits-pour-chien","7":"product_cat-chien-proprete","8":"product_cat-chien-proprete-brossesetaccesoires","9":"has-subscription-plans","11":"first","12":"instock","13":"taxable","14":"shipping-taxable","15":"purchasable","16":"product-type-simple"},"aioseo_notices":[],"_links":{"self":[{"href":"https:\/\/petmobile.ca\/fr\/wp-json\/wp\/v2\/product\/36005","targetHints":{"allow":["GET"]}}],"collection":[{"href":"https:\/\/petmobile.ca\/fr\/wp-json\/wp\/v2\/product"}],"about":[{"href":"https:\/\/petmobile.ca\/fr\/wp-json\/wp\/v2\/types\/product"}],"replies":[{"embeddable":true,"href":"https:\/\/petmobile.ca\/fr\/wp-json\/wp\/v2\/comments?post=36005"}],"wp:featuredmedia":[{"embeddable":true,"href":"https:\/\/petmobile.ca\/fr\/wp-json\/wp\/v2\/media\/36006"}],"wp:attachment":[{"href":"https:\/\/petmobile.ca\/fr\/wp-json\/wp\/v2\/media?parent=36005"}],"wp:term":[{"taxonomy":"product_brand","embeddable":true,"href":"https:\/\/petmobile.ca\/fr\/wp-json\/wp\/v2\/product_brand?post=36005"},{"taxonomy":"product_cat","embeddable":true,"href":"https:\/\/petmobile.ca\/fr\/wp-json\/wp\/v2\/product_cat?post=36005"},{"taxonomy":"product_tag","embeddable":true,"href":"https:\/\/petmobile.ca\/fr\/wp-json\/wp\/v2\/product_tag?post=36005"},{"taxonomy":"pa_animal","embeddable":true,"href":"https:\/\/petmobile.ca\/fr\/wp-json\/wp\/v2\/pa_animal?post=36005"},{"taxonomy":"pa_couleur","embeddable":true,"href":"https:\/\/petmobile.ca\/fr\/wp-json\/wp\/v2\/pa_couleur?post=36005"},{"taxonomy":"pa_duration","embeddable":true,"href":"https:\/\/petmobile.ca\/fr\/wp-json\/wp\/v2\/pa_duration?post=36005"},{"taxonomy":"pa_format","embeddable":true,"href":"https:\/\/petmobile.ca\/fr\/wp-json\/wp\/v2\/pa_format?post=36005"},{"taxonomy":"pa_marque","embeddable":true,"href":"https:\/\/petmobile.ca\/fr\/wp-json\/wp\/v2\/pa_marque?post=36005"},{"taxonomy":"pa_type-de-produit","embeddable":true,"href":"https:\/\/petmobile.ca\/fr\/wp-json\/wp\/v2\/pa_type-de-produit?post=36005"}],"curies":[{"name":"wp","href":"https:\/\/api.w.org\/{rel}","templated":true}]}}