{"id":36013,"date":"2020-07-02T10:21:38","date_gmt":"2020-07-02T15:21:38","guid":{"rendered":"https:\/\/petmobile.ca\/?post_type=product&#038;p=36013"},"modified":"2026-01-26T17:11:23","modified_gmt":"2026-01-26T22:11:23","slug":"peigne-pour-la-mue-hunter-avec-poignee-50-dents-courtes-longues","status":"publish","type":"product","link":"https:\/\/petmobile.ca\/fr\/produit\/peigne-pour-la-mue-hunter-avec-poignee-50-dents-courtes-longues\/","title":{"rendered":"Hunter <br> Peigne pour la mue avec poign\u00e9e &#8211; 50 dents courtes\/longues"},"content":{"rendered":"<p>Ces peignes Hunter Brand ont une poign\u00e9e textur\u00e9e , pour un meilleur contr\u00f4le et un plus grand confort. Pour une apparence soign\u00e9e et le bien-\u00eatre des animaux, il est recommand\u00e9 de suivre une routine de toilettage hebdomadaire. Con\u00e7u pour la mue, ce mod\u00e8le est id\u00e9al pour le nettoyage en profondeur des fourrures plus souples.<\/p>\n","protected":false},"excerpt":{"rendered":"<p>Ces peignes Hunter Brand ont une poign\u00e9e textur\u00e9e , pour un meilleur contr\u00f4le et un plus grand confort. Pour une<\/p>\n","protected":false},"featured_media":36012,"comment_status":"closed","ping_status":"closed","template":"","meta":[],"product_brand":[],"product_cat":[1109,1122,2301],"product_tag":[],"pa_animal":[],"pa_couleur":[],"pa_duration":[],"pa_format":[],"pa_marque":[],"pa_type-de-produit":[],"class_list":{"0":"post-36013","1":"product","2":"type-product","3":"status-publish","4":"has-post-thumbnail","6":"product_cat-nourriture-et-produits-pour-chien","7":"product_cat-chien-proprete","8":"product_cat-chien-proprete-brossesetaccesoires","9":"has-subscription-plans","11":"first","12":"outofstock","13":"taxable","14":"shipping-taxable","15":"purchasable","16":"product-type-simple"},"aioseo_notices":[],"_links":{"self":[{"href":"https:\/\/petmobile.ca\/fr\/wp-json\/wp\/v2\/product\/36013","targetHints":{"allow":["GET"]}}],"collection":[{"href":"https:\/\/petmobile.ca\/fr\/wp-json\/wp\/v2\/product"}],"about":[{"href":"https:\/\/petmobile.ca\/fr\/wp-json\/wp\/v2\/types\/product"}],"replies":[{"embeddable":true,"href":"https:\/\/petmobile.ca\/fr\/wp-json\/wp\/v2\/comments?post=36013"}],"wp:featuredmedia":[{"embeddable":true,"href":"https:\/\/petmobile.ca\/fr\/wp-json\/wp\/v2\/media\/36012"}],"wp:attachment":[{"href":"https:\/\/petmobile.ca\/fr\/wp-json\/wp\/v2\/media?parent=36013"}],"wp:term":[{"taxonomy":"product_brand","embeddable":true,"href":"https:\/\/petmobile.ca\/fr\/wp-json\/wp\/v2\/product_brand?post=36013"},{"taxonomy":"product_cat","embeddable":true,"href":"https:\/\/petmobile.ca\/fr\/wp-json\/wp\/v2\/product_cat?post=36013"},{"taxonomy":"product_tag","embeddable":true,"href":"https:\/\/petmobile.ca\/fr\/wp-json\/wp\/v2\/product_tag?post=36013"},{"taxonomy":"pa_animal","embeddable":true,"href":"https:\/\/petmobile.ca\/fr\/wp-json\/wp\/v2\/pa_animal?post=36013"},{"taxonomy":"pa_couleur","embeddable":true,"href":"https:\/\/petmobile.ca\/fr\/wp-json\/wp\/v2\/pa_couleur?post=36013"},{"taxonomy":"pa_duration","embeddable":true,"href":"https:\/\/petmobile.ca\/fr\/wp-json\/wp\/v2\/pa_duration?post=36013"},{"taxonomy":"pa_format","embeddable":true,"href":"https:\/\/petmobile.ca\/fr\/wp-json\/wp\/v2\/pa_format?post=36013"},{"taxonomy":"pa_marque","embeddable":true,"href":"https:\/\/petmobile.ca\/fr\/wp-json\/wp\/v2\/pa_marque?post=36013"},{"taxonomy":"pa_type-de-produit","embeddable":true,"href":"https:\/\/petmobile.ca\/fr\/wp-json\/wp\/v2\/pa_type-de-produit?post=36013"}],"curies":[{"name":"wp","href":"https:\/\/api.w.org\/{rel}","templated":true}]}}