{"id":36021,"date":"2020-07-02T10:35:22","date_gmt":"2020-07-02T15:36:09","guid":{"rendered":"https:\/\/petmobile.ca\/?post_type=product&#038;p=36021"},"modified":"2022-05-27T13:29:15","modified_gmt":"2022-05-27T18:29:15","slug":"ciseaux-amincisseurs-7","status":"publish","type":"product","link":"https:\/\/petmobile.ca\/fr\/produit\/ciseaux-amincisseurs-7\/","title":{"rendered":"Millers forge <br> Ciseaux amincisseurs  7\u00a0\u00bb"},"content":{"rendered":"<p>Les ciseaux amincisseurs Millers Forge 131C sont l\u00e9ger et confortables, fait d'acier hautement carbonis\u00e9 et trait\u00e9 \u00e0 la chaleur. Ils sont con\u00e7u pour amincir le pelage, enlever les noeuds et effectuer une taille du pelage sans laisser de d\u00e9marcations. Ils sont finis \u00e0 la main afin d'assurer qualit\u00e9 et durabilit\u00e9.<\/p>\n","protected":false},"excerpt":{"rendered":"<p>Les ciseaux amincisseurs Millers Forge 131C sont l\u00e9ger et confortables, fait d&rsquo;acier hautement carbonis\u00e9 et trait\u00e9 \u00e0 la chaleur. Ils<\/p>\n","protected":false},"featured_media":36020,"comment_status":"closed","ping_status":"closed","template":"","meta":[],"product_brand":[],"product_cat":[1092,1109,1098,1122,1108,2301],"product_tag":[],"pa_animal":[],"pa_couleur":[],"pa_duration":[],"pa_format":[],"pa_marque":[],"pa_type-de-produit":[],"class_list":{"0":"post-36021","1":"product","2":"type-product","3":"status-publish","4":"has-post-thumbnail","6":"product_cat-produits-pour-chat","7":"product_cat-nourriture-et-produits-pour-chien","8":"product_cat-chat-proprete","9":"product_cat-chien-proprete","10":"product_cat-chat-proprete-brosses","11":"product_cat-chien-proprete-brossesetaccesoires","12":"has-subscription-plans","14":"first","15":"instock","16":"taxable","17":"shipping-taxable","18":"purchasable","19":"product-type-simple"},"aioseo_notices":[],"_links":{"self":[{"href":"https:\/\/petmobile.ca\/fr\/wp-json\/wp\/v2\/product\/36021","targetHints":{"allow":["GET"]}}],"collection":[{"href":"https:\/\/petmobile.ca\/fr\/wp-json\/wp\/v2\/product"}],"about":[{"href":"https:\/\/petmobile.ca\/fr\/wp-json\/wp\/v2\/types\/product"}],"replies":[{"embeddable":true,"href":"https:\/\/petmobile.ca\/fr\/wp-json\/wp\/v2\/comments?post=36021"}],"wp:featuredmedia":[{"embeddable":true,"href":"https:\/\/petmobile.ca\/fr\/wp-json\/wp\/v2\/media\/36020"}],"wp:attachment":[{"href":"https:\/\/petmobile.ca\/fr\/wp-json\/wp\/v2\/media?parent=36021"}],"wp:term":[{"taxonomy":"product_brand","embeddable":true,"href":"https:\/\/petmobile.ca\/fr\/wp-json\/wp\/v2\/product_brand?post=36021"},{"taxonomy":"product_cat","embeddable":true,"href":"https:\/\/petmobile.ca\/fr\/wp-json\/wp\/v2\/product_cat?post=36021"},{"taxonomy":"product_tag","embeddable":true,"href":"https:\/\/petmobile.ca\/fr\/wp-json\/wp\/v2\/product_tag?post=36021"},{"taxonomy":"pa_animal","embeddable":true,"href":"https:\/\/petmobile.ca\/fr\/wp-json\/wp\/v2\/pa_animal?post=36021"},{"taxonomy":"pa_couleur","embeddable":true,"href":"https:\/\/petmobile.ca\/fr\/wp-json\/wp\/v2\/pa_couleur?post=36021"},{"taxonomy":"pa_duration","embeddable":true,"href":"https:\/\/petmobile.ca\/fr\/wp-json\/wp\/v2\/pa_duration?post=36021"},{"taxonomy":"pa_format","embeddable":true,"href":"https:\/\/petmobile.ca\/fr\/wp-json\/wp\/v2\/pa_format?post=36021"},{"taxonomy":"pa_marque","embeddable":true,"href":"https:\/\/petmobile.ca\/fr\/wp-json\/wp\/v2\/pa_marque?post=36021"},{"taxonomy":"pa_type-de-produit","embeddable":true,"href":"https:\/\/petmobile.ca\/fr\/wp-json\/wp\/v2\/pa_type-de-produit?post=36021"}],"curies":[{"name":"wp","href":"https:\/\/api.w.org\/{rel}","templated":true}]}}