{"id":36275,"date":"2020-07-07T10:37:46","date_gmt":"2020-07-07T15:44:00","guid":{"rendered":"https:\/\/petmobile.ca\/?post_type=product&#038;p=36275"},"modified":"2021-12-23T14:21:38","modified_gmt":"2021-12-23T19:21:38","slug":"1st-choice-interieur-vitalite-pate-au-poulet","status":"publish","type":"product","link":"https:\/\/petmobile.ca\/fr\/produit\/1st-choice-interieur-vitalite-pate-au-poulet\/","title":{"rendered":"1st Choice <br> Vitalit\u00e9 Int\u00e9rieur &#8211; P\u00e2t\u00e9 au Poulet &#8211; 156g"},"content":{"rendered":"<p><strong>INGR\u00c9DIENTS\u00a0:<\/strong><\/p>\n<p>Poulet, bouillon de poulet, foie de porc, pois, saumon, fibre de pois, lentilles, graines de lin, gomme de guar, huile de saumon (source d\u2019ADH), l\u00e9cithine, chlorure de choline, sel, DL-m\u00e9thionine, extrait de levure (une source de mannane-oligosaccharides), L-lysine, gomme de carragh\u00e9nane, gomme de cassia, taurine, acide ascorbique, racine de chicor\u00e9e s\u00e9ch\u00e9e (une source d\u2019inuline), suppl\u00e9ment de vitamine E, sulfate ferreux, sulfate de zinc, acide nicotinique, extrait de yucca schidigera, mononitrate de thiamine, suppl\u00e9ment de vitamine A, s\u00e9l\u00e9nite de sodium, sulfate manganeux, pantoth\u00e9nate de d-calcium, chlorhydrate de pyridoxine, riboflavine, biotine, chol\u00e9calcif\u00e9rol (une source de vitamine D3), suppl\u00e9ment de vitamine B12, iodate de calcium, acide folique.<\/p>\n<p><strong>ANALYSES GARANTIES\u00a0:<\/strong><\/p>\n<p>Prot\u00e9ines brutes 8 % min., mati\u00e8res grasses 7 % min., fibres brutes 1,5 % max., humidit\u00e9 78 % max.<\/p>\n","protected":false},"excerpt":{"rendered":"<p>INGR\u00c9DIENTS\u00a0: Poulet, bouillon de poulet, foie de porc, pois, saumon, fibre de pois, lentilles, graines de lin, gomme de guar,<\/p>\n","protected":false},"featured_media":36270,"comment_status":"closed","ping_status":"closed","template":"","meta":[],"product_brand":[],"product_cat":[1092,1093,1095],"product_tag":[2328],"pa_animal":[1847],"pa_couleur":[],"pa_duration":[],"pa_format":[2388],"pa_marque":[2338],"pa_type-de-produit":[],"class_list":{"0":"post-36275","1":"product","2":"type-product","3":"status-publish","4":"has-post-thumbnail","6":"product_cat-produits-pour-chat","7":"product_cat-chat-nourriture","8":"product_cat-chat-nourriture-humide","9":"product_tag-1st-choice-fr","10":"pa_animal-chat","11":"pa_format-0-156kg-fr","12":"pa_marque-1st-choice-fr","13":"has-subscription-plans","15":"first","16":"instock","17":"taxable","18":"shipping-taxable","19":"purchasable","20":"product-type-simple"},"aioseo_notices":[],"_links":{"self":[{"href":"https:\/\/petmobile.ca\/fr\/wp-json\/wp\/v2\/product\/36275","targetHints":{"allow":["GET"]}}],"collection":[{"href":"https:\/\/petmobile.ca\/fr\/wp-json\/wp\/v2\/product"}],"about":[{"href":"https:\/\/petmobile.ca\/fr\/wp-json\/wp\/v2\/types\/product"}],"replies":[{"embeddable":true,"href":"https:\/\/petmobile.ca\/fr\/wp-json\/wp\/v2\/comments?post=36275"}],"wp:featuredmedia":[{"embeddable":true,"href":"https:\/\/petmobile.ca\/fr\/wp-json\/wp\/v2\/media\/36270"}],"wp:attachment":[{"href":"https:\/\/petmobile.ca\/fr\/wp-json\/wp\/v2\/media?parent=36275"}],"wp:term":[{"taxonomy":"product_brand","embeddable":true,"href":"https:\/\/petmobile.ca\/fr\/wp-json\/wp\/v2\/product_brand?post=36275"},{"taxonomy":"product_cat","embeddable":true,"href":"https:\/\/petmobile.ca\/fr\/wp-json\/wp\/v2\/product_cat?post=36275"},{"taxonomy":"product_tag","embeddable":true,"href":"https:\/\/petmobile.ca\/fr\/wp-json\/wp\/v2\/product_tag?post=36275"},{"taxonomy":"pa_animal","embeddable":true,"href":"https:\/\/petmobile.ca\/fr\/wp-json\/wp\/v2\/pa_animal?post=36275"},{"taxonomy":"pa_couleur","embeddable":true,"href":"https:\/\/petmobile.ca\/fr\/wp-json\/wp\/v2\/pa_couleur?post=36275"},{"taxonomy":"pa_duration","embeddable":true,"href":"https:\/\/petmobile.ca\/fr\/wp-json\/wp\/v2\/pa_duration?post=36275"},{"taxonomy":"pa_format","embeddable":true,"href":"https:\/\/petmobile.ca\/fr\/wp-json\/wp\/v2\/pa_format?post=36275"},{"taxonomy":"pa_marque","embeddable":true,"href":"https:\/\/petmobile.ca\/fr\/wp-json\/wp\/v2\/pa_marque?post=36275"},{"taxonomy":"pa_type-de-produit","embeddable":true,"href":"https:\/\/petmobile.ca\/fr\/wp-json\/wp\/v2\/pa_type-de-produit?post=36275"}],"curies":[{"name":"wp","href":"https:\/\/api.w.org\/{rel}","templated":true}]}}