{"id":36428,"date":"2020-07-08T08:44:13","date_gmt":"2020-07-08T13:44:13","guid":{"rendered":"https:\/\/petmobile.ca\/?post_type=product&#038;p=36428"},"modified":"2025-01-17T12:13:22","modified_gmt":"2025-01-17T17:13:22","slug":"1st-choice-miniature-et-petite-races-peau-et-pelage-sensibles-formule-agneau","status":"publish","type":"product","link":"https:\/\/petmobile.ca\/fr\/produit\/1st-choice-miniature-et-petite-races-peau-et-pelage-sensibles-formule-agneau\/","title":{"rendered":"1st Choice<br>Miniature et petite races &#8211; Peau et pelage sensibles \u2013 Formule agneau"},"content":{"rendered":"<p><strong>INGR\u00c9DIENTS\u00a0:<\/strong><\/p>\n<p>Farine d\u2019agneau, farine de hareng, riz brun, patate douce, amande d\u2019avoine, riz de brasserie, orge perl\u00e9, huile v\u00e9g\u00e9tale (une source d\u2019acides gras om\u00e9ga-6), pulpe de betteraves s\u00e9ch\u00e9es, pur\u00e9e de tomates s\u00e9ch\u00e9es, cellulose en poudre, graines de lin enti\u00e8res (une source d\u2019acides gras om\u00e9ga-3), l\u00e9cithine, saveur naturelle de poulet, huile de hareng, phosphate monosodique, chlorure de choline, propionate de calcium (comme agent de conservation), carbonate de calcium, extrait de levure, acide ascorbique (vitamine C), taurine, extrait de chicor\u00e9e (une source d\u2019inuline), sulfate de fer, sulfate de glucosamine, oxyde de zinc, ac\u00e9tate d\u2019alpha-tocoph\u00e9rol (une source de vitamine E), sulfate de chondro\u00eftine, extrait de yucca schidigera, L-cystine, oxyde de mangan\u00e8se, acide nicotinique, pantoth\u00e9nate de d-calcium, s\u00e9l\u00e9nite de sodium, suppl\u00e9ment de vitamine A, chol\u00e9calcif\u00e9rol (une source de vitamine D3), mononitrate de thiamine, biotine, farine d\u2019algues s\u00e9ch\u00e9es, extrait de th\u00e9 vert, menthe verte s\u00e9ch\u00e9e, persil s\u00e9ch\u00e9, gingembre s\u00e9ch\u00e9, prot\u00e9inate de zinc , riboflavine, chlorhydrate de pyridoxine, suppl\u00e9ment de vitamine B12, iodate de calcium, carbonate de cobalt, prot\u00e9inate de mangan\u00e8se, prot\u00e9inate de cuivre, acide folique.<\/p>\n<p><strong>ANALYSES GARANTIES\u00a0:<\/strong><\/p>\n<p>Prot\u00e9ines brutes 22 % minimum, mati\u00e8res grasses brutes 12 % minimum, fibres brutes 4 % maximum, humidit\u00e9 10 % maximum, cendres 10 %, maximum, calcium 1,6 % minimum, phosphore 1,1 % minimum, magn\u00e9sium 0,14 % maximum, vitamine A 23 000 UI\/kg minimum, vitamine D3 2000 UI\/kg minimum, vitamine E 140 UI\/kg minimum, ADH 60 mg\/kg minimum, glucosamine 500 mg\/kg minimum, sulfate de chondro\u00eftine 250 mg\/kg minimum.<\/p>\n","protected":false},"excerpt":{"rendered":"<p>INGR\u00c9DIENTS\u00a0: Farine d\u2019agneau, farine de hareng, riz brun, patate douce, amande d\u2019avoine, riz de brasserie, orge perl\u00e9, huile v\u00e9g\u00e9tale (une<\/p>\n","protected":false},"featured_media":74015,"comment_status":"closed","ping_status":"closed","template":"","meta":[],"product_brand":[],"product_cat":[1109,1110,1111,2858],"product_tag":[2328],"pa_animal":[1848],"pa_couleur":[],"pa_duration":[],"pa_format":[2375,2020],"pa_marque":[2338],"pa_type-de-produit":[],"class_list":{"0":"post-36428","1":"product","2":"type-product","3":"status-publish","4":"has-post-thumbnail","6":"product_cat-nourriture-et-produits-pour-chien","7":"product_cat-chien-nourriture","8":"product_cat-chien-nourriture-seche","9":"product_cat-promo","10":"product_tag-1st-choice-fr","11":"pa_animal-chien","12":"pa_format-2kg","13":"pa_format-5kg","14":"pa_marque-1st-choice-fr","15":"has-subscription-plans","17":"first","18":"instock","19":"taxable","20":"shipping-taxable","21":"purchasable","22":"product-type-variable"},"aioseo_notices":[],"_links":{"self":[{"href":"https:\/\/petmobile.ca\/fr\/wp-json\/wp\/v2\/product\/36428","targetHints":{"allow":["GET"]}}],"collection":[{"href":"https:\/\/petmobile.ca\/fr\/wp-json\/wp\/v2\/product"}],"about":[{"href":"https:\/\/petmobile.ca\/fr\/wp-json\/wp\/v2\/types\/product"}],"replies":[{"embeddable":true,"href":"https:\/\/petmobile.ca\/fr\/wp-json\/wp\/v2\/comments?post=36428"}],"wp:featuredmedia":[{"embeddable":true,"href":"https:\/\/petmobile.ca\/fr\/wp-json\/wp\/v2\/media\/74015"}],"wp:attachment":[{"href":"https:\/\/petmobile.ca\/fr\/wp-json\/wp\/v2\/media?parent=36428"}],"wp:term":[{"taxonomy":"product_brand","embeddable":true,"href":"https:\/\/petmobile.ca\/fr\/wp-json\/wp\/v2\/product_brand?post=36428"},{"taxonomy":"product_cat","embeddable":true,"href":"https:\/\/petmobile.ca\/fr\/wp-json\/wp\/v2\/product_cat?post=36428"},{"taxonomy":"product_tag","embeddable":true,"href":"https:\/\/petmobile.ca\/fr\/wp-json\/wp\/v2\/product_tag?post=36428"},{"taxonomy":"pa_animal","embeddable":true,"href":"https:\/\/petmobile.ca\/fr\/wp-json\/wp\/v2\/pa_animal?post=36428"},{"taxonomy":"pa_couleur","embeddable":true,"href":"https:\/\/petmobile.ca\/fr\/wp-json\/wp\/v2\/pa_couleur?post=36428"},{"taxonomy":"pa_duration","embeddable":true,"href":"https:\/\/petmobile.ca\/fr\/wp-json\/wp\/v2\/pa_duration?post=36428"},{"taxonomy":"pa_format","embeddable":true,"href":"https:\/\/petmobile.ca\/fr\/wp-json\/wp\/v2\/pa_format?post=36428"},{"taxonomy":"pa_marque","embeddable":true,"href":"https:\/\/petmobile.ca\/fr\/wp-json\/wp\/v2\/pa_marque?post=36428"},{"taxonomy":"pa_type-de-produit","embeddable":true,"href":"https:\/\/petmobile.ca\/fr\/wp-json\/wp\/v2\/pa_type-de-produit?post=36428"}],"curies":[{"name":"wp","href":"https:\/\/api.w.org\/{rel}","templated":true}]}}