{"id":36440,"date":"2020-07-08T08:56:54","date_gmt":"2020-07-08T13:59:14","guid":{"rendered":"https:\/\/petmobile.ca\/?post_type=product&#038;p=36440"},"modified":"2024-12-03T09:41:48","modified_gmt":"2024-12-03T14:41:48","slug":"1st-choice-derma-formule-saumon","status":"publish","type":"product","link":"https:\/\/petmobile.ca\/fr\/produit\/1st-choice-derma-formule-saumon\/","title":{"rendered":"1st Choice<br>Derma &#8211; Formule saumon"},"content":{"rendered":"<p><strong>INGR\u00c9DIENTS\u00a0:<\/strong><\/p>\n<p>Patates douces, saumon d\u00e9soss\u00e9, farine de poisson (une source d\u2019ADH), lentilles, pois, fibre de pois, huile v\u00e9g\u00e9tale, poudre de luzerne, farine de saumon, saveur naturelle, huile de poisson menhaden (une source d\u2019om\u00e9ga-7), extrait de levure, graines de lin, extrait de chicor\u00e9e (une source d\u2019inuline), L-lysine, propionate de calcium (comme agent de conservation), DL-m\u00e9thionine, chlorure de chloride, carbonate de calcium, ac\u00e9tate d\u2019alpha-tocoph\u00e9rol (une source de vitamine E), sulfate ferreux, oxyde de zinc, extrait de yucca schidigera, lactos\u00e9rum, oxyde manganeux, niacine, pantoth\u00e9nate de d-calcium, prot\u00e9inate de zinc, suppl\u00e9ment de vitamine A, chol\u00e9calcif\u00e9rol (une source de vitamine D3), mononitrate de thiamine, prot\u00e9inate de mangan\u00e8se, biotine, menthe s\u00e9ch\u00e9e, persil s\u00e9ch\u00e9, extrait de th\u00e9 vert, gingembre s\u00e9ch\u00e9, ananas s\u00e9ch\u00e9, s\u00e9l\u00e9nite de sodium, riboflavine, prot\u00e9inate de cuivre, chlorhydrate de pyridoxine, suppl\u00e9ment de vitamine B12, iodate de calcium, acide folique.<\/p>\n<p><strong>ANALYSES GARANTIES\u00a0:<\/strong><\/p>\n<p>Prot\u00e9ines brutes 24 % minimum, mati\u00e8res grasses brutes 12 % minimum, fibres brutes 6,5 % maximum, humidit\u00e9 10 % maximum, cendres 7 % maximum, acide docosahexa\u00e9no\u00efque (DHA) 0,22 % mininum, acide eicosapenta\u00e9no\u00efque (EPA) 0,22 % minimum, calcium 1,2 % minimum, phosphore 0,80 % minimum, sodium 0,20 % minimum, zinc 0,023 % minimum, vitamine A 15 000 UI\/kg minimum, vitamine D3 1 600 UI\/kg minimum, vitamine E 300 UI\/kg minimum, acide palmitol\u00e9ique* (acide gras om\u00e9ga-7) 0,64 % minimum.<\/p>\n","protected":false},"excerpt":{"rendered":"<p>INGR\u00c9DIENTS\u00a0: Patates douces, saumon d\u00e9soss\u00e9, farine de poisson (une source d\u2019ADH), lentilles, pois, fibre de pois, huile v\u00e9g\u00e9tale, poudre de<\/p>\n","protected":false},"featured_media":65122,"comment_status":"closed","ping_status":"closed","template":"","meta":[],"product_brand":[],"product_cat":[1109,1110,1111],"product_tag":[2328],"pa_animal":[1848],"pa_couleur":[],"pa_duration":[],"pa_format":[2333,2375],"pa_marque":[2338],"pa_type-de-produit":[],"class_list":{"0":"post-36440","1":"product","2":"type-product","3":"status-publish","4":"has-post-thumbnail","6":"product_cat-nourriture-et-produits-pour-chien","7":"product_cat-chien-nourriture","8":"product_cat-chien-nourriture-seche","9":"product_tag-1st-choice-fr","10":"pa_animal-chien","11":"pa_format-12-kg-fr","12":"pa_format-2kg","13":"pa_marque-1st-choice-fr","14":"has-subscription-plans","16":"first","17":"instock","18":"taxable","19":"shipping-taxable","20":"purchasable","21":"product-type-variable"},"aioseo_notices":[],"_links":{"self":[{"href":"https:\/\/petmobile.ca\/fr\/wp-json\/wp\/v2\/product\/36440","targetHints":{"allow":["GET"]}}],"collection":[{"href":"https:\/\/petmobile.ca\/fr\/wp-json\/wp\/v2\/product"}],"about":[{"href":"https:\/\/petmobile.ca\/fr\/wp-json\/wp\/v2\/types\/product"}],"replies":[{"embeddable":true,"href":"https:\/\/petmobile.ca\/fr\/wp-json\/wp\/v2\/comments?post=36440"}],"wp:featuredmedia":[{"embeddable":true,"href":"https:\/\/petmobile.ca\/fr\/wp-json\/wp\/v2\/media\/65122"}],"wp:attachment":[{"href":"https:\/\/petmobile.ca\/fr\/wp-json\/wp\/v2\/media?parent=36440"}],"wp:term":[{"taxonomy":"product_brand","embeddable":true,"href":"https:\/\/petmobile.ca\/fr\/wp-json\/wp\/v2\/product_brand?post=36440"},{"taxonomy":"product_cat","embeddable":true,"href":"https:\/\/petmobile.ca\/fr\/wp-json\/wp\/v2\/product_cat?post=36440"},{"taxonomy":"product_tag","embeddable":true,"href":"https:\/\/petmobile.ca\/fr\/wp-json\/wp\/v2\/product_tag?post=36440"},{"taxonomy":"pa_animal","embeddable":true,"href":"https:\/\/petmobile.ca\/fr\/wp-json\/wp\/v2\/pa_animal?post=36440"},{"taxonomy":"pa_couleur","embeddable":true,"href":"https:\/\/petmobile.ca\/fr\/wp-json\/wp\/v2\/pa_couleur?post=36440"},{"taxonomy":"pa_duration","embeddable":true,"href":"https:\/\/petmobile.ca\/fr\/wp-json\/wp\/v2\/pa_duration?post=36440"},{"taxonomy":"pa_format","embeddable":true,"href":"https:\/\/petmobile.ca\/fr\/wp-json\/wp\/v2\/pa_format?post=36440"},{"taxonomy":"pa_marque","embeddable":true,"href":"https:\/\/petmobile.ca\/fr\/wp-json\/wp\/v2\/pa_marque?post=36440"},{"taxonomy":"pa_type-de-produit","embeddable":true,"href":"https:\/\/petmobile.ca\/fr\/wp-json\/wp\/v2\/pa_type-de-produit?post=36440"}],"curies":[{"name":"wp","href":"https:\/\/api.w.org\/{rel}","templated":true}]}}