{"id":36476,"date":"2020-07-08T10:07:06","date_gmt":"2020-07-08T15:09:30","guid":{"rendered":"https:\/\/petmobile.ca\/?post_type=product&#038;p=36476"},"modified":"2025-07-10T15:09:31","modified_gmt":"2025-07-10T19:09:31","slug":"1st-choice-miniature-et-petite-races-mature-ou-moins-actif-formule-poulet","status":"publish","type":"product","link":"https:\/\/petmobile.ca\/fr\/produit\/1st-choice-miniature-et-petite-races-mature-ou-moins-actif-formule-poulet\/","title":{"rendered":"1st Choice<br>Miniature et petite races &#8211; Mature ou moins actif &#8211; Formule poulet"},"content":{"rendered":"<p><strong>INGR\u00c9DIENTS\u00a0:<\/strong><\/p>\n<p>Farine de poulet, orge perl\u00e9e, amande d\u2019avoine, produits de pommes de terre s\u00e9ch\u00e9es, gras de poulet pr\u00e9serv\u00e9 naturellement avec un m\u00e9lange de tocoph\u00e9rols (une source de vitamine E), pulpe de betteraves s\u00e9ch\u00e9es, pur\u00e9e de tomates s\u00e9ch\u00e9es, cellulose en poudre, saveur naturelle de poulet, graines de lin enti\u00e8res, huile de hareng, l\u00e9cithine, sel, propionate de calcium (comme agent de conservation), chlorure de choline, extrait de levure, DLm\u00e9thionine, acide ascorbique (vitamine C), taurine, extrait de chicor\u00e9e (une source d\u2019inuline), sulfate ferreux, peptide de collag\u00e8ne, sulfate de glucosamine, oxyde de zinc, ac\u00e9tate d\u2019alpha-tocoph\u00e9rol (une source de vitamine E), sulfate de chondro\u00eftine, extrait de yucca schidigera, prot\u00e9inate de fer, prot\u00e9inate de zinc, s\u00e9l\u00e9nite de sodium, mononitrate de thiamine, farine d\u2019algues s\u00e9ch\u00e9es, extrait de th\u00e9 vert, menthe verte s\u00e9ch\u00e9e, persil s\u00e9ch\u00e9, L-carnitine, extrait d\u2019huile de tournesol, L-cystine, sulfate de cuivre, iodate de calcium, chlorhydrate de pyridoxine, oxyde de mangan\u00e8se, prot\u00e9inate de mangan\u00e8se, extrait de gingembre, acide nicotinique, pantoth\u00e9nate<br \/>\nde d-calcium, suppl\u00e9ment de vitamine A, prot\u00e9inate de cuivre, chol\u00e9calcif\u00e9rol (une source de vitamine D3), acide folique, riboflavine, biotine, suppl\u00e9ment de vitamine B12, carbonate de cobalt.<\/p>\n<p><strong>ANALYSES GARANTIES\u00a0: <\/strong><\/p>\n<p>Prot\u00e9ines brutes 22 % minimum, mati\u00e8res grasses brutes 12 % minimum, fibres brutes 4,5 % maximum, humidit\u00e9 10 % maximum, cendres 8 % maximum, calcium 1,1 % minimum, phosphore 0,7 % minimum, vitamine A 23 000 UI\/kg minimum, vitamine D3 2000 UI\/kg minimum, vitamine E 140 UI\/kg minimum, sulfate de glucosamine 500 mg\/kg minimum, sulfate de chondro\u00eftine 250 mg\/kg minimum.<\/p>\n","protected":false},"excerpt":{"rendered":"<p>INGR\u00c9DIENTS\u00a0: Farine de poulet, orge perl\u00e9e, amande d\u2019avoine, produits de pommes de terre s\u00e9ch\u00e9es, gras de poulet pr\u00e9serv\u00e9 naturellement avec<\/p>\n","protected":false},"featured_media":65031,"comment_status":"closed","ping_status":"closed","template":"","meta":[],"product_brand":[],"product_cat":[1109,1110,1111],"product_tag":[2328],"pa_animal":[1848],"pa_couleur":[],"pa_duration":[],"pa_format":[2718,2091],"pa_marque":[2338],"pa_type-de-produit":[],"class_list":{"0":"post-36476","1":"product","2":"type-product","3":"status-publish","4":"has-post-thumbnail","6":"product_cat-nourriture-et-produits-pour-chien","7":"product_cat-chien-nourriture","8":"product_cat-chien-nourriture-seche","9":"product_tag-1st-choice-fr","10":"pa_animal-chien","11":"pa_format-2-kg-fr","12":"pa_format-5kg-fr","13":"pa_marque-1st-choice-fr","14":"has-subscription-plans","16":"first","17":"instock","18":"taxable","19":"shipping-taxable","20":"purchasable","21":"product-type-variable"},"aioseo_notices":[],"_links":{"self":[{"href":"https:\/\/petmobile.ca\/fr\/wp-json\/wp\/v2\/product\/36476","targetHints":{"allow":["GET"]}}],"collection":[{"href":"https:\/\/petmobile.ca\/fr\/wp-json\/wp\/v2\/product"}],"about":[{"href":"https:\/\/petmobile.ca\/fr\/wp-json\/wp\/v2\/types\/product"}],"replies":[{"embeddable":true,"href":"https:\/\/petmobile.ca\/fr\/wp-json\/wp\/v2\/comments?post=36476"}],"wp:featuredmedia":[{"embeddable":true,"href":"https:\/\/petmobile.ca\/fr\/wp-json\/wp\/v2\/media\/65031"}],"wp:attachment":[{"href":"https:\/\/petmobile.ca\/fr\/wp-json\/wp\/v2\/media?parent=36476"}],"wp:term":[{"taxonomy":"product_brand","embeddable":true,"href":"https:\/\/petmobile.ca\/fr\/wp-json\/wp\/v2\/product_brand?post=36476"},{"taxonomy":"product_cat","embeddable":true,"href":"https:\/\/petmobile.ca\/fr\/wp-json\/wp\/v2\/product_cat?post=36476"},{"taxonomy":"product_tag","embeddable":true,"href":"https:\/\/petmobile.ca\/fr\/wp-json\/wp\/v2\/product_tag?post=36476"},{"taxonomy":"pa_animal","embeddable":true,"href":"https:\/\/petmobile.ca\/fr\/wp-json\/wp\/v2\/pa_animal?post=36476"},{"taxonomy":"pa_couleur","embeddable":true,"href":"https:\/\/petmobile.ca\/fr\/wp-json\/wp\/v2\/pa_couleur?post=36476"},{"taxonomy":"pa_duration","embeddable":true,"href":"https:\/\/petmobile.ca\/fr\/wp-json\/wp\/v2\/pa_duration?post=36476"},{"taxonomy":"pa_format","embeddable":true,"href":"https:\/\/petmobile.ca\/fr\/wp-json\/wp\/v2\/pa_format?post=36476"},{"taxonomy":"pa_marque","embeddable":true,"href":"https:\/\/petmobile.ca\/fr\/wp-json\/wp\/v2\/pa_marque?post=36476"},{"taxonomy":"pa_type-de-produit","embeddable":true,"href":"https:\/\/petmobile.ca\/fr\/wp-json\/wp\/v2\/pa_type-de-produit?post=36476"}],"curies":[{"name":"wp","href":"https:\/\/api.w.org\/{rel}","templated":true}]}}