{"id":36500,"date":"2020-07-08T10:58:26","date_gmt":"2020-07-08T15:58:26","guid":{"rendered":"https:\/\/petmobile.ca\/?post_type=product&#038;p=36500"},"modified":"2025-07-10T15:18:11","modified_gmt":"2025-07-10T19:18:11","slug":"1st-choice-capricieux-formule-poulet","status":"publish","type":"product","link":"https:\/\/petmobile.ca\/fr\/produit\/1st-choice-capricieux-formule-poulet\/","title":{"rendered":"1st Choice <br> Capricieux &#8211; Formule poulet"},"content":{"rendered":"<p><strong>INGR\u00c9DIENTS\u00a0:<\/strong><\/p>\n<p>Poulet, farine de poulet, riz, gras de poulet conserv\u00e9 naturellement avec un m\u00e9lange de tocoph\u00e9rols, prot\u00e9ine de pois, riz brun, farine de hareng, produit d\u2019oeuf s\u00e9ch\u00e9, pulpe de betteraves, orge perl\u00e9, amande d\u2019avoine, saveur naturelle, fibre de pois, graines de lin enti\u00e8res, pur\u00e9e de tomates s\u00e9ch\u00e9es, huile de saumon, chlorure de potassium, l\u00e9cithine, chlorure de choline, sel, propionate de calcium (comme agent de conservation), bisulfate de sodium,<br \/>\ncarbonate de calcium, taurine, DL-m\u00e9thionine, L-lysine, extrait de levure, sulfate ferreux, acide ascorbique (vitamine C), extrait de chicor\u00e9e, oxyde de zinc, s\u00e9l\u00e9nite de sodium, ac\u00e9tate d\u2019alpha-tocoph\u00e9rol (une source de vitamine E), acide nicotinique, extrait de yucca schidigera, iodate de calcium, oxyde manganeux, pantoth\u00e9nate de d-calcium, mononitrate de thiamine, riboflavine, chlorhydrate de pyridoxine, suppl\u00e9ment de vitamine A, chol\u00e9calcif\u00e9rol (une source de vitamine D3), biotine, menthe s\u00e9ch\u00e9e, persil s\u00e9ch\u00e9, extrait de th\u00e9 vert, prot\u00e9inate de zinc, suppl\u00e9ment de vitamine B12, carbonate de cobalt, acide folique, prot\u00e9inate de mangan\u00e8se, prot\u00e9inate de<br \/>\ncuivre.<\/p>\n<p><strong>ANALYSES GARANTIES\u00a0:<\/strong><\/p>\n<p>Prot\u00e9ines brutes 30 % min., mati\u00e8res grasses brutes 20 % min., fibres brutes 3 % max., humidit\u00e9 10 % max., cendres 9 % max., calcium 1,2 % min., phosphore 0,9 % min., magn\u00e9sium 0,1 % max., taurine 2300 mg\/kg, vitamine A 34 000 UI\/kg min., vitamine D3 2000 UI\/kg min., vitamine E 150 UI\/kg min.<\/p>\n","protected":false},"excerpt":{"rendered":"<p>INGR\u00c9DIENTS\u00a0: Poulet, farine de poulet, riz, gras de poulet conserv\u00e9 naturellement avec un m\u00e9lange de tocoph\u00e9rols, prot\u00e9ine de pois, riz<\/p>\n","protected":false},"featured_media":36501,"comment_status":"closed","ping_status":"closed","template":"","meta":[],"product_brand":[],"product_cat":[1092,1093,1094,2858],"product_tag":[2328],"pa_animal":[1847],"pa_couleur":[],"pa_duration":[],"pa_format":[2334,2362],"pa_marque":[2338],"pa_type-de-produit":[],"class_list":{"0":"post-36500","1":"product","2":"type-product","3":"status-publish","4":"has-post-thumbnail","6":"product_cat-produits-pour-chat","7":"product_cat-chat-nourriture","8":"product_cat-chat-nourriture-seche","9":"product_cat-promo","10":"product_tag-1st-choice-fr","11":"pa_animal-chat","12":"pa_format-2-72-kg-fr","13":"pa_format-5-44kg","14":"pa_marque-1st-choice-fr","15":"has-subscription-plans","17":"first","18":"instock","19":"sale","20":"taxable","21":"shipping-taxable","22":"purchasable","23":"product-type-variable"},"aioseo_notices":[],"_links":{"self":[{"href":"https:\/\/petmobile.ca\/fr\/wp-json\/wp\/v2\/product\/36500","targetHints":{"allow":["GET"]}}],"collection":[{"href":"https:\/\/petmobile.ca\/fr\/wp-json\/wp\/v2\/product"}],"about":[{"href":"https:\/\/petmobile.ca\/fr\/wp-json\/wp\/v2\/types\/product"}],"replies":[{"embeddable":true,"href":"https:\/\/petmobile.ca\/fr\/wp-json\/wp\/v2\/comments?post=36500"}],"wp:featuredmedia":[{"embeddable":true,"href":"https:\/\/petmobile.ca\/fr\/wp-json\/wp\/v2\/media\/36501"}],"wp:attachment":[{"href":"https:\/\/petmobile.ca\/fr\/wp-json\/wp\/v2\/media?parent=36500"}],"wp:term":[{"taxonomy":"product_brand","embeddable":true,"href":"https:\/\/petmobile.ca\/fr\/wp-json\/wp\/v2\/product_brand?post=36500"},{"taxonomy":"product_cat","embeddable":true,"href":"https:\/\/petmobile.ca\/fr\/wp-json\/wp\/v2\/product_cat?post=36500"},{"taxonomy":"product_tag","embeddable":true,"href":"https:\/\/petmobile.ca\/fr\/wp-json\/wp\/v2\/product_tag?post=36500"},{"taxonomy":"pa_animal","embeddable":true,"href":"https:\/\/petmobile.ca\/fr\/wp-json\/wp\/v2\/pa_animal?post=36500"},{"taxonomy":"pa_couleur","embeddable":true,"href":"https:\/\/petmobile.ca\/fr\/wp-json\/wp\/v2\/pa_couleur?post=36500"},{"taxonomy":"pa_duration","embeddable":true,"href":"https:\/\/petmobile.ca\/fr\/wp-json\/wp\/v2\/pa_duration?post=36500"},{"taxonomy":"pa_format","embeddable":true,"href":"https:\/\/petmobile.ca\/fr\/wp-json\/wp\/v2\/pa_format?post=36500"},{"taxonomy":"pa_marque","embeddable":true,"href":"https:\/\/petmobile.ca\/fr\/wp-json\/wp\/v2\/pa_marque?post=36500"},{"taxonomy":"pa_type-de-produit","embeddable":true,"href":"https:\/\/petmobile.ca\/fr\/wp-json\/wp\/v2\/pa_type-de-produit?post=36500"}],"curies":[{"name":"wp","href":"https:\/\/api.w.org\/{rel}","templated":true}]}}