{"id":36513,"date":"2020-07-08T11:15:36","date_gmt":"2020-07-08T16:17:39","guid":{"rendered":"https:\/\/petmobile.ca\/?post_type=product&#038;p=36513"},"modified":"2023-12-04T14:00:17","modified_gmt":"2023-12-04T19:00:17","slug":"pronature-life-chill-dinde-desossee","status":"publish","type":"product","link":"https:\/\/petmobile.ca\/fr\/produit\/pronature-life-chill-dinde-desossee\/","title":{"rendered":"Pronature Life <br> Chill &#8211; Dinde d\u00e9soss\u00e9e"},"content":{"rendered":"<p><strong>INGR\u00c9DIENTS\u00a0:<\/strong><\/p>\n<p>Farine de poulet, pois, avoine, dinde d\u00e9soss\u00e9e, gras de poulet conserv\u00e9 avec un m\u00e9lange de tocoph\u00e9rols, orge d\u00e9cortiqu\u00e9e, luzerne s\u00e9ch\u00e9e, fibre de pois, saveur naturelle, l\u00e9cithine, huile de menhaden, phosphate monocalcique, DL-m\u00e9thionine, bisulfate de sodium, chlorure de choline, sel, taurine, sulfate ferreux, ac\u00e9tate d\u2019alpha-tocoph\u00e9rol (une source de vitamine E), oxyde de zinc, poudre de lactos\u00e9rum, canneberges s\u00e9ch\u00e9es, niacine, extrait de camomille, extrait de romarin, graines de chia, citrouille, moule verte de Nouvelle-Z\u00e9lande, prot\u00e9inate de zinc, oxyde manganeux, prot\u00e9inate de mangan\u00e8se, pantoth\u00e9nate de d-calcium, mononitrate de thiamine, riboflavine, chlorhydrate de pyridoxine, ac\u00e9tate de r\u00e9tinol, prot\u00e9inate de cuivre, chol\u00e9calcif\u00e9rol (une source de vitamine D3), biotine, s\u00e9l\u00e9nite de sodium, suppl\u00e9ment de vitamine B12, iodate de calcium, acide folique.<\/p>\n<p><strong>ANALYSES GARANTIES\u00a0:<\/strong><\/p>\n<p>Prot\u00e9ines brutes 29 % minimum, mati\u00e8res grasses brutes 15 % minimum, fibres brutes 5 % maximum, humidit\u00e9 10 % maximum, cendres 8 % maximum, calcium 1,2 % minimum,<br \/>\nphosphore 0,9 % minimum, sodium 0,28 % minimum, magn\u00e9sium 0,13 % maximum, vitamine A 18 000 UI\/kg minimum, vitamine D3 1 700 UI\/kg minimum, vitamine E 75 UI\/kg minimum.<\/p>\n","protected":false},"excerpt":{"rendered":"<p>INGR\u00c9DIENTS\u00a0: Farine de poulet, pois, avoine, dinde d\u00e9soss\u00e9e, gras de poulet conserv\u00e9 avec un m\u00e9lange de tocoph\u00e9rols, orge d\u00e9cortiqu\u00e9e, luzerne<\/p>\n","protected":false},"featured_media":36510,"comment_status":"closed","ping_status":"closed","template":"","meta":[],"product_brand":[],"product_cat":[1092,1093,1094],"product_tag":[2115],"pa_animal":[1847],"pa_couleur":[],"pa_duration":[],"pa_format":[2084,2020],"pa_marque":[2087],"pa_type-de-produit":[],"class_list":{"0":"post-36513","1":"product","2":"type-product","3":"status-publish","4":"has-post-thumbnail","6":"product_cat-produits-pour-chat","7":"product_cat-chat-nourriture","8":"product_cat-chat-nourriture-seche","9":"product_tag-pronature-fr-2","10":"pa_animal-chat","11":"pa_format-2-27kg-fr","12":"pa_format-5kg","13":"pa_marque-pronature-fr","14":"has-subscription-plans","16":"first","17":"instock","18":"taxable","19":"shipping-taxable","20":"purchasable","21":"product-type-variable","22":"has-default-attributes"},"aioseo_notices":[],"_links":{"self":[{"href":"https:\/\/petmobile.ca\/fr\/wp-json\/wp\/v2\/product\/36513","targetHints":{"allow":["GET"]}}],"collection":[{"href":"https:\/\/petmobile.ca\/fr\/wp-json\/wp\/v2\/product"}],"about":[{"href":"https:\/\/petmobile.ca\/fr\/wp-json\/wp\/v2\/types\/product"}],"replies":[{"embeddable":true,"href":"https:\/\/petmobile.ca\/fr\/wp-json\/wp\/v2\/comments?post=36513"}],"wp:featuredmedia":[{"embeddable":true,"href":"https:\/\/petmobile.ca\/fr\/wp-json\/wp\/v2\/media\/36510"}],"wp:attachment":[{"href":"https:\/\/petmobile.ca\/fr\/wp-json\/wp\/v2\/media?parent=36513"}],"wp:term":[{"taxonomy":"product_brand","embeddable":true,"href":"https:\/\/petmobile.ca\/fr\/wp-json\/wp\/v2\/product_brand?post=36513"},{"taxonomy":"product_cat","embeddable":true,"href":"https:\/\/petmobile.ca\/fr\/wp-json\/wp\/v2\/product_cat?post=36513"},{"taxonomy":"product_tag","embeddable":true,"href":"https:\/\/petmobile.ca\/fr\/wp-json\/wp\/v2\/product_tag?post=36513"},{"taxonomy":"pa_animal","embeddable":true,"href":"https:\/\/petmobile.ca\/fr\/wp-json\/wp\/v2\/pa_animal?post=36513"},{"taxonomy":"pa_couleur","embeddable":true,"href":"https:\/\/petmobile.ca\/fr\/wp-json\/wp\/v2\/pa_couleur?post=36513"},{"taxonomy":"pa_duration","embeddable":true,"href":"https:\/\/petmobile.ca\/fr\/wp-json\/wp\/v2\/pa_duration?post=36513"},{"taxonomy":"pa_format","embeddable":true,"href":"https:\/\/petmobile.ca\/fr\/wp-json\/wp\/v2\/pa_format?post=36513"},{"taxonomy":"pa_marque","embeddable":true,"href":"https:\/\/petmobile.ca\/fr\/wp-json\/wp\/v2\/pa_marque?post=36513"},{"taxonomy":"pa_type-de-produit","embeddable":true,"href":"https:\/\/petmobile.ca\/fr\/wp-json\/wp\/v2\/pa_type-de-produit?post=36513"}],"curies":[{"name":"wp","href":"https:\/\/api.w.org\/{rel}","templated":true}]}}