{"id":36516,"date":"2020-07-08T11:28:18","date_gmt":"2020-07-08T16:28:18","guid":{"rendered":"https:\/\/petmobile.ca\/?post_type=product&#038;p=36516"},"modified":"2025-01-17T12:14:15","modified_gmt":"2025-01-17T17:14:15","slug":"pronature-chill-dinde-desosse","status":"publish","type":"product","link":"https:\/\/petmobile.ca\/fr\/produit\/pronature-chill-dinde-desosse\/","title":{"rendered":"Pronature Life <br> Chill &#8211; Dinde d\u00e9soss\u00e9"},"content":{"rendered":"<p><strong>INGR\u00c9DIENTS\u00a0:<\/strong><\/p>\n<p>Farine de poulet, pois, avoine, dinde d\u00e9soss\u00e9e, gras de poulet conserv\u00e9 naturellement avec un m\u00e9lange de tocoph\u00e9rols, pulpe de betteraves s\u00e9ch\u00e9e, orge d\u00e9cortiqu\u00e9e, luzerne s\u00e9ch\u00e9e, saveur naturelle, phosphate monocalcique, l\u00e9cithine, huile de menhaden, sel, chlorure de choline, carbonate de calcium, sulfate ferreux, ac\u00e9tate d\u2019alpha-tocoph\u00e9rol (une source de vitamine E), oxyde de zinc, camomille, extrait de romarin, graines de chia, citrouille, moule verte, oxyde manganeux, acide nicotinique, pantoth\u00e9nate de d-calcium, prot\u00e9inate de zinc, suppl\u00e9ment de vitamine A, chol\u00e9calcif\u00e9rol (une source de vitamine D3), mononitrate de thiamine, prot\u00e9inate de mangan\u00e8se, biotine, s\u00e9l\u00e9nite de sodium, riboflavine, prot\u00e9inate de cuivre, chlorhydrate de pyridoxine, suppl\u00e9ment de vitamine B12, iodate de calcium, acide folique.<\/p>\n<p><strong>ANALYSES GARANTIES\u00a0:<\/strong><\/p>\n<p>Prot\u00e9ines brutes 25 % minimum, mati\u00e8res grasses brutes 15 % minimum, fibres brutes 6 % maximum, humidit\u00e9 10 % maximum, cendres 7,5 % maximum, calcium 1,15 % minimum, phosphore 0,92 % minimum, sodium 0,3 % minimum, vitamine A 18 000 UI\/kg minimum, vitamine D3 1700 UI\/kg minimum, vitamine E 100 UI\/kg minimum, tryptophan 0,3<\/p>\n","protected":false},"excerpt":{"rendered":"<p>INGR\u00c9DIENTS\u00a0: Farine de poulet, pois, avoine, dinde d\u00e9soss\u00e9e, gras de poulet conserv\u00e9 naturellement avec un m\u00e9lange de tocoph\u00e9rols, pulpe de<\/p>\n","protected":false},"featured_media":36517,"comment_status":"closed","ping_status":"closed","template":"","meta":[],"product_brand":[],"product_cat":[1109,1110,1111],"product_tag":[2115],"pa_animal":[1848],"pa_couleur":[],"pa_duration":[],"pa_format":[2085,2084],"pa_marque":[2087],"pa_type-de-produit":[],"class_list":{"0":"post-36516","1":"product","2":"type-product","3":"status-publish","4":"has-post-thumbnail","6":"product_cat-nourriture-et-produits-pour-chien","7":"product_cat-chien-nourriture","8":"product_cat-chien-nourriture-seche","9":"product_tag-pronature-fr-2","10":"pa_animal-chien","11":"pa_format-11-3kg-fr","12":"pa_format-2-27kg-fr","13":"pa_marque-pronature-fr","14":"has-subscription-plans","16":"first","17":"instock","18":"taxable","19":"shipping-taxable","20":"purchasable","21":"product-type-variable"},"aioseo_notices":[],"_links":{"self":[{"href":"https:\/\/petmobile.ca\/fr\/wp-json\/wp\/v2\/product\/36516","targetHints":{"allow":["GET"]}}],"collection":[{"href":"https:\/\/petmobile.ca\/fr\/wp-json\/wp\/v2\/product"}],"about":[{"href":"https:\/\/petmobile.ca\/fr\/wp-json\/wp\/v2\/types\/product"}],"replies":[{"embeddable":true,"href":"https:\/\/petmobile.ca\/fr\/wp-json\/wp\/v2\/comments?post=36516"}],"wp:featuredmedia":[{"embeddable":true,"href":"https:\/\/petmobile.ca\/fr\/wp-json\/wp\/v2\/media\/36517"}],"wp:attachment":[{"href":"https:\/\/petmobile.ca\/fr\/wp-json\/wp\/v2\/media?parent=36516"}],"wp:term":[{"taxonomy":"product_brand","embeddable":true,"href":"https:\/\/petmobile.ca\/fr\/wp-json\/wp\/v2\/product_brand?post=36516"},{"taxonomy":"product_cat","embeddable":true,"href":"https:\/\/petmobile.ca\/fr\/wp-json\/wp\/v2\/product_cat?post=36516"},{"taxonomy":"product_tag","embeddable":true,"href":"https:\/\/petmobile.ca\/fr\/wp-json\/wp\/v2\/product_tag?post=36516"},{"taxonomy":"pa_animal","embeddable":true,"href":"https:\/\/petmobile.ca\/fr\/wp-json\/wp\/v2\/pa_animal?post=36516"},{"taxonomy":"pa_couleur","embeddable":true,"href":"https:\/\/petmobile.ca\/fr\/wp-json\/wp\/v2\/pa_couleur?post=36516"},{"taxonomy":"pa_duration","embeddable":true,"href":"https:\/\/petmobile.ca\/fr\/wp-json\/wp\/v2\/pa_duration?post=36516"},{"taxonomy":"pa_format","embeddable":true,"href":"https:\/\/petmobile.ca\/fr\/wp-json\/wp\/v2\/pa_format?post=36516"},{"taxonomy":"pa_marque","embeddable":true,"href":"https:\/\/petmobile.ca\/fr\/wp-json\/wp\/v2\/pa_marque?post=36516"},{"taxonomy":"pa_type-de-produit","embeddable":true,"href":"https:\/\/petmobile.ca\/fr\/wp-json\/wp\/v2\/pa_type-de-produit?post=36516"}],"curies":[{"name":"wp","href":"https:\/\/api.w.org\/{rel}","templated":true}]}}