{"id":36588,"date":"2020-07-13T08:16:53","date_gmt":"2020-07-13T13:19:13","guid":{"rendered":"https:\/\/petmobile.ca\/?post_type=product&#038;p=36588"},"modified":"2021-12-23T13:49:05","modified_gmt":"2021-12-23T18:49:05","slug":"pronature-life-moov-poulet-desosse","status":"publish","type":"product","link":"https:\/\/petmobile.ca\/fr\/produit\/pronature-life-moov-poulet-desosse\/","title":{"rendered":"Pronature Life <br> MOOV &#8211; Poulet d\u00e9soss\u00e9"},"content":{"rendered":"<p><strong>INGR\u00c9DIENTS\u00a0:<\/strong><\/p>\n<p>Farine de poulet, pois, avoine, gras de poulet conserv\u00e9 avec un m\u00e9lange de tocoph\u00e9rols, poulet d\u00e9soss\u00e9, farine de poisson, orge d\u00e9cortiqu\u00e9e, luzerne s\u00e9ch\u00e9e, saveur naturelle, l\u00e9cithine, fibre de pois, sel, oeuf d\u00e9shydrat\u00e9, phosphate monosodique, carbonate de calcium, sulfate ferreux, ac\u00e9tate d\u2019alpha-tocoph\u00e9rol (une source de vitamine E), oxyde de zinc, poudre de lactos\u00e9rum, extrait de romarin, oxyde manganeux, niacine, pantoth\u00e9nate de d-calcium, prot\u00e9inate de zinc, ac\u00e9tate de r\u00e9tinol, chol\u00e9calcif\u00e9rol (une source de vitamine D3), mononitrate de thiamine, biotine, s\u00e9l\u00e9nite de sodium, prot\u00e9inate de mangan\u00e8se, riboflavine, chlorhydrate de pyridoxine, suppl\u00e9ment de vitamine B12, graines de chia, noix de coco s\u00e9ch\u00e9e, moule verte de Nouvelle- Z\u00e9lande, poire s\u00e9ch\u00e9e, varech s\u00e9ch\u00e9, prot\u00e9inate de cuivre, iodate de calcium, acide folique.<\/p>\n<p><strong>ANALYSES GARANTIES\u00a0:<\/strong><\/p>\n<p>Prot\u00e9ines brutes 29 % minimum, mati\u00e8res grasses brutes 17 % minimum, fibres brutes 5,5 % maximum, humidit\u00e9 10 % maximum, cendres 9 % maximum, calcium 1,3 % minimum, phosphore 0,9 % minimum, sodium 0,28 % minimum, magn\u00e9sium 0,13 % maximum, vitamine A 18 000 UI\/kg minimum, vitamine D3 1 700 UI\/kg minimum, vitamine E 100 UI\/kg minimum.<\/p>\n","protected":false},"excerpt":{"rendered":"<p>INGR\u00c9DIENTS\u00a0: Farine de poulet, pois, avoine, gras de poulet conserv\u00e9 avec un m\u00e9lange de tocoph\u00e9rols, poulet d\u00e9soss\u00e9, farine de poisson,<\/p>\n","protected":false},"featured_media":36585,"comment_status":"closed","ping_status":"closed","template":"","meta":[],"product_brand":[],"product_cat":[1109,1110,1111],"product_tag":[2115],"pa_animal":[1848],"pa_couleur":[],"pa_duration":[],"pa_format":[2085,2084],"pa_marque":[2087],"pa_type-de-produit":[],"class_list":{"0":"post-36588","1":"product","2":"type-product","3":"status-publish","4":"has-post-thumbnail","6":"product_cat-nourriture-et-produits-pour-chien","7":"product_cat-chien-nourriture","8":"product_cat-chien-nourriture-seche","9":"product_tag-pronature-fr-2","10":"pa_animal-chien","11":"pa_format-11-3kg-fr","12":"pa_format-2-27kg-fr","13":"pa_marque-pronature-fr","14":"has-subscription-plans","16":"first","17":"instock","18":"taxable","19":"shipping-taxable","20":"purchasable","21":"product-type-variable","22":"has-default-attributes"},"aioseo_notices":[],"_links":{"self":[{"href":"https:\/\/petmobile.ca\/fr\/wp-json\/wp\/v2\/product\/36588","targetHints":{"allow":["GET"]}}],"collection":[{"href":"https:\/\/petmobile.ca\/fr\/wp-json\/wp\/v2\/product"}],"about":[{"href":"https:\/\/petmobile.ca\/fr\/wp-json\/wp\/v2\/types\/product"}],"replies":[{"embeddable":true,"href":"https:\/\/petmobile.ca\/fr\/wp-json\/wp\/v2\/comments?post=36588"}],"wp:featuredmedia":[{"embeddable":true,"href":"https:\/\/petmobile.ca\/fr\/wp-json\/wp\/v2\/media\/36585"}],"wp:attachment":[{"href":"https:\/\/petmobile.ca\/fr\/wp-json\/wp\/v2\/media?parent=36588"}],"wp:term":[{"taxonomy":"product_brand","embeddable":true,"href":"https:\/\/petmobile.ca\/fr\/wp-json\/wp\/v2\/product_brand?post=36588"},{"taxonomy":"product_cat","embeddable":true,"href":"https:\/\/petmobile.ca\/fr\/wp-json\/wp\/v2\/product_cat?post=36588"},{"taxonomy":"product_tag","embeddable":true,"href":"https:\/\/petmobile.ca\/fr\/wp-json\/wp\/v2\/product_tag?post=36588"},{"taxonomy":"pa_animal","embeddable":true,"href":"https:\/\/petmobile.ca\/fr\/wp-json\/wp\/v2\/pa_animal?post=36588"},{"taxonomy":"pa_couleur","embeddable":true,"href":"https:\/\/petmobile.ca\/fr\/wp-json\/wp\/v2\/pa_couleur?post=36588"},{"taxonomy":"pa_duration","embeddable":true,"href":"https:\/\/petmobile.ca\/fr\/wp-json\/wp\/v2\/pa_duration?post=36588"},{"taxonomy":"pa_format","embeddable":true,"href":"https:\/\/petmobile.ca\/fr\/wp-json\/wp\/v2\/pa_format?post=36588"},{"taxonomy":"pa_marque","embeddable":true,"href":"https:\/\/petmobile.ca\/fr\/wp-json\/wp\/v2\/pa_marque?post=36588"},{"taxonomy":"pa_type-de-produit","embeddable":true,"href":"https:\/\/petmobile.ca\/fr\/wp-json\/wp\/v2\/pa_type-de-produit?post=36588"}],"curies":[{"name":"wp","href":"https:\/\/api.w.org\/{rel}","templated":true}]}}