{"id":36605,"date":"2020-07-13T09:20:08","date_gmt":"2020-07-13T14:22:03","guid":{"rendered":"https:\/\/petmobile.ca\/?post_type=product&#038;p=36605"},"modified":"2023-01-19T11:56:19","modified_gmt":"2023-01-19T16:56:19","slug":"pronature-original-chaton-recette-poulet","status":"publish","type":"product","link":"https:\/\/petmobile.ca\/fr\/produit\/pronature-original-chaton-recette-poulet\/","title":{"rendered":"Pronature Original <br> Chaton &#8211; Recette poulet"},"content":{"rendered":"<p><strong>INGR\u00c9DIENTS :<\/strong><\/p>\n<p>Farine de poulet, ma\u00efs, gras de poulet conserv\u00e9 naturellement avec un m\u00e9lange de tocoph\u00e9rols, avoine, pulpe de betteraves s\u00e9ch\u00e9e, farine de gluten de ma\u00efs, graines de lin enti\u00e8res, saveur naturelle, fibre de pois, l\u00e9cithine, huile de menhaden (une source d\u2019ADH), sel, chlorure de choline, chlorure de potassium, bisulfate de sodium, propionate de calcium (comme agent de conservation), DL-m\u00e9thionine, taurine, sulfate ferreux, ac\u00e9tate d\u2019alpha-tocoph\u00e9rol (une source de vitamine E), oxyde de zinc, extrait de Yucca schidigera, acide nicotinique, canneberges s\u00e9ch\u00e9es, extrait de romarin, oxyde manganeux, pantoth\u00e9nate de d-calcium, prot\u00e9inate de zinc, mononitrate de thiamine, riboflavine, chlorhydrate de pyridoxine, suppl\u00e9ment de vitamine A, chol\u00e9calcif\u00e9rol (une source de vitamine D3), prot\u00e9inate de mangan\u00e8se, biotine, s\u00e9l\u00e9nite de sodium, prot\u00e9inate de cuivre, suppl\u00e9ment de vitamine B12, iodate de calcium, acide folique.<\/p>\n<p><strong>ANALYSES GARANTIES :<\/strong><\/p>\n<p>Prot\u00e9ines brutes 30 % minimum, mati\u00e8res grasses brutes 18 % minimum, fibres brutes 4 % maximum, humidit\u00e9 10 % maximum, cendres 8 % maximum, calcium 1,25 % minimum, phosphore 0,9 % minimum, sodium 0,28 % minimum, magn\u00e9sium 0,12 % maximum, vitamine A 15 000 UI\/kg minimum, vitamine D3 1400 UI\/kg minimum, vitamine E 65 UI\/kg minimum, acide docosahexaenoique (ADH) 0,05 % minimum.<\/p>\n","protected":false},"excerpt":{"rendered":"<p>INGR\u00c9DIENTS : Farine de poulet, ma\u00efs, gras de poulet conserv\u00e9 naturellement avec un m\u00e9lange de tocoph\u00e9rols, avoine, pulpe de betteraves<\/p>\n","protected":false},"featured_media":36604,"comment_status":"closed","ping_status":"closed","template":"","meta":[],"product_brand":[],"product_cat":[1092,1093,1094],"product_tag":[2115],"pa_animal":[2094],"pa_couleur":[],"pa_duration":[],"pa_format":[2019],"pa_marque":[2087],"pa_type-de-produit":[],"class_list":{"0":"post-36605","1":"product","2":"type-product","3":"status-publish","4":"has-post-thumbnail","6":"product_cat-produits-pour-chat","7":"product_cat-chat-nourriture","8":"product_cat-chat-nourriture-seche","9":"product_tag-pronature-fr-2","10":"pa_animal-chaton","11":"pa_format-2-27kg","12":"pa_marque-pronature-fr","13":"has-subscription-plans","15":"first","16":"instock","17":"taxable","18":"shipping-taxable","19":"purchasable","20":"product-type-simple"},"aioseo_notices":[],"_links":{"self":[{"href":"https:\/\/petmobile.ca\/fr\/wp-json\/wp\/v2\/product\/36605","targetHints":{"allow":["GET"]}}],"collection":[{"href":"https:\/\/petmobile.ca\/fr\/wp-json\/wp\/v2\/product"}],"about":[{"href":"https:\/\/petmobile.ca\/fr\/wp-json\/wp\/v2\/types\/product"}],"replies":[{"embeddable":true,"href":"https:\/\/petmobile.ca\/fr\/wp-json\/wp\/v2\/comments?post=36605"}],"wp:featuredmedia":[{"embeddable":true,"href":"https:\/\/petmobile.ca\/fr\/wp-json\/wp\/v2\/media\/36604"}],"wp:attachment":[{"href":"https:\/\/petmobile.ca\/fr\/wp-json\/wp\/v2\/media?parent=36605"}],"wp:term":[{"taxonomy":"product_brand","embeddable":true,"href":"https:\/\/petmobile.ca\/fr\/wp-json\/wp\/v2\/product_brand?post=36605"},{"taxonomy":"product_cat","embeddable":true,"href":"https:\/\/petmobile.ca\/fr\/wp-json\/wp\/v2\/product_cat?post=36605"},{"taxonomy":"product_tag","embeddable":true,"href":"https:\/\/petmobile.ca\/fr\/wp-json\/wp\/v2\/product_tag?post=36605"},{"taxonomy":"pa_animal","embeddable":true,"href":"https:\/\/petmobile.ca\/fr\/wp-json\/wp\/v2\/pa_animal?post=36605"},{"taxonomy":"pa_couleur","embeddable":true,"href":"https:\/\/petmobile.ca\/fr\/wp-json\/wp\/v2\/pa_couleur?post=36605"},{"taxonomy":"pa_duration","embeddable":true,"href":"https:\/\/petmobile.ca\/fr\/wp-json\/wp\/v2\/pa_duration?post=36605"},{"taxonomy":"pa_format","embeddable":true,"href":"https:\/\/petmobile.ca\/fr\/wp-json\/wp\/v2\/pa_format?post=36605"},{"taxonomy":"pa_marque","embeddable":true,"href":"https:\/\/petmobile.ca\/fr\/wp-json\/wp\/v2\/pa_marque?post=36605"},{"taxonomy":"pa_type-de-produit","embeddable":true,"href":"https:\/\/petmobile.ca\/fr\/wp-json\/wp\/v2\/pa_type-de-produit?post=36605"}],"curies":[{"name":"wp","href":"https:\/\/api.w.org\/{rel}","templated":true}]}}